{"id":743154,"date":"2025-03-03T18:27:48","date_gmt":"2025-03-03T17:27:48","guid":{"rendered":"https:\/\/stoic-curie.212-227-153-4.plesk.page\/producto\/skoljkasti-odzracnik-tanka-sa-gazom-maestrini-kromirani-mesing-2-bsp\/"},"modified":"2026-02-25T00:01:07","modified_gmt":"2026-02-25T00:01:07","slug":"skoljkasti-odzracnik-tanka-sa-gazom-maestrini-kromirani-mesing-2-bsp","status":"publish","type":"product","link":"https:\/\/stoic-curie.212-227-153-4.plesk.page\/hr\/product\/skoljkasti-odzracnik-tanka-sa-gazom-maestrini-kromirani-mesing-2-bsp\/","title":{"rendered":"\u0160koljkasti odzra\u010dnik tanka, sa gazom, Maestrini kromirani mesing (2&#8243; BSP)"},"content":{"rendered":"<p>\u0160koljkasti odzra\u010dnik tanka, sa gazom, Maestrini kromirani mesing (2&#8243; BSP) &#8211; <\/p>\n<div class=\"col-24 col-md-15\">\n<p>Maestrini ventil za spremnik izra\u0111en je od kromiranog mesinga i prikladan je za kori\u0161tenje kao prolazni ventil za spremnike goriva, spremnike slatke vode i spremnike otpadnih voda. Ventil s navojem dolazi s mre\u017eicom od nehr\u0111aju\u0107eg \u010delika otporne na plamen, kao i s maticom i podlo\u0161kom od mesinga.<\/p>\n<\/div>\n<h3>Specifikacije<\/h3>\n<table class=\"table\">\n<tbody>\n<tr>\n<td><strong>Duljina<\/strong><\/td>\n<td>Ukupno: 126mm, Navoj: 91.5mm<\/td>\n<\/tr>\n<tr>\n<td><strong>Marka<\/strong><\/td>\n<td>Maestrini<\/td>\n<\/tr>\n<tr>\n<td><strong>Dr\u017eava podrijetla<\/strong><\/td>\n<td>Italija<\/td>\n<\/tr>\n<tr>\n<td><strong>Za\u0161tita od plamena<\/strong><\/td>\n<td>Da<\/td>\n<\/tr>\n<tr>\n<td><strong>Gradnja<\/strong><\/td>\n<td>Kromirani mesing<\/td>\n<\/tr>\n<tr>\n<td><strong>Ocjena pritiska<\/strong><\/td>\n<td>363 PSI (25 Bar)<\/td>\n<\/tr>\n<tr>\n<td><strong>Oblik<\/strong><\/td>\n<td>Ravna<\/td>\n<\/tr>\n<tr>\n<td><strong>Veli\u010dina navoja<\/strong><\/td>\n<td>2&#8243; BSP Mu\u0161ki<\/td>\n<\/tr>\n<\/tbody>\n<\/table>\n","protected":false},"excerpt":{"rendered":"<p>\u0160koljkasti odzra\u010dnik tanka, sa gazom, Maestrini kromirani mesing (2&#8243; BSP) &#8211; Maestrini ventil za spremnik izra\u0111en je od kromiranog mesinga<\/p>\n","protected":false},"featured_media":5944807,"comment_status":"open","ping_status":"closed","template":"","meta":[],"product_brand":[3236],"product_cat":[1699,1800],"product_tag":[],"class_list":{"0":"post-743154","1":"product","2":"type-product","3":"status-publish","4":"has-post-thumbnail","6":"product_brand-osculati-hr","7":"product_cat-palubni-ventilacijski-otvori","8":"product_cat-spremnici-goriva","10":"first","11":"instock","12":"shipping-taxable","13":"purchasable","14":"product-type-simple"},"_links":{"self":[{"href":"https:\/\/stoic-curie.212-227-153-4.plesk.page\/hr\/wp-json\/wp\/v2\/product\/743154","targetHints":{"allow":["GET"]}}],"collection":[{"href":"https:\/\/stoic-curie.212-227-153-4.plesk.page\/hr\/wp-json\/wp\/v2\/product"}],"about":[{"href":"https:\/\/stoic-curie.212-227-153-4.plesk.page\/hr\/wp-json\/wp\/v2\/types\/product"}],"replies":[{"embeddable":true,"href":"https:\/\/stoic-curie.212-227-153-4.plesk.page\/hr\/wp-json\/wp\/v2\/comments?post=743154"}],"version-history":[{"count":0,"href":"https:\/\/stoic-curie.212-227-153-4.plesk.page\/hr\/wp-json\/wp\/v2\/product\/743154\/revisions"}],"wp:featuredmedia":[{"embeddable":true,"href":"https:\/\/stoic-curie.212-227-153-4.plesk.page\/hr\/wp-json\/wp\/v2\/media\/5944807"}],"wp:attachment":[{"href":"https:\/\/stoic-curie.212-227-153-4.plesk.page\/hr\/wp-json\/wp\/v2\/media?parent=743154"}],"wp:term":[{"taxonomy":"product_brand","embeddable":true,"href":"https:\/\/stoic-curie.212-227-153-4.plesk.page\/hr\/wp-json\/wp\/v2\/product_brand?post=743154"},{"taxonomy":"product_cat","embeddable":true,"href":"https:\/\/stoic-curie.212-227-153-4.plesk.page\/hr\/wp-json\/wp\/v2\/product_cat?post=743154"},{"taxonomy":"product_tag","embeddable":true,"href":"https:\/\/stoic-curie.212-227-153-4.plesk.page\/hr\/wp-json\/wp\/v2\/product_tag?post=743154"}],"curies":[{"name":"wp","href":"https:\/\/api.w.org\/{rel}","templated":true}]}}