{"id":743155,"date":"2025-03-03T18:27:48","date_gmt":"2025-03-03T17:27:48","guid":{"rendered":"https:\/\/stoic-curie.212-227-153-4.plesk.page\/producto\/rd-fleksibilna-spojka-910-002-za-4-yanmar\/"},"modified":"2026-02-25T00:01:07","modified_gmt":"2026-02-25T00:01:07","slug":"rd-fleksibilna-spojka-910-002-za-4-yanmar","status":"publish","type":"product","link":"https:\/\/stoic-curie.212-227-153-4.plesk.page\/hr\/product\/rd-fleksibilna-spojka-910-002-za-4-yanmar\/","title":{"rendered":"R&#038;D Fleksibilna spojka 910-002 za 4&#8243; Yanmar"},"content":{"rendered":"<p>R&#038;D Fleksibilna spojka 910-002 za 4&#8243; Yanmar &#8211; Fleksibilne spojnice za osovine brodskih propelera. Proizvedeno od strane R&#038;D Marine, fleksibilna spojka se postavlja izme\u0111u spojke osovine propelera broda i izlazne spojke mjenja\u010da. Ova fleksibilna spojka se sastoji od konturiranog fleksibilnog diska oblikovanog u novom tipu poliesterskog elastomera, koji je jak, ali otporan. Konturirani disk spojke omogu\u0107ava prostor za glave vijaka i omogu\u0107ava spojki da se slobodno savija kako bi se nadoknadila privremena neuskla\u0111enost motora i osovine propelera, uzrokovana savijanjem strukture broda ili pomicanjem motora na gumene nosa\u010de motora. Naprijed se vu\u010de u kompresiji na disku spojke izme\u0111u dviju polovina spojke osovine, a povratni prvenstveni rezultat opet se uzima u kompresiji na disku spojke izme\u0111u dviju sigurnosnih traka. Sigurnosna zna\u010dajka fleksibilnih spojki R&#038;D 910 serije je da u maloj vjerojatnosti kvara diska spojke \u010deli\u010dne trake \u010dine spojku sigurnom i osiguravaju da se pogon osovine propelera odr\u017eava kako naprijed tako i unatrag.<\/p>\n<p>**Dimenzije flan\u0161nog mjenja\u010da**<\/p>\n<p>&#8211; Promjer: 101,6 mm (4,00&#8243;)<br \/>\n&#8211; Broj vijaka flan\u0161a mjenja\u010da: 4<br \/>\n&#8211; Nominalni promjer rupe za vijak spojke: 10 mm (0,39&#8243;)<br \/>\n&#8211; PCD vijaka: 78 mm (3,07&#8243;)<br \/>\n&#8211; Promjer registracijske spojke: 50,0 mm (1,97&#8243;)<\/p>\n<p>**Detalji fleksibilne spojke**<\/p>\n<p>&#8211; Maksimalni promjer spojke: 114,3 mm (4,5&#8243;)<br \/>\n&#8211; Duljina: 32,5 mm (1,28&#8243;)<br \/>\n&#8211; Promjer vijka: M10<br \/>\n&#8211; Kapacitet po 100 okr\/min: 2,24 kW 3 HP<br \/>\n&#8211; Tipi\u010dne primjene: Yanmar Kanzaki mjenja\u010di<br \/>\n&#8211; Elektri\u010dne karakteristike: Fleksibilne spojke su po standardu neprovodljive<br \/>\n&#8211; Uzeman trak: 807737<\/p>\n<p>**Specifikacije**<\/p>\n<p>Primjena: Yanmar Kanzaki mjenja\u010di<br \/>\nKapacitet: 3HP (2,24KW) po 100 okr\/min<br \/>\nDuljina: 1,28&#8243; (32,5 mm)<br \/>\nMarka: R&#038;D Marine<br \/>\nPCD spojke: 3,07&#8243; \/ 78 mm<br \/>\nPromjer registracijske spojke: 1,97&#8243; \/ 50 mm<br \/>\nPromjer izlazne spojke mjenja\u010da: 4,00&#8243; \/ 101,6 mm<br \/>\nBroj pri\u010dvrsnih vijaka: 4<br \/>\nZemlja proizvodnje: Ujedinjeno Kraljevstvo<br \/>\nModel: 910-002<\/p>\n","protected":false},"excerpt":{"rendered":"<p>R&#038;D Fleksibilna spojka 910-002 za 4&#8243; Yanmar &#8211; Fleksibilne spojnice za osovine brodskih propelera. Proizvedeno od strane R&#038;D Marine, fleksibilna<\/p>\n","protected":false},"featured_media":5944809,"comment_status":"open","ping_status":"closed","template":"","meta":[],"product_brand":[3296],"product_cat":[1789],"product_tag":[],"class_list":{"0":"post-743155","1":"product","2":"type-product","3":"status-publish","4":"has-post-thumbnail","6":"product_brand-rd-marine-hr","7":"product_cat-prigusivac-i-spojnice","9":"first","10":"instock","11":"shipping-taxable","12":"purchasable","13":"product-type-simple"},"_links":{"self":[{"href":"https:\/\/stoic-curie.212-227-153-4.plesk.page\/hr\/wp-json\/wp\/v2\/product\/743155","targetHints":{"allow":["GET"]}}],"collection":[{"href":"https:\/\/stoic-curie.212-227-153-4.plesk.page\/hr\/wp-json\/wp\/v2\/product"}],"about":[{"href":"https:\/\/stoic-curie.212-227-153-4.plesk.page\/hr\/wp-json\/wp\/v2\/types\/product"}],"replies":[{"embeddable":true,"href":"https:\/\/stoic-curie.212-227-153-4.plesk.page\/hr\/wp-json\/wp\/v2\/comments?post=743155"}],"version-history":[{"count":0,"href":"https:\/\/stoic-curie.212-227-153-4.plesk.page\/hr\/wp-json\/wp\/v2\/product\/743155\/revisions"}],"wp:featuredmedia":[{"embeddable":true,"href":"https:\/\/stoic-curie.212-227-153-4.plesk.page\/hr\/wp-json\/wp\/v2\/media\/5944809"}],"wp:attachment":[{"href":"https:\/\/stoic-curie.212-227-153-4.plesk.page\/hr\/wp-json\/wp\/v2\/media?parent=743155"}],"wp:term":[{"taxonomy":"product_brand","embeddable":true,"href":"https:\/\/stoic-curie.212-227-153-4.plesk.page\/hr\/wp-json\/wp\/v2\/product_brand?post=743155"},{"taxonomy":"product_cat","embeddable":true,"href":"https:\/\/stoic-curie.212-227-153-4.plesk.page\/hr\/wp-json\/wp\/v2\/product_cat?post=743155"},{"taxonomy":"product_tag","embeddable":true,"href":"https:\/\/stoic-curie.212-227-153-4.plesk.page\/hr\/wp-json\/wp\/v2\/product_tag?post=743155"}],"curies":[{"name":"wp","href":"https:\/\/api.w.org\/{rel}","templated":true}]}}