{"id":743156,"date":"2025-03-03T18:27:49","date_gmt":"2025-03-03T17:27:49","guid":{"rendered":"https:\/\/stoic-curie.212-227-153-4.plesk.page\/producto\/rd-fleksibilna-spojka-910-012-za-yanmar\/"},"modified":"2026-02-25T00:01:07","modified_gmt":"2026-02-25T00:01:07","slug":"rd-fleksibilna-spojka-910-012-za-yanmar","status":"publish","type":"product","link":"https:\/\/stoic-curie.212-227-153-4.plesk.page\/hr\/product\/rd-fleksibilna-spojka-910-012-za-yanmar\/","title":{"rendered":"R&#038;D Fleksibilna spojka 910-012 za Yanmar"},"content":{"rendered":"<p>R&#038;D Fleksibilna spojka 910-012 za Yanmar &#8211; Fleksibilna spojka za osovinu brodskog propelera. Proizvedena od R&#038;D Marine, fleksibilna spojka se nalazi izme\u0111u spojke osovine propelera broda i spojke izlaza mjenja\u010da. Ova fleksibilna spojka sastoji se od oblo\u017eenog fleksibilnog diska oblikovanog od izdr\u017eljivog ali elasti\u010dnog elastomera od poliestre. Oblikovani disk spojke osigurava prostor za glave vijaka i omogu\u0107ava spojci da se slobodno savija kako bi kompenzirala privremenu neuskla\u0111enost motora i osovine propelera, uzrokovanu savijanjem strukture broda ili pomicanjem motora na gumene nosa\u010de motora. Prednji potisak se preuzima u kompresiji na disku spojke izme\u0111u dva dijela spojke osovine, a stra\u017enji potisak ponovo se preuzima u kompresiji na disku spojke izme\u0111u dva sigurnosna remena. Sigurnosna zna\u010dajka fleksibilnih spojki R&#038;D serije 910 je da, u nevjerojatnom slu\u010daju kvara diska spojke, \u010deli\u010dne trake \u010dine spojku sigurnom i osiguravaju da se pogon osovine propelera odr\u017eava kako unaprijed, tako i unazad. Tehni\u010dki podaci: Primjena: Yanmar KBW &#038; KM prijenosnici; Kapacitet: 10HP (7,46KW) po 100 RPM; Duljina: 1,77&#8243; (45 mm); Marka: R&#038;D Marine; PCD spojke: 3,93&#8243; \/ 100 mm; Promjer registra spojke: 2,56&#8243; \/ 65 mm; Promjer izlazne spojke mjenja\u010da: 5,00&#8243; \/ 127 mm; Broj vijaka za u\u010dvr\u0161\u0107enje: 4; Zemlja podrijetla: Ujedinjeno Kraljevstvo; Model: 910-012.<\/p>\n","protected":false},"excerpt":{"rendered":"<p>R&#038;D Fleksibilna spojka 910-012 za Yanmar &#8211; Fleksibilna spojka za osovinu brodskog propelera. Proizvedena od R&#038;D Marine, fleksibilna spojka se<\/p>\n","protected":false},"featured_media":5944810,"comment_status":"open","ping_status":"closed","template":"","meta":[],"product_brand":[3296],"product_cat":[1789,1816],"product_tag":[],"class_list":{"0":"post-743156","1":"product","2":"type-product","3":"status-publish","4":"has-post-thumbnail","6":"product_brand-rd-marine-hr","7":"product_cat-prigusivac-i-spojnice","8":"product_cat-rezervni-dijelovi-za-motore-yanmar","10":"first","11":"outofstock","12":"shipping-taxable","13":"purchasable","14":"product-type-simple"},"_links":{"self":[{"href":"https:\/\/stoic-curie.212-227-153-4.plesk.page\/hr\/wp-json\/wp\/v2\/product\/743156","targetHints":{"allow":["GET"]}}],"collection":[{"href":"https:\/\/stoic-curie.212-227-153-4.plesk.page\/hr\/wp-json\/wp\/v2\/product"}],"about":[{"href":"https:\/\/stoic-curie.212-227-153-4.plesk.page\/hr\/wp-json\/wp\/v2\/types\/product"}],"replies":[{"embeddable":true,"href":"https:\/\/stoic-curie.212-227-153-4.plesk.page\/hr\/wp-json\/wp\/v2\/comments?post=743156"}],"version-history":[{"count":0,"href":"https:\/\/stoic-curie.212-227-153-4.plesk.page\/hr\/wp-json\/wp\/v2\/product\/743156\/revisions"}],"wp:featuredmedia":[{"embeddable":true,"href":"https:\/\/stoic-curie.212-227-153-4.plesk.page\/hr\/wp-json\/wp\/v2\/media\/5944810"}],"wp:attachment":[{"href":"https:\/\/stoic-curie.212-227-153-4.plesk.page\/hr\/wp-json\/wp\/v2\/media?parent=743156"}],"wp:term":[{"taxonomy":"product_brand","embeddable":true,"href":"https:\/\/stoic-curie.212-227-153-4.plesk.page\/hr\/wp-json\/wp\/v2\/product_brand?post=743156"},{"taxonomy":"product_cat","embeddable":true,"href":"https:\/\/stoic-curie.212-227-153-4.plesk.page\/hr\/wp-json\/wp\/v2\/product_cat?post=743156"},{"taxonomy":"product_tag","embeddable":true,"href":"https:\/\/stoic-curie.212-227-153-4.plesk.page\/hr\/wp-json\/wp\/v2\/product_tag?post=743156"}],"curies":[{"name":"wp","href":"https:\/\/api.w.org\/{rel}","templated":true}]}}