{"id":743157,"date":"2025-03-03T18:27:49","date_gmt":"2025-03-03T17:27:49","guid":{"rendered":"https:\/\/stoic-curie.212-227-153-4.plesk.page\/producto\/rd-fleksibilna-spojnica-910-037-za-yanmar-kopcu\/"},"modified":"2026-02-25T00:01:07","modified_gmt":"2026-02-25T00:01:07","slug":"rd-fleksibilna-spojnica-910-037-za-yanmar-kopcu","status":"publish","type":"product","link":"https:\/\/stoic-curie.212-227-153-4.plesk.page\/hr\/product\/rd-fleksibilna-spojnica-910-037-za-yanmar-kopcu\/","title":{"rendered":"R&#038;D Fleksibilna spojnica 910-037 za Yanmar kop\u010du"},"content":{"rendered":"<p>R&#038;D Fleksibilna spojnica 910-037 za Yanmar kop\u010du &#8211; Fleksibilna spojka za osovinu brodskog propelera. Proizvedena od R&#038;D Marine, fleksibilna spojka se postavlja izme\u0111u spojke osovine brodskog propelera i spojke izlaza Yanmar KM mjenja\u010da. Ova fleksibilna spojka se sastoji od konturiranog fleksibilnog diska oblikovanog u \u010dvrstom, ali izdr\u017eljivom novom elastomeru od poliester. Konturirani disk spojke pru\u017ea prostor za glave vijaka i omogu\u0107ava spojki da se slobodno savija kako bi nadoknadila svako privremeno nepravilno poravnanje motora i osovine propelera, koje nastaje uslijed savijanja strukture broda ili kretanja motora na njegovim gumenim nosa\u010dima. Prednji potisak se preuzima u kompresiji na disku spojke izme\u0111u dviju polu spojki osovine, a stra\u017enji potisak tako\u0111er se preuzima u kompresiji na disku spojke izme\u0111u dviju sigurnosnih remena. Sigurnosna zna\u010dajka fleksibilnih spojki R&#038;D 910 serije je da, u malo vjerojatnom slu\u010daju kvara diska spojke, \u010deli\u010dne trake \u010dine spojku sigurnom i osiguravaju odr\u017eavanje pogona osovine propelera kako naprijed, tako i unatrag.<\/p>\n","protected":false},"excerpt":{"rendered":"<p>R&#038;D Fleksibilna spojnica 910-037 za Yanmar kop\u010du &#8211; Fleksibilna spojka za osovinu brodskog propelera. Proizvedena od R&#038;D Marine, fleksibilna spojka<\/p>\n","protected":false},"featured_media":5944811,"comment_status":"open","ping_status":"closed","template":"","meta":[],"product_brand":[3296],"product_cat":[1789,1816],"product_tag":[],"class_list":{"0":"post-743157","1":"product","2":"type-product","3":"status-publish","4":"has-post-thumbnail","6":"product_brand-rd-marine-hr","7":"product_cat-prigusivac-i-spojnice","8":"product_cat-rezervni-dijelovi-za-motore-yanmar","10":"first","11":"instock","12":"shipping-taxable","13":"purchasable","14":"product-type-simple"},"_links":{"self":[{"href":"https:\/\/stoic-curie.212-227-153-4.plesk.page\/hr\/wp-json\/wp\/v2\/product\/743157","targetHints":{"allow":["GET"]}}],"collection":[{"href":"https:\/\/stoic-curie.212-227-153-4.plesk.page\/hr\/wp-json\/wp\/v2\/product"}],"about":[{"href":"https:\/\/stoic-curie.212-227-153-4.plesk.page\/hr\/wp-json\/wp\/v2\/types\/product"}],"replies":[{"embeddable":true,"href":"https:\/\/stoic-curie.212-227-153-4.plesk.page\/hr\/wp-json\/wp\/v2\/comments?post=743157"}],"version-history":[{"count":0,"href":"https:\/\/stoic-curie.212-227-153-4.plesk.page\/hr\/wp-json\/wp\/v2\/product\/743157\/revisions"}],"wp:featuredmedia":[{"embeddable":true,"href":"https:\/\/stoic-curie.212-227-153-4.plesk.page\/hr\/wp-json\/wp\/v2\/media\/5944811"}],"wp:attachment":[{"href":"https:\/\/stoic-curie.212-227-153-4.plesk.page\/hr\/wp-json\/wp\/v2\/media?parent=743157"}],"wp:term":[{"taxonomy":"product_brand","embeddable":true,"href":"https:\/\/stoic-curie.212-227-153-4.plesk.page\/hr\/wp-json\/wp\/v2\/product_brand?post=743157"},{"taxonomy":"product_cat","embeddable":true,"href":"https:\/\/stoic-curie.212-227-153-4.plesk.page\/hr\/wp-json\/wp\/v2\/product_cat?post=743157"},{"taxonomy":"product_tag","embeddable":true,"href":"https:\/\/stoic-curie.212-227-153-4.plesk.page\/hr\/wp-json\/wp\/v2\/product_tag?post=743157"}],"curies":[{"name":"wp","href":"https:\/\/api.w.org\/{rel}","templated":true}]}}