{"id":743159,"date":"2025-03-03T18:27:49","date_gmt":"2025-03-03T17:27:49","guid":{"rendered":"https:\/\/stoic-curie.212-227-153-4.plesk.page\/producto\/driveforce-beneteau-jeanneau-prop-shaft-lezaj-25-x-40-x-120mm\/"},"modified":"2026-02-25T00:01:07","modified_gmt":"2026-02-25T00:01:07","slug":"driveforce-beneteau-jeanneau-prop-shaft-lezaj-25-x-40-x-120mm","status":"publish","type":"product","link":"https:\/\/stoic-curie.212-227-153-4.plesk.page\/hr\/product\/driveforce-beneteau-jeanneau-prop-shaft-lezaj-25-x-40-x-120mm\/","title":{"rendered":"DriveForce Beneteau Jeanneau Prop Shaft le\u017eaj (25 x 40 x 120mm)"},"content":{"rendered":"<p>DriveForce Beneteau Jeanneau Prop Shaft le\u017eaj (25 x 40 x 120mm) &#8211; Zamjenska \u010dahura za le\u017eaj propelera dizajnirana da zamijeni specijalni le\u017eaj propelera montiran na mnogim Beneteau jedrilicama, Jeanneau i Dufour. Ovaj le\u017eaj dolazi s kompletom od 2 nemetalne vij\u010dane spojnice. Ovaj le\u017eaj je za propelersku osovinu promjera 25 mm i ima vanjski promjer od 40 mm x 120 mm du\u017eine. (debljina 7,5 mm) <\/p>\n<h3>Tehni\u010dke specifikacije<\/h3>\n<table class=\"table\">\n<tbody>\n<tr>\n<td><strong>Duljina<\/strong><\/td>\n<td>120 mm<\/td>\n<\/tr>\n<tr>\n<td><strong>Marka<\/strong><\/td>\n<td>Drive Force<\/td>\n<\/tr>\n<tr>\n<td><strong>Veli\u010dina osovine<\/strong><\/td>\n<td>25 mm<\/td>\n<\/tr>\n<tr>\n<td><strong>Promjer<\/strong><\/td>\n<td>OD: 40 mm<\/td>\n<\/tr>\n<tr>\n<td><strong>Debljina<\/strong><\/td>\n<td>7,5 mm<\/td>\n<\/tr>\n<\/tbody>\n<\/table>\n","protected":false},"excerpt":{"rendered":"<p>DriveForce Beneteau Jeanneau Prop Shaft le\u017eaj (25 x 40 x 120mm) &#8211; Zamjenska \u010dahura za le\u017eaj propelera dizajnirana da zamijeni<\/p>\n","protected":false},"featured_media":5944819,"comment_status":"open","ping_status":"closed","template":"","meta":[],"product_brand":[2244,3226],"product_cat":[1812],"product_tag":[],"class_list":{"0":"post-743159","1":"product","2":"type-product","3":"status-publish","4":"has-post-thumbnail","6":"product_brand-orbitrade-marine","7":"product_brand-orbitrade-marine-hr","8":"product_cat-lezajevi-osovine-propelera","10":"first","11":"instock","12":"shipping-taxable","13":"purchasable","14":"product-type-simple"},"_links":{"self":[{"href":"https:\/\/stoic-curie.212-227-153-4.plesk.page\/hr\/wp-json\/wp\/v2\/product\/743159","targetHints":{"allow":["GET"]}}],"collection":[{"href":"https:\/\/stoic-curie.212-227-153-4.plesk.page\/hr\/wp-json\/wp\/v2\/product"}],"about":[{"href":"https:\/\/stoic-curie.212-227-153-4.plesk.page\/hr\/wp-json\/wp\/v2\/types\/product"}],"replies":[{"embeddable":true,"href":"https:\/\/stoic-curie.212-227-153-4.plesk.page\/hr\/wp-json\/wp\/v2\/comments?post=743159"}],"version-history":[{"count":0,"href":"https:\/\/stoic-curie.212-227-153-4.plesk.page\/hr\/wp-json\/wp\/v2\/product\/743159\/revisions"}],"wp:featuredmedia":[{"embeddable":true,"href":"https:\/\/stoic-curie.212-227-153-4.plesk.page\/hr\/wp-json\/wp\/v2\/media\/5944819"}],"wp:attachment":[{"href":"https:\/\/stoic-curie.212-227-153-4.plesk.page\/hr\/wp-json\/wp\/v2\/media?parent=743159"}],"wp:term":[{"taxonomy":"product_brand","embeddable":true,"href":"https:\/\/stoic-curie.212-227-153-4.plesk.page\/hr\/wp-json\/wp\/v2\/product_brand?post=743159"},{"taxonomy":"product_cat","embeddable":true,"href":"https:\/\/stoic-curie.212-227-153-4.plesk.page\/hr\/wp-json\/wp\/v2\/product_cat?post=743159"},{"taxonomy":"product_tag","embeddable":true,"href":"https:\/\/stoic-curie.212-227-153-4.plesk.page\/hr\/wp-json\/wp\/v2\/product_tag?post=743159"}],"curies":[{"name":"wp","href":"https:\/\/api.w.org\/{rel}","templated":true}]}}