{"id":743160,"date":"2025-03-03T18:27:50","date_gmt":"2025-03-03T17:27:50","guid":{"rendered":"https:\/\/stoic-curie.212-227-153-4.plesk.page\/producto\/jeanneau-beneteau-lezaj-za-osovinu-propelera-30-x-40-x-120mm\/"},"modified":"2026-02-25T00:01:07","modified_gmt":"2026-02-25T00:01:07","slug":"jeanneau-beneteau-lezaj-za-osovinu-propelera-30-x-40-x-120mm","status":"publish","type":"product","link":"https:\/\/stoic-curie.212-227-153-4.plesk.page\/hr\/product\/jeanneau-beneteau-lezaj-za-osovinu-propelera-30-x-40-x-120mm\/","title":{"rendered":"Jeanneau Beneteau le\u017eaj za osovinu propelera (30 x 40 x 120mm)"},"content":{"rendered":"<p>Jeanneau Beneteau le\u017eaj za osovinu propelera (30 x 40 x 120mm) &#8211; <\/p>\n<div class=\"col-24 col-md-15\">\n<p>Staro mjesto le\u017eaja propela dizajnirano je za zamjenu posebnog le\u017eaja propela koji je ugra\u0111en u mnogo Beneteau jedrilica, Jeanneau i Dufour. Ovaj le\u017eaj isporu\u010duje se kompletan s 2 nemetalne vij\u010dane \u0161ifre.<\/p>\n<p>Ovaj le\u017eaj je za osovinu propela promjera 30 mm i ima vanjski promjer od 40 mm x 120 mm du\u017einu (5 mm debljine).<\/p>\n<\/div>\n<h3>Specifikacije<\/h3>\n<table class=\"table\">\n<tbody>\n<tr>\n<td><strong>Duljina<\/strong><\/td>\n<td>120mm<\/td>\n<\/tr>\n<tr>\n<td><strong>Isporu\u010deno s<\/strong><\/td>\n<td>Grub Screws<\/td>\n<\/tr>\n<tr>\n<td><strong>Marka<\/strong><\/td>\n<td>Drive Force<\/td>\n<\/tr>\n<tr>\n<td><strong>Veli\u010dina osovine<\/strong><\/td>\n<td>30mm<\/td>\n<\/tr>\n<tr>\n<td><strong>Promjer<\/strong><\/td>\n<td>OD: 40mm<\/td>\n<\/tr>\n<tr>\n<td><strong>Debljina<\/strong><\/td>\n<td>5mm<\/td>\n<\/tr>\n<\/tbody>\n<\/table>\n","protected":false},"excerpt":{"rendered":"<p>Jeanneau Beneteau le\u017eaj za osovinu propelera (30 x 40 x 120mm) &#8211; Staro mjesto le\u017eaja propela dizajnirano je za zamjenu<\/p>\n","protected":false},"featured_media":5944820,"comment_status":"open","ping_status":"closed","template":"","meta":[],"product_brand":[3226],"product_cat":[1812],"product_tag":[],"class_list":{"0":"post-743160","1":"product","2":"type-product","3":"status-publish","4":"has-post-thumbnail","6":"product_brand-orbitrade-marine-hr","7":"product_cat-lezajevi-osovine-propelera","9":"first","10":"instock","11":"shipping-taxable","12":"purchasable","13":"product-type-simple"},"_links":{"self":[{"href":"https:\/\/stoic-curie.212-227-153-4.plesk.page\/hr\/wp-json\/wp\/v2\/product\/743160","targetHints":{"allow":["GET"]}}],"collection":[{"href":"https:\/\/stoic-curie.212-227-153-4.plesk.page\/hr\/wp-json\/wp\/v2\/product"}],"about":[{"href":"https:\/\/stoic-curie.212-227-153-4.plesk.page\/hr\/wp-json\/wp\/v2\/types\/product"}],"replies":[{"embeddable":true,"href":"https:\/\/stoic-curie.212-227-153-4.plesk.page\/hr\/wp-json\/wp\/v2\/comments?post=743160"}],"version-history":[{"count":0,"href":"https:\/\/stoic-curie.212-227-153-4.plesk.page\/hr\/wp-json\/wp\/v2\/product\/743160\/revisions"}],"wp:featuredmedia":[{"embeddable":true,"href":"https:\/\/stoic-curie.212-227-153-4.plesk.page\/hr\/wp-json\/wp\/v2\/media\/5944820"}],"wp:attachment":[{"href":"https:\/\/stoic-curie.212-227-153-4.plesk.page\/hr\/wp-json\/wp\/v2\/media?parent=743160"}],"wp:term":[{"taxonomy":"product_brand","embeddable":true,"href":"https:\/\/stoic-curie.212-227-153-4.plesk.page\/hr\/wp-json\/wp\/v2\/product_brand?post=743160"},{"taxonomy":"product_cat","embeddable":true,"href":"https:\/\/stoic-curie.212-227-153-4.plesk.page\/hr\/wp-json\/wp\/v2\/product_cat?post=743160"},{"taxonomy":"product_tag","embeddable":true,"href":"https:\/\/stoic-curie.212-227-153-4.plesk.page\/hr\/wp-json\/wp\/v2\/product_tag?post=743160"}],"curies":[{"name":"wp","href":"https:\/\/api.w.org\/{rel}","templated":true}]}}