{"id":743161,"date":"2025-03-03T18:27:50","date_gmt":"2025-03-03T17:27:50","guid":{"rendered":"https:\/\/stoic-curie.212-227-153-4.plesk.page\/producto\/jeanneau-beneteau-lezaj-za-osovinu-propelera-35-x-54-x-140mm\/"},"modified":"2026-02-25T00:01:07","modified_gmt":"2026-02-25T00:01:07","slug":"jeanneau-beneteau-lezaj-za-osovinu-propelera-35-x-54-x-140mm","status":"publish","type":"product","link":"https:\/\/stoic-curie.212-227-153-4.plesk.page\/hr\/product\/jeanneau-beneteau-lezaj-za-osovinu-propelera-35-x-54-x-140mm\/","title":{"rendered":"Jeanneau Beneteau le\u017eaj za osovinu propelera (35 x 54 x 140mm)"},"content":{"rendered":"<p>Jeanneau Beneteau le\u017eaj za osovinu propelera (35 x 54 x 140mm) &#8211; Zamjenska cijev le\u017eaja za osovina propelera dizajnirana za zamjenu posebnog le\u017eaja osovine koji je ugra\u0111en u mnoge Beneteau jedrilice, Jeanneau i Dufour. Ovaj le\u017eaj dolazi s 2 nemetalne vij\u010dane \u0161ipke za pozicioniranje. Ovaj le\u017eaj je za propellerske osi promjera 35 mm i ima vanjski promjer od 54 mm, dok je duljina 140 mm (debljina 9,5 mm).<\/p>\n","protected":false},"excerpt":{"rendered":"<p>Jeanneau Beneteau le\u017eaj za osovinu propelera (35 x 54 x 140mm) &#8211; Zamjenska cijev le\u017eaja za osovina propelera dizajnirana za<\/p>\n","protected":false},"featured_media":5944821,"comment_status":"open","ping_status":"closed","template":"","meta":[],"product_brand":[3226],"product_cat":[1812],"product_tag":[],"class_list":{"0":"post-743161","1":"product","2":"type-product","3":"status-publish","4":"has-post-thumbnail","6":"product_brand-orbitrade-marine-hr","7":"product_cat-lezajevi-osovine-propelera","9":"first","10":"instock","11":"shipping-taxable","12":"purchasable","13":"product-type-simple"},"_links":{"self":[{"href":"https:\/\/stoic-curie.212-227-153-4.plesk.page\/hr\/wp-json\/wp\/v2\/product\/743161","targetHints":{"allow":["GET"]}}],"collection":[{"href":"https:\/\/stoic-curie.212-227-153-4.plesk.page\/hr\/wp-json\/wp\/v2\/product"}],"about":[{"href":"https:\/\/stoic-curie.212-227-153-4.plesk.page\/hr\/wp-json\/wp\/v2\/types\/product"}],"replies":[{"embeddable":true,"href":"https:\/\/stoic-curie.212-227-153-4.plesk.page\/hr\/wp-json\/wp\/v2\/comments?post=743161"}],"version-history":[{"count":0,"href":"https:\/\/stoic-curie.212-227-153-4.plesk.page\/hr\/wp-json\/wp\/v2\/product\/743161\/revisions"}],"wp:featuredmedia":[{"embeddable":true,"href":"https:\/\/stoic-curie.212-227-153-4.plesk.page\/hr\/wp-json\/wp\/v2\/media\/5944821"}],"wp:attachment":[{"href":"https:\/\/stoic-curie.212-227-153-4.plesk.page\/hr\/wp-json\/wp\/v2\/media?parent=743161"}],"wp:term":[{"taxonomy":"product_brand","embeddable":true,"href":"https:\/\/stoic-curie.212-227-153-4.plesk.page\/hr\/wp-json\/wp\/v2\/product_brand?post=743161"},{"taxonomy":"product_cat","embeddable":true,"href":"https:\/\/stoic-curie.212-227-153-4.plesk.page\/hr\/wp-json\/wp\/v2\/product_cat?post=743161"},{"taxonomy":"product_tag","embeddable":true,"href":"https:\/\/stoic-curie.212-227-153-4.plesk.page\/hr\/wp-json\/wp\/v2\/product_tag?post=743161"}],"curies":[{"name":"wp","href":"https:\/\/api.w.org\/{rel}","templated":true}]}}