{"id":743163,"date":"2025-03-03T18:27:51","date_gmt":"2025-03-03T17:27:51","guid":{"rendered":"https:\/\/stoic-curie.212-227-153-4.plesk.page\/producto\/pumpa-za-vodu-johnson-f35b-9-10-35187-4\/"},"modified":"2026-02-25T00:01:07","modified_gmt":"2026-02-25T00:01:07","slug":"pumpa-za-vodu-johnson-f35b-9-10-35187-4","status":"publish","type":"product","link":"https:\/\/stoic-curie.212-227-153-4.plesk.page\/hr\/product\/pumpa-za-vodu-johnson-f35b-9-10-35187-4\/","title":{"rendered":"Pumpa za vodu Johnson f35b-9 (10-35187-4)"},"content":{"rendered":"<p>Pumpa za vodu Johnson f35b-9 (10-35187-4) &#8211; Johnson 10-35157-3 pumpa je pumpa za sirovu vodu s fleksibilnim impelerom, montirana na flan\u0161i i vo\u0111ena motorom, namijenjena hla\u0111enju pomorskih motora. Johnson pumpa za vodu odgovara flan\u0161iranim Volvo motorima i Bukh DV 10 LME\/LSME, DV 10M, DV 10 ME\/SME, DV 20M i DV 24 ME\/SME motorima. Ova pumpa za hla\u0111enje motora ima osovinu koja se oslanja na le\u017eajeve s BSP \u017eenskim priklju\u010dcima od 3\/8&#8243;. Zamjenski impeler: JP-09-808B. Ova pumpa za hla\u0111enje motora NE dolazi s O-prstenom koji odgovara izme\u0111u pumpe i motora; ovaj O-prsten ima na\u0161 broj dijela JP-05-06-521, dostupan u nastavku. Johnson 10-35157-3 rezervni dijelovi: &#8230; Tehni\u010dke specifikacije: Serija: F35B-9, Veli\u010dina: 3\/8&#8243;, Marku: Johnson, Konstrukcija: Brass tijelo, Fleksibilni impeler, Tip pogona: Osovina, Model: 10-35157-3, Monta\u017ea: Monta\u017ea na flan\u0161u, Popravni set: JP-09-45589, Zamjenski impeler: JP-09-808B, Zamjenjuje: 209788 Plain Bearing Pump 10-35118-1, Ulaz\/Izlaz: 3\/8&#8243; BSP \u017denski.<\/p>\n","protected":false},"excerpt":{"rendered":"<p>Pumpa za vodu Johnson f35b-9 (10-35187-4) &#8211; Johnson 10-35157-3 pumpa je pumpa za sirovu vodu s fleksibilnim impelerom, montirana na<\/p>\n","protected":false},"featured_media":5944861,"comment_status":"open","ping_status":"closed","template":"","meta":[],"product_brand":[3046],"product_cat":[1809],"product_tag":[],"class_list":{"0":"post-743163","1":"product","2":"type-product","3":"status-publish","4":"has-post-thumbnail","6":"product_brand-johnson-marine-hr","7":"product_cat-pumpe-za-hladenje-motora","9":"first","10":"instock","11":"shipping-taxable","12":"purchasable","13":"product-type-simple"},"_links":{"self":[{"href":"https:\/\/stoic-curie.212-227-153-4.plesk.page\/hr\/wp-json\/wp\/v2\/product\/743163","targetHints":{"allow":["GET"]}}],"collection":[{"href":"https:\/\/stoic-curie.212-227-153-4.plesk.page\/hr\/wp-json\/wp\/v2\/product"}],"about":[{"href":"https:\/\/stoic-curie.212-227-153-4.plesk.page\/hr\/wp-json\/wp\/v2\/types\/product"}],"replies":[{"embeddable":true,"href":"https:\/\/stoic-curie.212-227-153-4.plesk.page\/hr\/wp-json\/wp\/v2\/comments?post=743163"}],"version-history":[{"count":0,"href":"https:\/\/stoic-curie.212-227-153-4.plesk.page\/hr\/wp-json\/wp\/v2\/product\/743163\/revisions"}],"wp:featuredmedia":[{"embeddable":true,"href":"https:\/\/stoic-curie.212-227-153-4.plesk.page\/hr\/wp-json\/wp\/v2\/media\/5944861"}],"wp:attachment":[{"href":"https:\/\/stoic-curie.212-227-153-4.plesk.page\/hr\/wp-json\/wp\/v2\/media?parent=743163"}],"wp:term":[{"taxonomy":"product_brand","embeddable":true,"href":"https:\/\/stoic-curie.212-227-153-4.plesk.page\/hr\/wp-json\/wp\/v2\/product_brand?post=743163"},{"taxonomy":"product_cat","embeddable":true,"href":"https:\/\/stoic-curie.212-227-153-4.plesk.page\/hr\/wp-json\/wp\/v2\/product_cat?post=743163"},{"taxonomy":"product_tag","embeddable":true,"href":"https:\/\/stoic-curie.212-227-153-4.plesk.page\/hr\/wp-json\/wp\/v2\/product_tag?post=743163"}],"curies":[{"name":"wp","href":"https:\/\/api.w.org\/{rel}","templated":true}]}}