{"id":743167,"date":"2025-03-03T18:27:52","date_gmt":"2025-03-03T17:27:52","guid":{"rendered":"https:\/\/stoic-curie.212-227-153-4.plesk.page\/producto\/zavrsni-poklopac-bowman-2679np-22mm-i-70mm\/"},"modified":"2026-02-25T00:01:07","modified_gmt":"2026-02-25T00:01:07","slug":"zavrsni-poklopac-bowman-2679np-22mm-i-70mm","status":"publish","type":"product","link":"https:\/\/stoic-curie.212-227-153-4.plesk.page\/hr\/product\/zavrsni-poklopac-bowman-2679np-22mm-i-70mm\/","title":{"rendered":"Zavr\u0161ni poklopac Bowman 2679NP (22mm i 70mm)"},"content":{"rendered":"<p>Zavr\u0161ni poklopac Bowman 2679NP (22mm i 70mm) &#8211; <\/p>\n<div class=\"col-24 col-md-15\">\n<p>Zamjenska Bowman guma oblikovana zavr\u0161na kapa, dizajnirana za morski izmjenjiva\u010d topline manifolda. Trebali biste otkriti da va\u0161i trenutni Bowman zavr\u0161ni poklopci imaju svoj broj dijela utisnut na njima kako biste lako identificirali zamjenu koju trebate. Ovo je Bowman broj dijela 2679NP, koji je zavr\u0161na kapa s izlazom pod kutom od 90 stupnjeva.<\/p>\n<p>Ova zavr\u0161na kapa za izmjenjiva\u010d topline pogodna je za kori\u0161tenje s sljede\u0107im Bowman izmjenjiva\u010dima topline: BL180, BL250, BL380, BL570, FM160, FM162, FM180, FM240, FM242, FM660, LR250, MB180, MB220, MB300, MB380, MB570, MK130, MK140, ML130, MS130, MS140, PE180, PE250 i VW150.<\/p>\n<p>Zamjena: Thornycroft zavr\u0161na kapa 54381596 i Perkins 24860167. Ovo je tako\u0111er najbli\u017ea zamjena koju imamo za zastarjelu Polar Cooler zavr\u0161nu kapu A3-642, A3\/642.<\/p>\n<\/div>\n<h3>Specifikacije<\/h3>\n<table class=\"table\">\n<tbody>\n<tr>\n<td><strong>Marka<\/strong><\/td>\n<td>Bowman<\/td>\n<\/tr>\n<tr>\n<td><strong>Ulaz Izlaz<\/strong><\/td>\n<td>22mm<\/td>\n<\/tr>\n<tr>\n<td><strong>Dr\u017eava podrijetla<\/strong><\/td>\n<td>Ujedinjeno Kraljevstvo<\/td>\n<\/tr>\n<tr>\n<td><strong>Kut<\/strong><\/td>\n<td>90 Stupnjeva<\/td>\n<\/tr>\n<tr>\n<td><strong>Izrada<\/strong><\/td>\n<td>Guma<\/td>\n<\/tr>\n<tr>\n<td><strong>Promjer<\/strong><\/td>\n<td>Ulaz ID: 70mm, Ulaz OD: 80mm. Izlaz ID: 22mm, Izlaz OD: 32mm. Tijelo ID: 51mm, Tijelo OD: 60mm.<\/td>\n<\/tr>\n<tr>\n<td><strong>Zamjena<\/strong><\/td>\n<td>Thornycroft zavr\u0161na kapa 54381596 &#038; Perkins 24860167. Najbli\u017ea zamjena za Polar Cooler zavr\u0161ne kape: A3-642, A3\/642.<\/td>\n<\/tr>\n<tr>\n<td><strong>Pogodnost<\/strong><\/td>\n<td>Bowman izmjenjiva\u010di topline BL180, BL250, BL380, BL570, FM160, FM162, FM180, FM240, FM242, FM660, LR250, MB180, MB220, MB300, MB380, MB570, MK130, MK140, ML130, MS130, MS140, PE180, PE250, VW150.<\/td>\n<\/tr>\n<\/tbody>\n<\/table>\n","protected":false},"excerpt":{"rendered":"<p>Zavr\u0161ni poklopac Bowman 2679NP (22mm i 70mm) &#8211; Zamjenska Bowman guma oblikovana zavr\u0161na kapa, dizajnirana za morski izmjenjiva\u010d topline manifolda.<\/p>\n","protected":false},"featured_media":5944900,"comment_status":"open","ping_status":"closed","template":"","meta":[],"product_brand":[2846],"product_cat":[1790],"product_tag":[],"class_list":{"0":"post-743167","1":"product","2":"type-product","3":"status-publish","4":"has-post-thumbnail","6":"product_brand-bowman-hr","7":"product_cat-izmjenjivaci-topline-i-uljni-hladnjaci","9":"first","10":"instock","11":"shipping-taxable","12":"purchasable","13":"product-type-simple"},"_links":{"self":[{"href":"https:\/\/stoic-curie.212-227-153-4.plesk.page\/hr\/wp-json\/wp\/v2\/product\/743167","targetHints":{"allow":["GET"]}}],"collection":[{"href":"https:\/\/stoic-curie.212-227-153-4.plesk.page\/hr\/wp-json\/wp\/v2\/product"}],"about":[{"href":"https:\/\/stoic-curie.212-227-153-4.plesk.page\/hr\/wp-json\/wp\/v2\/types\/product"}],"replies":[{"embeddable":true,"href":"https:\/\/stoic-curie.212-227-153-4.plesk.page\/hr\/wp-json\/wp\/v2\/comments?post=743167"}],"version-history":[{"count":0,"href":"https:\/\/stoic-curie.212-227-153-4.plesk.page\/hr\/wp-json\/wp\/v2\/product\/743167\/revisions"}],"wp:featuredmedia":[{"embeddable":true,"href":"https:\/\/stoic-curie.212-227-153-4.plesk.page\/hr\/wp-json\/wp\/v2\/media\/5944900"}],"wp:attachment":[{"href":"https:\/\/stoic-curie.212-227-153-4.plesk.page\/hr\/wp-json\/wp\/v2\/media?parent=743167"}],"wp:term":[{"taxonomy":"product_brand","embeddable":true,"href":"https:\/\/stoic-curie.212-227-153-4.plesk.page\/hr\/wp-json\/wp\/v2\/product_brand?post=743167"},{"taxonomy":"product_cat","embeddable":true,"href":"https:\/\/stoic-curie.212-227-153-4.plesk.page\/hr\/wp-json\/wp\/v2\/product_cat?post=743167"},{"taxonomy":"product_tag","embeddable":true,"href":"https:\/\/stoic-curie.212-227-153-4.plesk.page\/hr\/wp-json\/wp\/v2\/product_tag?post=743167"}],"curies":[{"name":"wp","href":"https:\/\/api.w.org\/{rel}","templated":true}]}}