{"id":743168,"date":"2025-03-03T18:27:52","date_gmt":"2025-03-03T17:27:52","guid":{"rendered":"https:\/\/stoic-curie.212-227-153-4.plesk.page\/producto\/zavrsni-poklopac-bowman-2680np-90-22-51-mm\/"},"modified":"2026-02-25T00:01:07","modified_gmt":"2026-02-25T00:01:07","slug":"zavrsni-poklopac-bowman-2680np-90-22-51-mm","status":"publish","type":"product","link":"https:\/\/stoic-curie.212-227-153-4.plesk.page\/hr\/product\/zavrsni-poklopac-bowman-2680np-90-22-51-mm\/","title":{"rendered":"Zavr\u0161ni poklopac Bowman 2680NP 90\u00b0 (22\/51 mm)"},"content":{"rendered":"<p>Zavr\u0161ni poklopac Bowman 2680NP 90\u00b0 (22\/51 mm) &#8211; <\/p>\n<div class='col-24 col-md-15'>\n<p>Zamjenska Bowman guma oblikovana zavr\u0161na kapa, dizajnirana za morska uljna hladnjaka i cijevne izmjenjiva\u010de topline. Trebali biste primijetiti da va\u0161i trenutni Bowman zavr\u0161ni kapci imaju njihov broj dijela utisnut na njima kako biste lako identificirali zamjenu koja vam je potrebna. Ovo je Bowman broj dijela 2680NP, koji je zavr\u0161na kapa izlaza pod kutom od 90 stupnjeva.<\/p>\n<\/div>\n<h3>Specifikacije<\/h3>\n<table class='table'>\n<tbody>\n<tr>\n<td><strong>Brend<\/strong><\/td>\n<td>Bowman<\/td>\n<\/tr>\n<tr>\n<td><strong>Ulaz Izlaz<\/strong><\/td>\n<td>22mm<\/td>\n<\/tr>\n<tr>\n<td><strong>Zemlja podrijetla<\/strong><\/td>\n<td>Ujedinjeno Kraljevstvo<\/td>\n<\/tr>\n<tr>\n<td><strong>Kut<\/strong><\/td>\n<td>90 Stupnjeva<\/td>\n<\/tr>\n<tr>\n<td><strong>Izrada<\/strong><\/td>\n<td>Guma<\/td>\n<\/tr>\n<tr>\n<td><strong>Promjer<\/strong><\/td>\n<td>Ulaz ID: 51mm, Ulaz OD: 60mm. Izlaz ID: 22mm, Izlaz OD: 32mm.<\/td>\n<\/tr>\n<tr>\n<td><strong>Pogodnost<\/strong><\/td>\n<td>Morski uljni hladnjaci &#038; cijevni izmjenjiva\u010di topline.<\/td>\n<\/tr>\n<\/tbody>\n<\/table>\n","protected":false},"excerpt":{"rendered":"<p>Zavr\u0161ni poklopac Bowman 2680NP 90\u00b0 (22\/51 mm) &#8211; Zamjenska Bowman guma oblikovana zavr\u0161na kapa, dizajnirana za morska uljna hladnjaka i<\/p>\n","protected":false},"featured_media":5944901,"comment_status":"open","ping_status":"closed","template":"","meta":[],"product_brand":[2846],"product_cat":[1790],"product_tag":[],"class_list":{"0":"post-743168","1":"product","2":"type-product","3":"status-publish","4":"has-post-thumbnail","6":"product_brand-bowman-hr","7":"product_cat-izmjenjivaci-topline-i-uljni-hladnjaci","9":"first","10":"instock","11":"shipping-taxable","12":"purchasable","13":"product-type-simple"},"_links":{"self":[{"href":"https:\/\/stoic-curie.212-227-153-4.plesk.page\/hr\/wp-json\/wp\/v2\/product\/743168","targetHints":{"allow":["GET"]}}],"collection":[{"href":"https:\/\/stoic-curie.212-227-153-4.plesk.page\/hr\/wp-json\/wp\/v2\/product"}],"about":[{"href":"https:\/\/stoic-curie.212-227-153-4.plesk.page\/hr\/wp-json\/wp\/v2\/types\/product"}],"replies":[{"embeddable":true,"href":"https:\/\/stoic-curie.212-227-153-4.plesk.page\/hr\/wp-json\/wp\/v2\/comments?post=743168"}],"version-history":[{"count":0,"href":"https:\/\/stoic-curie.212-227-153-4.plesk.page\/hr\/wp-json\/wp\/v2\/product\/743168\/revisions"}],"wp:featuredmedia":[{"embeddable":true,"href":"https:\/\/stoic-curie.212-227-153-4.plesk.page\/hr\/wp-json\/wp\/v2\/media\/5944901"}],"wp:attachment":[{"href":"https:\/\/stoic-curie.212-227-153-4.plesk.page\/hr\/wp-json\/wp\/v2\/media?parent=743168"}],"wp:term":[{"taxonomy":"product_brand","embeddable":true,"href":"https:\/\/stoic-curie.212-227-153-4.plesk.page\/hr\/wp-json\/wp\/v2\/product_brand?post=743168"},{"taxonomy":"product_cat","embeddable":true,"href":"https:\/\/stoic-curie.212-227-153-4.plesk.page\/hr\/wp-json\/wp\/v2\/product_cat?post=743168"},{"taxonomy":"product_tag","embeddable":true,"href":"https:\/\/stoic-curie.212-227-153-4.plesk.page\/hr\/wp-json\/wp\/v2\/product_tag?post=743168"}],"curies":[{"name":"wp","href":"https:\/\/api.w.org\/{rel}","templated":true}]}}