{"id":743169,"date":"2025-03-03T18:27:53","date_gmt":"2025-03-03T17:27:53","guid":{"rendered":"https:\/\/stoic-curie.212-227-153-4.plesk.page\/producto\/zavrsni-poklopac-bowman-2736np-50mm-i-70mm\/"},"modified":"2026-02-25T00:01:07","modified_gmt":"2026-02-25T00:01:07","slug":"zavrsni-poklopac-bowman-2736np-50mm-i-70mm","status":"publish","type":"product","link":"https:\/\/stoic-curie.212-227-153-4.plesk.page\/hr\/product\/zavrsni-poklopac-bowman-2736np-50mm-i-70mm\/","title":{"rendered":"Zavr\u0161ni poklopac Bowman 2736NP (50mm i 70mm)"},"content":{"rendered":"<p>Zavr\u0161ni poklopac Bowman 2736NP (50mm i 70mm) &#8211; Zamjenska Bowman gumena oblikovana zavr\u0161na kapa, dizajnirana za pomorske uljne hladnjake i cijevne izmjenjiva\u010de topline. Trebali biste primijetiti da va\u0161e trenutne Bowman zavr\u0161ne kape imaju svoj broj dijela ugraviran, kako biste lako prepoznali zamjenu koju trebate. Ovo je Bowmanov broj dijela 2736NP, koji je ravna izlazna zavr\u0161na kapa.<\/p>\n<p>Ova zavr\u0161na kapa izmjenjiva\u010da topline pogodna je za upotrebu s sljede\u0107im Bowman izmjenjiva\u010dima topline: MS140-4296 i PE180-3075.<\/p>\n<h3>Specifikacije<\/h3>\n<table class='table'>\n<tbody>\n<tr>\n<td><strong>Marka<\/strong><\/td>\n<td>Bowman<\/td>\n<\/tr>\n<tr>\n<td><strong>Ulaz Izlaz<\/strong><\/td>\n<td>50mm<\/td>\n<\/tr>\n<tr>\n<td><strong>Dr\u017eava podrijetla<\/strong><\/td>\n<td>Ujedinjeno Kraljevstvo<\/td>\n<\/tr>\n<tr>\n<td><strong>Kut<\/strong><\/td>\n<td>Ravan<\/td>\n<\/tr>\n<tr>\n<td><strong>Konstukcija<\/strong><\/td>\n<td>Guma<\/td>\n<\/tr>\n<tr>\n<td><strong>Promjer<\/strong><\/td>\n<td>Ulaz ID: 70mm, Ulaz OD: 80mm. Izlaz ID: 50mm, Izlaz OD: 60mm.<\/td>\n<\/tr>\n<tr>\n<td><strong>Pogodnost<\/strong><\/td>\n<td>Pomorski uljni hladnjaci &#038; cijevni izmjenjiva\u010di topline. Bowman izmjenjiva\u010di topline MS140-4296 &#038; PE180-3075.<\/td>\n<\/tr>\n<\/tbody>\n<\/table>\n","protected":false},"excerpt":{"rendered":"<p>Zavr\u0161ni poklopac Bowman 2736NP (50mm i 70mm) &#8211; Zamjenska Bowman gumena oblikovana zavr\u0161na kapa, dizajnirana za pomorske uljne hladnjake i<\/p>\n","protected":false},"featured_media":5944902,"comment_status":"open","ping_status":"closed","template":"","meta":[],"product_brand":[2846],"product_cat":[1790],"product_tag":[],"class_list":{"0":"post-743169","1":"product","2":"type-product","3":"status-publish","4":"has-post-thumbnail","6":"product_brand-bowman-hr","7":"product_cat-izmjenjivaci-topline-i-uljni-hladnjaci","9":"first","10":"instock","11":"shipping-taxable","12":"purchasable","13":"product-type-simple"},"_links":{"self":[{"href":"https:\/\/stoic-curie.212-227-153-4.plesk.page\/hr\/wp-json\/wp\/v2\/product\/743169","targetHints":{"allow":["GET"]}}],"collection":[{"href":"https:\/\/stoic-curie.212-227-153-4.plesk.page\/hr\/wp-json\/wp\/v2\/product"}],"about":[{"href":"https:\/\/stoic-curie.212-227-153-4.plesk.page\/hr\/wp-json\/wp\/v2\/types\/product"}],"replies":[{"embeddable":true,"href":"https:\/\/stoic-curie.212-227-153-4.plesk.page\/hr\/wp-json\/wp\/v2\/comments?post=743169"}],"version-history":[{"count":0,"href":"https:\/\/stoic-curie.212-227-153-4.plesk.page\/hr\/wp-json\/wp\/v2\/product\/743169\/revisions"}],"wp:featuredmedia":[{"embeddable":true,"href":"https:\/\/stoic-curie.212-227-153-4.plesk.page\/hr\/wp-json\/wp\/v2\/media\/5944902"}],"wp:attachment":[{"href":"https:\/\/stoic-curie.212-227-153-4.plesk.page\/hr\/wp-json\/wp\/v2\/media?parent=743169"}],"wp:term":[{"taxonomy":"product_brand","embeddable":true,"href":"https:\/\/stoic-curie.212-227-153-4.plesk.page\/hr\/wp-json\/wp\/v2\/product_brand?post=743169"},{"taxonomy":"product_cat","embeddable":true,"href":"https:\/\/stoic-curie.212-227-153-4.plesk.page\/hr\/wp-json\/wp\/v2\/product_cat?post=743169"},{"taxonomy":"product_tag","embeddable":true,"href":"https:\/\/stoic-curie.212-227-153-4.plesk.page\/hr\/wp-json\/wp\/v2\/product_tag?post=743169"}],"curies":[{"name":"wp","href":"https:\/\/api.w.org\/{rel}","templated":true}]}}