{"id":743170,"date":"2025-03-03T18:27:53","date_gmt":"2025-03-03T17:27:53","guid":{"rendered":"https:\/\/stoic-curie.212-227-153-4.plesk.page\/producto\/zavrsni-poklopac-bowman-2981np-45-mm-id\/"},"modified":"2026-02-25T00:01:07","modified_gmt":"2026-02-25T00:01:07","slug":"zavrsni-poklopac-bowman-2981np-45-mm-id","status":"publish","type":"product","link":"https:\/\/stoic-curie.212-227-153-4.plesk.page\/hr\/product\/zavrsni-poklopac-bowman-2981np-45-mm-id\/","title":{"rendered":"Zavr\u0161ni poklopac Bowman 2981NP (45 mm ID)"},"content":{"rendered":"<p>Zavr\u0161ni poklopac Bowman 2981NP (45 mm ID) &#8211; Zamjenska Bowman gumena pognjeta zavr\u0161na kapa dizajnirana je za kolektore izmjenjiva\u010da topline hla\u0111enih quillom. Trebali biste primijetiti da va\u0161e trenutne Bowman zavr\u0161ne kape imaju ugraviran svoj broj dijela, \u0161to olak\u0161ava identifikaciju potrebne zamjene. Ovo je Bowmanov broj dijela 2981NP, koji je zatvoreni zavr\u0161ni kapak.<\/p>\n","protected":false},"excerpt":{"rendered":"<p>Zavr\u0161ni poklopac Bowman 2981NP (45 mm ID) &#8211; Zamjenska Bowman gumena pognjeta zavr\u0161na kapa dizajnirana je za kolektore izmjenjiva\u010da topline<\/p>\n","protected":false},"featured_media":5944903,"comment_status":"open","ping_status":"closed","template":"","meta":[],"product_brand":[2846],"product_cat":[1790],"product_tag":[],"class_list":{"0":"post-743170","1":"product","2":"type-product","3":"status-publish","4":"has-post-thumbnail","6":"product_brand-bowman-hr","7":"product_cat-izmjenjivaci-topline-i-uljni-hladnjaci","9":"first","10":"instock","11":"shipping-taxable","12":"purchasable","13":"product-type-simple"},"_links":{"self":[{"href":"https:\/\/stoic-curie.212-227-153-4.plesk.page\/hr\/wp-json\/wp\/v2\/product\/743170","targetHints":{"allow":["GET"]}}],"collection":[{"href":"https:\/\/stoic-curie.212-227-153-4.plesk.page\/hr\/wp-json\/wp\/v2\/product"}],"about":[{"href":"https:\/\/stoic-curie.212-227-153-4.plesk.page\/hr\/wp-json\/wp\/v2\/types\/product"}],"replies":[{"embeddable":true,"href":"https:\/\/stoic-curie.212-227-153-4.plesk.page\/hr\/wp-json\/wp\/v2\/comments?post=743170"}],"version-history":[{"count":0,"href":"https:\/\/stoic-curie.212-227-153-4.plesk.page\/hr\/wp-json\/wp\/v2\/product\/743170\/revisions"}],"wp:featuredmedia":[{"embeddable":true,"href":"https:\/\/stoic-curie.212-227-153-4.plesk.page\/hr\/wp-json\/wp\/v2\/media\/5944903"}],"wp:attachment":[{"href":"https:\/\/stoic-curie.212-227-153-4.plesk.page\/hr\/wp-json\/wp\/v2\/media?parent=743170"}],"wp:term":[{"taxonomy":"product_brand","embeddable":true,"href":"https:\/\/stoic-curie.212-227-153-4.plesk.page\/hr\/wp-json\/wp\/v2\/product_brand?post=743170"},{"taxonomy":"product_cat","embeddable":true,"href":"https:\/\/stoic-curie.212-227-153-4.plesk.page\/hr\/wp-json\/wp\/v2\/product_cat?post=743170"},{"taxonomy":"product_tag","embeddable":true,"href":"https:\/\/stoic-curie.212-227-153-4.plesk.page\/hr\/wp-json\/wp\/v2\/product_tag?post=743170"}],"curies":[{"name":"wp","href":"https:\/\/api.w.org\/{rel}","templated":true}]}}