{"id":743171,"date":"2025-03-03T18:27:54","date_gmt":"2025-03-03T17:27:54","guid":{"rendered":"https:\/\/stoic-curie.212-227-153-4.plesk.page\/producto\/zavrsni-poklopac-bowman-3186np-90-stupnjeva-28mm-i-70mm-id\/"},"modified":"2026-02-25T00:01:07","modified_gmt":"2026-02-25T00:01:07","slug":"zavrsni-poklopac-bowman-3186np-90-stupnjeva-28mm-i-70mm-id","status":"publish","type":"product","link":"https:\/\/stoic-curie.212-227-153-4.plesk.page\/hr\/product\/zavrsni-poklopac-bowman-3186np-90-stupnjeva-28mm-i-70mm-id\/","title":{"rendered":"Zavr\u0161ni poklopac Bowman 3186NP 90 stupnjeva (28mm i 70mm ID)"},"content":{"rendered":"<p>Zavr\u0161ni poklopac Bowman 3186NP 90 stupnjeva (28mm i 70mm ID) &#8211; <\/p>\n<div class=\"col-24 col-md-15\">\n<p>Zamjenska Bowman guma oblikovana kapa, dizajnirana za morski izmenjiva\u010d topline manifolda. Trebali biste primijetiti da va\u0161a trenutna Bowman kapa ima otisnut njihov broj dijela kako biste lako identificirali zamjenu koju trebate. Ovo je Bowmanov broj dijela 3186NP, koji je kapa za izlaz pod kutem od 90 stupnjeva.<\/p>\n<p> Ova kapa izmjenjiva\u010da topline pogodna je za kori\u0161tenje s sljede\u0107im Bowman izmjenjiva\u010dima topline: BL570, FM242, FM300, FM400, FM450, FM452, FM600, FM602, FM662, FM700, GM370, GM550, MB220, MB300, MB380, PE250, PE390, PE580, VW160 i VW240.<\/p>\n<p>Zamjenjuje: Thornycroft kapa 54384098.<\/p>\n<\/div>\n<h3>Tehni\u010dke specifikacije<\/h3>\n<table class=\"table\">\n<tbody>\n<tr>\n<td><strong>Marka<\/strong><\/td>\n<td>Bowman<\/td>\n<\/tr>\n<tr>\n<td><strong>Ulaz Iza<\/strong><\/td>\n<td>28mm<\/td>\n<\/tr>\n<tr>\n<td><strong>Dr\u017eava podrijetla<\/strong><\/td>\n<td>Ujedinjeno Kraljevstvo<\/td>\n<\/tr>\n<tr>\n<td><strong>Kut<\/strong><\/td>\n<td>90 stupnjeva<\/td>\n<\/tr>\n<tr>\n<td><strong>Izra\u0111en od<\/strong><\/td>\n<td>Guma<\/td>\n<\/tr>\n<tr>\n<td><strong>Promjer<\/strong><\/td>\n<td>Ulaz ID: 70mm, Ulaz OD: 80mm. Izlaz ID: 28mm, Izlaz OD: 38mm. Tijelo ID: 51mm, Tijelo OD: 60mm.<\/td>\n<\/tr>\n<tr>\n<td><strong>Zamjenjuje<\/strong><\/td>\n<td>Thornycroft kapa 54384098.<\/td>\n<\/tr>\n<tr>\n<td><strong>Prikladnost<\/strong><\/td>\n<td>Bowman izmjenjiva\u010di topline BL570, FM242, FM300, FM400, FM450, FM452, FM600, FM602, FM662, FM700, GM370, GM550, MB220, MB300, MB380, PE250, PE390, PE580, VW160, VW240.<\/td>\n<\/tr>\n<\/tbody>\n<\/table>\n","protected":false},"excerpt":{"rendered":"<p>Zavr\u0161ni poklopac Bowman 3186NP 90 stupnjeva (28mm i 70mm ID) &#8211; Zamjenska Bowman guma oblikovana kapa, dizajnirana za morski izmenjiva\u010d<\/p>\n","protected":false},"featured_media":5944904,"comment_status":"open","ping_status":"closed","template":"","meta":[],"product_brand":[2846],"product_cat":[1790],"product_tag":[],"class_list":{"0":"post-743171","1":"product","2":"type-product","3":"status-publish","4":"has-post-thumbnail","6":"product_brand-bowman-hr","7":"product_cat-izmjenjivaci-topline-i-uljni-hladnjaci","9":"first","10":"instock","11":"shipping-taxable","12":"purchasable","13":"product-type-simple"},"_links":{"self":[{"href":"https:\/\/stoic-curie.212-227-153-4.plesk.page\/hr\/wp-json\/wp\/v2\/product\/743171","targetHints":{"allow":["GET"]}}],"collection":[{"href":"https:\/\/stoic-curie.212-227-153-4.plesk.page\/hr\/wp-json\/wp\/v2\/product"}],"about":[{"href":"https:\/\/stoic-curie.212-227-153-4.plesk.page\/hr\/wp-json\/wp\/v2\/types\/product"}],"replies":[{"embeddable":true,"href":"https:\/\/stoic-curie.212-227-153-4.plesk.page\/hr\/wp-json\/wp\/v2\/comments?post=743171"}],"version-history":[{"count":0,"href":"https:\/\/stoic-curie.212-227-153-4.plesk.page\/hr\/wp-json\/wp\/v2\/product\/743171\/revisions"}],"wp:featuredmedia":[{"embeddable":true,"href":"https:\/\/stoic-curie.212-227-153-4.plesk.page\/hr\/wp-json\/wp\/v2\/media\/5944904"}],"wp:attachment":[{"href":"https:\/\/stoic-curie.212-227-153-4.plesk.page\/hr\/wp-json\/wp\/v2\/media?parent=743171"}],"wp:term":[{"taxonomy":"product_brand","embeddable":true,"href":"https:\/\/stoic-curie.212-227-153-4.plesk.page\/hr\/wp-json\/wp\/v2\/product_brand?post=743171"},{"taxonomy":"product_cat","embeddable":true,"href":"https:\/\/stoic-curie.212-227-153-4.plesk.page\/hr\/wp-json\/wp\/v2\/product_cat?post=743171"},{"taxonomy":"product_tag","embeddable":true,"href":"https:\/\/stoic-curie.212-227-153-4.plesk.page\/hr\/wp-json\/wp\/v2\/product_tag?post=743171"}],"curies":[{"name":"wp","href":"https:\/\/api.w.org\/{rel}","templated":true}]}}