{"id":743173,"date":"2025-03-03T18:27:54","date_gmt":"2025-03-03T17:27:54","guid":{"rendered":"https:\/\/stoic-curie.212-227-153-4.plesk.page\/producto\/zavrsni-poklopac-bowman-3192np-28mm-i-90mm\/"},"modified":"2026-02-25T00:01:07","modified_gmt":"2026-02-25T00:01:07","slug":"zavrsni-poklopac-bowman-3192np-28mm-i-90mm","status":"publish","type":"product","link":"https:\/\/stoic-curie.212-227-153-4.plesk.page\/hr\/product\/zavrsni-poklopac-bowman-3192np-28mm-i-90mm\/","title":{"rendered":"Zavr\u0161ni poklopac Bowman 3192NP (28mm i 90mm)"},"content":{"rendered":"<p>Zavr\u0161ni poklopac Bowman 3192NP (28mm i 90mm) &#8211; <\/p>\n<div class=\"col-24 col-md-15\">\n<p>Zamjenska Bowman guma oblikovana krajnja kapa, dizajnirana za pomorske izmjenjiva\u010de topline. Trebali biste primijetiti da va\u0161e trenutne Bowman krajnje kape imaju otisnut broj dijela, \u0161to olak\u0161ava prepoznavanje potrebne zamjene. Ovo je Bowmanov broj dijela 3192NP, koji je krajnja kapa izlaza pod kutom od 90 stupnjeva.<\/p>\n<p>Ova krajnja kapa izmjenjiva\u010da topline pogodna je za kori\u0161tenje s sljede\u0107im Bowman izmjenjiva\u010dima topline: FM600-3801, FM660-3360, MB570-3280, FM300-3799, FM402-4091 i LR250-3736KC.<\/p>\n<\/div>\n<h3>Specifikacije<\/h3>\n<table class=\"table\">\n<tbody>\n<tr>\n<td><strong>Marka<\/strong><\/td>\n<td>Bowman<\/td>\n<\/tr>\n<tr>\n<td><strong>Ulaz Izlaz<\/strong><\/td>\n<td>28mm<\/td>\n<\/tr>\n<tr>\n<td><strong>Dr\u017eava podrijetla<\/strong><\/td>\n<td>Ujedinjeno Kraljevstvo<\/td>\n<\/tr>\n<tr>\n<td><strong>Kut<\/strong><\/td>\n<td>90 stupnjeva<\/td>\n<\/tr>\n<tr>\n<td><strong>Konstrukcija<\/strong><\/td>\n<td>Guma<\/td>\n<\/tr>\n<tr>\n<td><strong>Promjer<\/strong><\/td>\n<td>Ulaz ID: 90mm, Ulaz OD: 103mm. Izlaz ID: 28mm, Izlaz OD: 42mm. Tijelo ID: 68mm, Tijelo OD: 80mm.<\/td>\n<\/tr>\n<tr>\n<td><strong>Prikladnost<\/strong><\/td>\n<td>Bowman izmjenjiva\u010di topline FM600-3801, FM660-3360, MB570-3280, FM300-3799, FM402-4091 &#038; LR250-3736KC.<\/td>\n<\/tr>\n<\/tbody>\n<\/table>\n","protected":false},"excerpt":{"rendered":"<p>Zavr\u0161ni poklopac Bowman 3192NP (28mm i 90mm) &#8211; Zamjenska Bowman guma oblikovana krajnja kapa, dizajnirana za pomorske izmjenjiva\u010de topline. Trebali<\/p>\n","protected":false},"featured_media":5944906,"comment_status":"open","ping_status":"closed","template":"","meta":[],"product_brand":[2846],"product_cat":[1790],"product_tag":[],"class_list":{"0":"post-743173","1":"product","2":"type-product","3":"status-publish","4":"has-post-thumbnail","6":"product_brand-bowman-hr","7":"product_cat-izmjenjivaci-topline-i-uljni-hladnjaci","9":"first","10":"instock","11":"shipping-taxable","12":"purchasable","13":"product-type-simple"},"_links":{"self":[{"href":"https:\/\/stoic-curie.212-227-153-4.plesk.page\/hr\/wp-json\/wp\/v2\/product\/743173","targetHints":{"allow":["GET"]}}],"collection":[{"href":"https:\/\/stoic-curie.212-227-153-4.plesk.page\/hr\/wp-json\/wp\/v2\/product"}],"about":[{"href":"https:\/\/stoic-curie.212-227-153-4.plesk.page\/hr\/wp-json\/wp\/v2\/types\/product"}],"replies":[{"embeddable":true,"href":"https:\/\/stoic-curie.212-227-153-4.plesk.page\/hr\/wp-json\/wp\/v2\/comments?post=743173"}],"version-history":[{"count":0,"href":"https:\/\/stoic-curie.212-227-153-4.plesk.page\/hr\/wp-json\/wp\/v2\/product\/743173\/revisions"}],"wp:featuredmedia":[{"embeddable":true,"href":"https:\/\/stoic-curie.212-227-153-4.plesk.page\/hr\/wp-json\/wp\/v2\/media\/5944906"}],"wp:attachment":[{"href":"https:\/\/stoic-curie.212-227-153-4.plesk.page\/hr\/wp-json\/wp\/v2\/media?parent=743173"}],"wp:term":[{"taxonomy":"product_brand","embeddable":true,"href":"https:\/\/stoic-curie.212-227-153-4.plesk.page\/hr\/wp-json\/wp\/v2\/product_brand?post=743173"},{"taxonomy":"product_cat","embeddable":true,"href":"https:\/\/stoic-curie.212-227-153-4.plesk.page\/hr\/wp-json\/wp\/v2\/product_cat?post=743173"},{"taxonomy":"product_tag","embeddable":true,"href":"https:\/\/stoic-curie.212-227-153-4.plesk.page\/hr\/wp-json\/wp\/v2\/product_tag?post=743173"}],"curies":[{"name":"wp","href":"https:\/\/api.w.org\/{rel}","templated":true}]}}