{"id":743174,"date":"2025-03-03T18:27:54","date_gmt":"2025-03-03T17:27:54","guid":{"rendered":"https:\/\/stoic-curie.212-227-153-4.plesk.page\/producto\/zavrsni-poklopac-bowman-3251np-22mm-i-70mm\/"},"modified":"2026-02-25T00:01:07","modified_gmt":"2026-02-25T00:01:07","slug":"zavrsni-poklopac-bowman-3251np-22mm-i-70mm","status":"publish","type":"product","link":"https:\/\/stoic-curie.212-227-153-4.plesk.page\/hr\/product\/zavrsni-poklopac-bowman-3251np-22mm-i-70mm\/","title":{"rendered":"Zavr\u0161ni poklopac Bowman 3251NP (22mm i 70mm)"},"content":{"rendered":"<p>Zavr\u0161ni poklopac Bowman 3251NP (22mm i 70mm) &#8211; Zamjenski Bowman gumeni oblikovani krajni kapak, dizajniran za pomorski izmjenjiva\u010d topline. Trebali biste primijetiti da va\u0161i trenutni Bowman krajni kapci imaju svoj broj dijela utisnut na njima kako biste lako identificirali zamjenu koja vam treba. Ovo je Bowman broj dijela 3251NP, koji je ravni izlazni krajni kapak. Ovaj kapak izmjenjiva\u010da topline pogodan je za upotrebu s ponudom Bowman izmjenjiva\u010da topline: ML120-3992, ML130-3993, BL180-3318, BL250-3325, FM240-3013, FM662-3886 i MK140-3997KC. Mo\u017ee zamijeniti Perkins krajni kapak 24865264 i 24860166.<\/p>\n","protected":false},"excerpt":{"rendered":"<p>Zavr\u0161ni poklopac Bowman 3251NP (22mm i 70mm) &#8211; Zamjenski Bowman gumeni oblikovani krajni kapak, dizajniran za pomorski izmjenjiva\u010d topline. Trebali<\/p>\n","protected":false},"featured_media":5944907,"comment_status":"open","ping_status":"closed","template":"","meta":[],"product_brand":[2846],"product_cat":[1790],"product_tag":[],"class_list":{"0":"post-743174","1":"product","2":"type-product","3":"status-publish","4":"has-post-thumbnail","6":"product_brand-bowman-hr","7":"product_cat-izmjenjivaci-topline-i-uljni-hladnjaci","9":"first","10":"instock","11":"shipping-taxable","12":"purchasable","13":"product-type-simple"},"_links":{"self":[{"href":"https:\/\/stoic-curie.212-227-153-4.plesk.page\/hr\/wp-json\/wp\/v2\/product\/743174","targetHints":{"allow":["GET"]}}],"collection":[{"href":"https:\/\/stoic-curie.212-227-153-4.plesk.page\/hr\/wp-json\/wp\/v2\/product"}],"about":[{"href":"https:\/\/stoic-curie.212-227-153-4.plesk.page\/hr\/wp-json\/wp\/v2\/types\/product"}],"replies":[{"embeddable":true,"href":"https:\/\/stoic-curie.212-227-153-4.plesk.page\/hr\/wp-json\/wp\/v2\/comments?post=743174"}],"version-history":[{"count":0,"href":"https:\/\/stoic-curie.212-227-153-4.plesk.page\/hr\/wp-json\/wp\/v2\/product\/743174\/revisions"}],"wp:featuredmedia":[{"embeddable":true,"href":"https:\/\/stoic-curie.212-227-153-4.plesk.page\/hr\/wp-json\/wp\/v2\/media\/5944907"}],"wp:attachment":[{"href":"https:\/\/stoic-curie.212-227-153-4.plesk.page\/hr\/wp-json\/wp\/v2\/media?parent=743174"}],"wp:term":[{"taxonomy":"product_brand","embeddable":true,"href":"https:\/\/stoic-curie.212-227-153-4.plesk.page\/hr\/wp-json\/wp\/v2\/product_brand?post=743174"},{"taxonomy":"product_cat","embeddable":true,"href":"https:\/\/stoic-curie.212-227-153-4.plesk.page\/hr\/wp-json\/wp\/v2\/product_cat?post=743174"},{"taxonomy":"product_tag","embeddable":true,"href":"https:\/\/stoic-curie.212-227-153-4.plesk.page\/hr\/wp-json\/wp\/v2\/product_tag?post=743174"}],"curies":[{"name":"wp","href":"https:\/\/api.w.org\/{rel}","templated":true}]}}