{"id":743175,"date":"2025-03-03T18:27:55","date_gmt":"2025-03-03T17:27:55","guid":{"rendered":"https:\/\/stoic-curie.212-227-153-4.plesk.page\/producto\/zavrsni-poklopac-bowman-3365np-22mm-i-51mm\/"},"modified":"2026-02-25T00:01:07","modified_gmt":"2026-02-25T00:01:07","slug":"zavrsni-poklopac-bowman-3365np-22mm-i-51mm","status":"publish","type":"product","link":"https:\/\/stoic-curie.212-227-153-4.plesk.page\/hr\/product\/zavrsni-poklopac-bowman-3365np-22mm-i-51mm\/","title":{"rendered":"Zavr\u0161ni poklopac Bowman 3365NP (22mm i 51mm)"},"content":{"rendered":"<p>Zavr\u0161ni poklopac Bowman 3365NP (22mm i 51mm) &#8211; <\/p>\n<div class=\"col-24 col-md-15\">\n<p>Zamjenjiva Bowman guma oblikovana zavr\u0161na kapa, dizajnirana za morski rashladnik ulja i tubularne izmjenjiva\u010de topline. Trebali biste vidjeti da va\u0161i trenutni Bowman zavr\u0161ni poklopci imaju svoj broj dijela utisnut na njima kako biste lako identificirali zamjenu koju trebate. To je Bowmanov broj dijela 3365NP, koji je kutni izlaz zavr\u0161na kapa.<\/p>\n<p>Ova zavr\u0161na kapa izmjenjiva\u010da topline pogodna je za kori\u0161tenje s sljede\u0107im Bowman rashladnicima ulja: DC60 &#8211; XAA, DC90 &#8211; XAA, DC120 &#8211; XAA, DC60 &#8211; YAA, DC90 &#8211; YAA i DC120 &#8211; YAA.<\/p>\n<p>Mogu zamijeniti: PRM MT4695, Thornycroft 54010191 i Polar A3-607.<\/p>\n<\/div>\n","protected":false},"excerpt":{"rendered":"<p>Zavr\u0161ni poklopac Bowman 3365NP (22mm i 51mm) &#8211; Zamjenjiva Bowman guma oblikovana zavr\u0161na kapa, dizajnirana za morski rashladnik ulja i<\/p>\n","protected":false},"featured_media":5944908,"comment_status":"open","ping_status":"closed","template":"","meta":[],"product_brand":[2846],"product_cat":[1790],"product_tag":[],"class_list":{"0":"post-743175","1":"product","2":"type-product","3":"status-publish","4":"has-post-thumbnail","6":"product_brand-bowman-hr","7":"product_cat-izmjenjivaci-topline-i-uljni-hladnjaci","9":"first","10":"instock","11":"shipping-taxable","12":"purchasable","13":"product-type-simple"},"_links":{"self":[{"href":"https:\/\/stoic-curie.212-227-153-4.plesk.page\/hr\/wp-json\/wp\/v2\/product\/743175","targetHints":{"allow":["GET"]}}],"collection":[{"href":"https:\/\/stoic-curie.212-227-153-4.plesk.page\/hr\/wp-json\/wp\/v2\/product"}],"about":[{"href":"https:\/\/stoic-curie.212-227-153-4.plesk.page\/hr\/wp-json\/wp\/v2\/types\/product"}],"replies":[{"embeddable":true,"href":"https:\/\/stoic-curie.212-227-153-4.plesk.page\/hr\/wp-json\/wp\/v2\/comments?post=743175"}],"version-history":[{"count":0,"href":"https:\/\/stoic-curie.212-227-153-4.plesk.page\/hr\/wp-json\/wp\/v2\/product\/743175\/revisions"}],"wp:featuredmedia":[{"embeddable":true,"href":"https:\/\/stoic-curie.212-227-153-4.plesk.page\/hr\/wp-json\/wp\/v2\/media\/5944908"}],"wp:attachment":[{"href":"https:\/\/stoic-curie.212-227-153-4.plesk.page\/hr\/wp-json\/wp\/v2\/media?parent=743175"}],"wp:term":[{"taxonomy":"product_brand","embeddable":true,"href":"https:\/\/stoic-curie.212-227-153-4.plesk.page\/hr\/wp-json\/wp\/v2\/product_brand?post=743175"},{"taxonomy":"product_cat","embeddable":true,"href":"https:\/\/stoic-curie.212-227-153-4.plesk.page\/hr\/wp-json\/wp\/v2\/product_cat?post=743175"},{"taxonomy":"product_tag","embeddable":true,"href":"https:\/\/stoic-curie.212-227-153-4.plesk.page\/hr\/wp-json\/wp\/v2\/product_tag?post=743175"}],"curies":[{"name":"wp","href":"https:\/\/api.w.org\/{rel}","templated":true}]}}