{"id":743176,"date":"2025-03-03T18:27:55","date_gmt":"2025-03-03T17:27:55","guid":{"rendered":"https:\/\/stoic-curie.212-227-153-4.plesk.page\/producto\/zavrsni-poklopac-bowman-3366np-28-mm-i-51-mm\/"},"modified":"2026-02-25T00:01:07","modified_gmt":"2026-02-25T00:01:07","slug":"zavrsni-poklopac-bowman-3366np-28-mm-i-51-mm","status":"publish","type":"product","link":"https:\/\/stoic-curie.212-227-153-4.plesk.page\/hr\/product\/zavrsni-poklopac-bowman-3366np-28-mm-i-51-mm\/","title":{"rendered":"Zavr\u0161ni poklopac Bowman 3366NP (28 mm i 51 mm)"},"content":{"rendered":"<p>Zavr\u0161ni poklopac Bowman 3366NP (28 mm i 51 mm) &#8211; Zamjenska Bowman guma oblikovane zavr\u0161ne kapice, dizajnirane za morski uljni hladnjake i cijevne izmjenjiva\u010de topline. Trebali biste primijetiti da va\u0161a trenutna Bowman zavr\u0161na kapica ima svoj broj dijela utisnut na njoj kako biste lako identificirali zamjenu koja vam je potrebna. Ovo je Bowman broj dijela 3366NP, koji je ravna izlazna zavr\u0161na kapica.<\/p>\n<p>Ova zavr\u0161na kapica izmjenjiva\u010da topline pogodna je za kori\u0161tenje s sljede\u0107im Bowman uljnim hladnjacima: DC60 &#8211; XBB, DC90 &#8211; XBB, DC120 &#8211; XBB, DC60 &#8211; YBB, DC90 &#8211; YBB i DC120 &#8211; YBB.<\/p>\n<p>Mo\u017ee zamijeniti Thornycroft zavr\u0161nu kapicu 54010193.<\/p>\n<h3>Specifikacije<\/h3>\n<table class='table'>\n<tbody>\n<tr>\n<td><strong>Marka<\/strong><\/td>\n<td>Bowman<\/td>\n<\/tr>\n<tr>\n<td><strong>Ulaz Izlaz<\/strong><\/td>\n<td>28mm<\/td>\n<\/tr>\n<tr>\n<td><strong>Dr\u017eava podrijetla<\/strong><\/td>\n<td>Ujedinjeno Kraljevstvo<\/td>\n<\/tr>\n<tr>\n<td><strong>Kut<\/strong><\/td>\n<td>Ravan<\/td>\n<\/tr>\n<tr>\n<td><strong>Izraditi<\/strong><\/td>\n<td>Guma<\/td>\n<\/tr>\n<tr>\n<td><strong>Promjer<\/strong><\/td>\n<td>Ulaz ID: 51mm, Ulaz OD: 60mm. Izlaz ID: 28mm, Izlaz OD: 38mm.<\/td>\n<\/tr>\n<tr>\n<td><strong>Zamjenjuje<\/strong><\/td>\n<td>Thornycroft zavr\u0161na kapica 54010193<\/td>\n<\/tr>\n<tr>\n<td><strong>Prikladnost<\/strong><\/td>\n<td>Morski uljni hladnjaci i cijevni izmjenjiva\u010di topline. Bowman uljni hladnjaci: DC60 &#8211; XBB, DC90 &#8211; XBB, DC120 &#8211; XBB, DC60 &#8211; YBB, DC90 &#8211; YBB i DC120 &#8211; YBB.<\/td>\n<\/tr>\n<\/tbody>\n<\/table>\n","protected":false},"excerpt":{"rendered":"<p>Zavr\u0161ni poklopac Bowman 3366NP (28 mm i 51 mm) &#8211; Zamjenska Bowman guma oblikovane zavr\u0161ne kapice, dizajnirane za morski uljni<\/p>\n","protected":false},"featured_media":5944909,"comment_status":"open","ping_status":"closed","template":"","meta":[],"product_brand":[2846],"product_cat":[1790],"product_tag":[],"class_list":{"0":"post-743176","1":"product","2":"type-product","3":"status-publish","4":"has-post-thumbnail","6":"product_brand-bowman-hr","7":"product_cat-izmjenjivaci-topline-i-uljni-hladnjaci","9":"first","10":"instock","11":"shipping-taxable","12":"purchasable","13":"product-type-simple"},"_links":{"self":[{"href":"https:\/\/stoic-curie.212-227-153-4.plesk.page\/hr\/wp-json\/wp\/v2\/product\/743176","targetHints":{"allow":["GET"]}}],"collection":[{"href":"https:\/\/stoic-curie.212-227-153-4.plesk.page\/hr\/wp-json\/wp\/v2\/product"}],"about":[{"href":"https:\/\/stoic-curie.212-227-153-4.plesk.page\/hr\/wp-json\/wp\/v2\/types\/product"}],"replies":[{"embeddable":true,"href":"https:\/\/stoic-curie.212-227-153-4.plesk.page\/hr\/wp-json\/wp\/v2\/comments?post=743176"}],"version-history":[{"count":0,"href":"https:\/\/stoic-curie.212-227-153-4.plesk.page\/hr\/wp-json\/wp\/v2\/product\/743176\/revisions"}],"wp:featuredmedia":[{"embeddable":true,"href":"https:\/\/stoic-curie.212-227-153-4.plesk.page\/hr\/wp-json\/wp\/v2\/media\/5944909"}],"wp:attachment":[{"href":"https:\/\/stoic-curie.212-227-153-4.plesk.page\/hr\/wp-json\/wp\/v2\/media?parent=743176"}],"wp:term":[{"taxonomy":"product_brand","embeddable":true,"href":"https:\/\/stoic-curie.212-227-153-4.plesk.page\/hr\/wp-json\/wp\/v2\/product_brand?post=743176"},{"taxonomy":"product_cat","embeddable":true,"href":"https:\/\/stoic-curie.212-227-153-4.plesk.page\/hr\/wp-json\/wp\/v2\/product_cat?post=743176"},{"taxonomy":"product_tag","embeddable":true,"href":"https:\/\/stoic-curie.212-227-153-4.plesk.page\/hr\/wp-json\/wp\/v2\/product_tag?post=743176"}],"curies":[{"name":"wp","href":"https:\/\/api.w.org\/{rel}","templated":true}]}}