{"id":743178,"date":"2025-03-03T18:27:56","date_gmt":"2025-03-03T17:27:56","guid":{"rendered":"https:\/\/stoic-curie.212-227-153-4.plesk.page\/producto\/zavrsni-poklopac-bowman-3419np-51-mm-i-70-mm\/"},"modified":"2026-02-25T00:01:07","modified_gmt":"2026-02-25T00:01:07","slug":"zavrsni-poklopac-bowman-3419np-51-mm-i-70-mm","status":"publish","type":"product","link":"https:\/\/stoic-curie.212-227-153-4.plesk.page\/hr\/product\/zavrsni-poklopac-bowman-3419np-51-mm-i-70-mm\/","title":{"rendered":"Zavr\u0161ni poklopac Bowman 3419NP (51 mm i 70 mm)"},"content":{"rendered":"<p>Zavr\u0161ni poklopac Bowman 3419NP (51 mm i 70 mm) &#8211; <\/p>\n<div class=\"col-24 col-md-15\">\n<p>Zamjenski Bowmanov gumeni zavr\u0161ni poklopac dizajniran je za razvodnike izmjenjiva\u010da topline hla\u0111enih krmom. Trebali biste primijetiti da va\u0161i trenutni Bowmanovi zavr\u0161ni poklopci imaju svoj broj dijela utisnut na njima kako biste lako identificirali zamjenu koja vam je potrebna. Ovo je Bowmanov broj dijela 3419NP, koji je zatvoreni poklopac.<\/p>\n<p>Ovaj poklopac izmjenjiva\u010da topline pogodan je za kori\u0161tenje s sljede\u0107im Bowmanovim izmjenjiva\u010dima topline: BL180, BL250, BL380, BL570, FM160, FM162, FM180, FM240, FM242, FM300, FM400, FM450, FM452, FM600, FM602, FM660, FM662, GM370, GM550, LR250, MB180, MB220, MB300, MB380, MB570, MK130, MK140, ML120, ML130, MS130, MS140, PE180, PE250, PE390, PE580, VW150, VW160 i VW240.<\/p>\n<p>Zamjenjuje Thornycroft 54382778.<\/p>\n<\/div>\n<h3>Specifikacije<\/h3>\n<table class=\"table\">\n<tbody>\n<tr>\n<td><strong>Marka<\/strong><\/td>\n<td>Bowman<\/td>\n<\/tr>\n<tr>\n<td><strong>Ulaz Izlaz<\/strong><\/td>\n<td>Zatvoreni poklopac<\/td>\n<\/tr>\n<tr>\n<td><strong>Dr\u017eava podrijetla<\/strong><\/td>\n<td>Ujedinjeno Kraljevstvo<\/td>\n<\/tr>\n<tr>\n<td><strong>Kut<\/strong><\/td>\n<td>Ravan<\/td>\n<\/tr>\n<tr>\n<td><strong>Materijal<\/strong><\/td>\n<td>Guma<\/td>\n<\/tr>\n<tr>\n<td><strong>Promjer<\/strong><\/td>\n<td>Ulaz ID: 70mm, Ulaz OD: 80mm. Tijelo ID: 51mm, Tijelo OD: 60mm.<\/td>\n<\/tr>\n<tr>\n<td><strong>Zamjenjuje<\/strong><\/td>\n<td>Thornycroft 54382778<\/td>\n<\/tr>\n<tr>\n<td><strong>Prikladnost<\/strong><\/td>\n<td>Bowmanovi izmjenjiva\u010di topline hla\u0111eni krmom &#8211; molimo pogledajte opis za izmjenjiva\u010de topline s kojima je ovaj zavr\u0161ni poklopac prikladan.<\/td>\n<\/tr>\n<\/tbody>\n<\/table>\n","protected":false},"excerpt":{"rendered":"<p>Zavr\u0161ni poklopac Bowman 3419NP (51 mm i 70 mm) &#8211; Zamjenski Bowmanov gumeni zavr\u0161ni poklopac dizajniran je za razvodnike izmjenjiva\u010da<\/p>\n","protected":false},"featured_media":5944911,"comment_status":"open","ping_status":"closed","template":"","meta":[],"product_brand":[2846],"product_cat":[1790],"product_tag":[],"class_list":{"0":"post-743178","1":"product","2":"type-product","3":"status-publish","4":"has-post-thumbnail","6":"product_brand-bowman-hr","7":"product_cat-izmjenjivaci-topline-i-uljni-hladnjaci","9":"first","10":"instock","11":"shipping-taxable","12":"purchasable","13":"product-type-simple"},"_links":{"self":[{"href":"https:\/\/stoic-curie.212-227-153-4.plesk.page\/hr\/wp-json\/wp\/v2\/product\/743178","targetHints":{"allow":["GET"]}}],"collection":[{"href":"https:\/\/stoic-curie.212-227-153-4.plesk.page\/hr\/wp-json\/wp\/v2\/product"}],"about":[{"href":"https:\/\/stoic-curie.212-227-153-4.plesk.page\/hr\/wp-json\/wp\/v2\/types\/product"}],"replies":[{"embeddable":true,"href":"https:\/\/stoic-curie.212-227-153-4.plesk.page\/hr\/wp-json\/wp\/v2\/comments?post=743178"}],"version-history":[{"count":0,"href":"https:\/\/stoic-curie.212-227-153-4.plesk.page\/hr\/wp-json\/wp\/v2\/product\/743178\/revisions"}],"wp:featuredmedia":[{"embeddable":true,"href":"https:\/\/stoic-curie.212-227-153-4.plesk.page\/hr\/wp-json\/wp\/v2\/media\/5944911"}],"wp:attachment":[{"href":"https:\/\/stoic-curie.212-227-153-4.plesk.page\/hr\/wp-json\/wp\/v2\/media?parent=743178"}],"wp:term":[{"taxonomy":"product_brand","embeddable":true,"href":"https:\/\/stoic-curie.212-227-153-4.plesk.page\/hr\/wp-json\/wp\/v2\/product_brand?post=743178"},{"taxonomy":"product_cat","embeddable":true,"href":"https:\/\/stoic-curie.212-227-153-4.plesk.page\/hr\/wp-json\/wp\/v2\/product_cat?post=743178"},{"taxonomy":"product_tag","embeddable":true,"href":"https:\/\/stoic-curie.212-227-153-4.plesk.page\/hr\/wp-json\/wp\/v2\/product_tag?post=743178"}],"curies":[{"name":"wp","href":"https:\/\/api.w.org\/{rel}","templated":true}]}}