{"id":743179,"date":"2025-03-03T18:27:56","date_gmt":"2025-03-03T17:27:56","guid":{"rendered":"https:\/\/stoic-curie.212-227-153-4.plesk.page\/producto\/zavrsni-poklopac-bowman-3421np-68mm-i-90mm\/"},"modified":"2026-02-25T00:01:07","modified_gmt":"2026-02-25T00:01:07","slug":"zavrsni-poklopac-bowman-3421np-68mm-i-90mm","status":"publish","type":"product","link":"https:\/\/stoic-curie.212-227-153-4.plesk.page\/hr\/product\/zavrsni-poklopac-bowman-3421np-68mm-i-90mm\/","title":{"rendered":"Zavr\u0161ni poklopac Bowman 3421NP (68mm i 90mm)"},"content":{"rendered":"<p>Zavr\u0161ni poklopac Bowman 3421NP (68mm i 90mm) &#8211; <\/p>\n<div class=\"col-24 col-md-15\">\n<p>Zamjenska Bowman gumena oblikovana zavr\u0161na kapa, namijenjena za kolektore izmjenjiva\u010da topline hla\u0111enih ki\u0161ama. Trebali biste primijetiti da va\u0161e trenutne Bowman zavr\u0161ne kape imaju svoj broj dijela ugraviran, tako da lako mo\u017eete identificirati zamjenu koja vam je potrebna. Ovo je Bowman broj dijela 3421NP, koji je zavr\u0161ni \u010dep.<\/p>\n<p>Ova zavr\u0161na kapa izmjenjiva\u010da topline pogodna je za kori\u0161tenje s sljede\u0107im Bowman izmjenjiva\u010dima topline: FM300-3799KC, FM450-3658, FM600-3801KC, FM660-3360KC, MB180-3050 i MB570-3280KC.<\/p>\n<\/div>\n<h3>Specifikacije<\/h3>\n<table class=\"table\">\n<tbody>\n<tr>\n<td><strong>Brand<\/strong><\/td>\n<td>Bowman<\/td>\n<\/tr>\n<tr>\n<td><strong>Ulaz Iza\u0161lu<\/strong><\/td>\n<td>Kapica za zamjenu<\/td>\n<\/tr>\n<tr>\n<td><strong>Dr\u017eava podrijetla<\/strong><\/td>\n<td>Ujedinjeno Kraljevstvo<\/td>\n<\/tr>\n<tr>\n<td><strong>Kut<\/strong><\/td>\n<td>Ravan<\/td>\n<\/tr>\n<tr>\n<td><strong>Gra\u0111a<\/strong><\/td>\n<td>Guma<\/td>\n<\/tr>\n<tr>\n<td><strong>Promjer<\/strong><\/td>\n<td>Ulaz ID: 90mm, Ulaz OD: 103mm. Tijelo ID: 68mm, Tijelo OD: 80mm.<\/td>\n<\/tr>\n<tr>\n<td><strong>Prikladnost<\/strong><\/td>\n<td>Bowman izmjenjiva\u010di topline hla\u0111eni ki\u0161ama: FM300-3799KC, FM450-3658, FM600-3801KC, FM660-3360KC, MB180-3050 i MB570-3280KC.<\/td>\n<\/tr>\n<\/tbody>\n<\/table>\n","protected":false},"excerpt":{"rendered":"<p>Zavr\u0161ni poklopac Bowman 3421NP (68mm i 90mm) &#8211; Zamjenska Bowman gumena oblikovana zavr\u0161na kapa, namijenjena za kolektore izmjenjiva\u010da topline hla\u0111enih<\/p>\n","protected":false},"featured_media":5944912,"comment_status":"open","ping_status":"closed","template":"","meta":[],"product_brand":[2846],"product_cat":[1790],"product_tag":[],"class_list":{"0":"post-743179","1":"product","2":"type-product","3":"status-publish","4":"has-post-thumbnail","6":"product_brand-bowman-hr","7":"product_cat-izmjenjivaci-topline-i-uljni-hladnjaci","9":"first","10":"instock","11":"shipping-taxable","12":"purchasable","13":"product-type-simple"},"_links":{"self":[{"href":"https:\/\/stoic-curie.212-227-153-4.plesk.page\/hr\/wp-json\/wp\/v2\/product\/743179","targetHints":{"allow":["GET"]}}],"collection":[{"href":"https:\/\/stoic-curie.212-227-153-4.plesk.page\/hr\/wp-json\/wp\/v2\/product"}],"about":[{"href":"https:\/\/stoic-curie.212-227-153-4.plesk.page\/hr\/wp-json\/wp\/v2\/types\/product"}],"replies":[{"embeddable":true,"href":"https:\/\/stoic-curie.212-227-153-4.plesk.page\/hr\/wp-json\/wp\/v2\/comments?post=743179"}],"version-history":[{"count":0,"href":"https:\/\/stoic-curie.212-227-153-4.plesk.page\/hr\/wp-json\/wp\/v2\/product\/743179\/revisions"}],"wp:featuredmedia":[{"embeddable":true,"href":"https:\/\/stoic-curie.212-227-153-4.plesk.page\/hr\/wp-json\/wp\/v2\/media\/5944912"}],"wp:attachment":[{"href":"https:\/\/stoic-curie.212-227-153-4.plesk.page\/hr\/wp-json\/wp\/v2\/media?parent=743179"}],"wp:term":[{"taxonomy":"product_brand","embeddable":true,"href":"https:\/\/stoic-curie.212-227-153-4.plesk.page\/hr\/wp-json\/wp\/v2\/product_brand?post=743179"},{"taxonomy":"product_cat","embeddable":true,"href":"https:\/\/stoic-curie.212-227-153-4.plesk.page\/hr\/wp-json\/wp\/v2\/product_cat?post=743179"},{"taxonomy":"product_tag","embeddable":true,"href":"https:\/\/stoic-curie.212-227-153-4.plesk.page\/hr\/wp-json\/wp\/v2\/product_tag?post=743179"}],"curies":[{"name":"wp","href":"https:\/\/api.w.org\/{rel}","templated":true}]}}