{"id":743180,"date":"2025-03-03T18:27:56","date_gmt":"2025-03-03T17:27:56","guid":{"rendered":"https:\/\/stoic-curie.212-227-153-4.plesk.page\/producto\/zavrsni-poklopac-bowman-3667np-28mm-i-70mm\/"},"modified":"2026-02-25T00:01:07","modified_gmt":"2026-02-25T00:01:07","slug":"zavrsni-poklopac-bowman-3667np-28mm-i-70mm","status":"publish","type":"product","link":"https:\/\/stoic-curie.212-227-153-4.plesk.page\/hr\/product\/zavrsni-poklopac-bowman-3667np-28mm-i-70mm\/","title":{"rendered":"Zavr\u0161ni poklopac Bowman 3667NP (28mm i 70mm)"},"content":{"rendered":"<p>Zavr\u0161ni poklopac Bowman 3667NP (28mm i 70mm) &#8211; <\/p>\n<div class=\"col-24 col-md-15\">\n<p>Zamjenski Bowman gumeni oblikovani zavr\u0161ni poklopac, dizajniran za morske izmjenjiva\u010de topline. Trebali biste primijetiti da trenutni Bowman zavr\u0161ni poklopci imaju svoj broj dijela utisnut na njima kako biste lako identificirali potrebnu zamjenu. To je broj dijela Bowman 3667NP, koji je ravni izlazni zavr\u0161ni poklopac.<\/p>\n<p>Ovaj zavr\u0161ni poklopac izmjenjiva\u010da topline prikladan je za kori\u0161tenje s sljede\u0107im Bowman izmjenjiva\u010dima topline: FM160-3120, FM162-3872, ML120-3992KC, MS130-4295KC i MS140-4296KC.<\/p>\n<\/div>\n<h3>Specifikacije<\/h3>\n<table class=\"table\">\n<tbody>\n<tr>\n<td><strong>Marka<\/strong><\/td>\n<td>Bowman<\/td>\n<\/tr>\n<tr>\n<td><strong>Ulaz Izlaz<\/strong><\/td>\n<td>28mm<\/td>\n<\/tr>\n<tr>\n<td><strong>Dr\u017eava podrijetla<\/strong><\/td>\n<td>Ujedinjeno Kraljevstvo<\/td>\n<\/tr>\n<tr>\n<td><strong>Kut<\/strong><\/td>\n<td>Ravan<\/td>\n<\/tr>\n<tr>\n<td><strong>Izrada<\/strong><\/td>\n<td>Guma<\/td>\n<\/tr>\n<tr>\n<td><strong>Promjer<\/strong><\/td>\n<td>Ulaz ID: 70mm, Ulaz OD: 80mm. Izlaz ID: 28mm, Izlaz OD: 38mm. Tijelo ID: 51mm, Tijelo OD: 60mm.<\/td>\n<\/tr>\n<tr>\n<td><strong>Pogodnost<\/strong><\/td>\n<td>Bowman izmjenjiva\u010di topline: FM160-3120, FM162-3872, ML120-3992KC, MS130-4295KC i MS140-4296KC.<\/td>\n<\/tr>\n<\/tbody>\n<\/table>\n","protected":false},"excerpt":{"rendered":"<p>Zavr\u0161ni poklopac Bowman 3667NP (28mm i 70mm) &#8211; Zamjenski Bowman gumeni oblikovani zavr\u0161ni poklopac, dizajniran za morske izmjenjiva\u010de topline. Trebali<\/p>\n","protected":false},"featured_media":5944913,"comment_status":"open","ping_status":"closed","template":"","meta":[],"product_brand":[2846],"product_cat":[1790],"product_tag":[],"class_list":{"0":"post-743180","1":"product","2":"type-product","3":"status-publish","4":"has-post-thumbnail","6":"product_brand-bowman-hr","7":"product_cat-izmjenjivaci-topline-i-uljni-hladnjaci","9":"first","10":"instock","11":"shipping-taxable","12":"purchasable","13":"product-type-simple"},"_links":{"self":[{"href":"https:\/\/stoic-curie.212-227-153-4.plesk.page\/hr\/wp-json\/wp\/v2\/product\/743180","targetHints":{"allow":["GET"]}}],"collection":[{"href":"https:\/\/stoic-curie.212-227-153-4.plesk.page\/hr\/wp-json\/wp\/v2\/product"}],"about":[{"href":"https:\/\/stoic-curie.212-227-153-4.plesk.page\/hr\/wp-json\/wp\/v2\/types\/product"}],"replies":[{"embeddable":true,"href":"https:\/\/stoic-curie.212-227-153-4.plesk.page\/hr\/wp-json\/wp\/v2\/comments?post=743180"}],"version-history":[{"count":0,"href":"https:\/\/stoic-curie.212-227-153-4.plesk.page\/hr\/wp-json\/wp\/v2\/product\/743180\/revisions"}],"wp:featuredmedia":[{"embeddable":true,"href":"https:\/\/stoic-curie.212-227-153-4.plesk.page\/hr\/wp-json\/wp\/v2\/media\/5944913"}],"wp:attachment":[{"href":"https:\/\/stoic-curie.212-227-153-4.plesk.page\/hr\/wp-json\/wp\/v2\/media?parent=743180"}],"wp:term":[{"taxonomy":"product_brand","embeddable":true,"href":"https:\/\/stoic-curie.212-227-153-4.plesk.page\/hr\/wp-json\/wp\/v2\/product_brand?post=743180"},{"taxonomy":"product_cat","embeddable":true,"href":"https:\/\/stoic-curie.212-227-153-4.plesk.page\/hr\/wp-json\/wp\/v2\/product_cat?post=743180"},{"taxonomy":"product_tag","embeddable":true,"href":"https:\/\/stoic-curie.212-227-153-4.plesk.page\/hr\/wp-json\/wp\/v2\/product_tag?post=743180"}],"curies":[{"name":"wp","href":"https:\/\/api.w.org\/{rel}","templated":true}]}}