{"id":743181,"date":"2025-03-03T18:27:56","date_gmt":"2025-03-03T17:27:56","guid":{"rendered":"https:\/\/stoic-curie.212-227-153-4.plesk.page\/producto\/zavrsni-poklopac-bowman-3716np-90-32-50-mm\/"},"modified":"2026-02-25T00:01:07","modified_gmt":"2026-02-25T00:01:07","slug":"zavrsni-poklopac-bowman-3716np-90-32-50-mm","status":"publish","type":"product","link":"https:\/\/stoic-curie.212-227-153-4.plesk.page\/hr\/product\/zavrsni-poklopac-bowman-3716np-90-32-50-mm\/","title":{"rendered":"Zavr\u0161ni poklopac Bowman 3716NP 90\u00b0 (32\/50 mm)"},"content":{"rendered":"<p>Zavr\u0161ni poklopac Bowman 3716NP 90\u00b0 (32\/50 mm) &#8211; <\/p>\n<div class=\"col-24 col-md-15\">\n<p>Zamjenska Bowman gumena zavrtnja kapa, dizajnirana za morske rashladnike ulja i cijevne izmjenjiva\u010de topline. Trebali biste primijetiti da va\u0161e trenutne Bowman zavr\u0161ne kape imaju utisnut njihov broj dijela kako biste lako identificirali zamjenu koja vam je potrebna. Ovo je Bowman broj dijela 3716NP, \u0161to je zavr\u0161na kapa sa izlazom od 90 stupnjeva.<\/p>\n<\/div>\n<h3>Specifikacije<\/h3>\n<table class=\"table\">\n<tbody>\n<tr>\n<td><strong>Marka<\/strong><\/td>\n<td>Bowman<\/td>\n<\/tr>\n<tr>\n<td><strong>Ulaz Izlaz<\/strong><\/td>\n<td>32mm<\/td>\n<\/tr>\n<tr>\n<td><strong>Dr\u017eava podrijetla<\/strong><\/td>\n<td>Ujedinjeno Kraljevstvo<\/td>\n<\/tr>\n<tr>\n<td><strong>Kut<\/strong><\/td>\n<td>90 Stupnjeva<\/td>\n<\/tr>\n<tr>\n<td><strong>Materijal<\/strong><\/td>\n<td>Guma<\/td>\n<\/tr>\n<tr>\n<td><strong>Promjer<\/strong><\/td>\n<td>Ulaz ID: 50mm, Ulaz OD: 60mm. Izlaz ID: 32mm, Izlaz OD: 42mm.<\/td>\n<\/tr>\n<tr>\n<td><strong>Prikladnost<\/strong><\/td>\n<td>Morski rashladnici ulja &#038; cijevni izmjenjiva\u010di topline.<\/td>\n<\/tr>\n<\/tbody>\n<\/table>\n","protected":false},"excerpt":{"rendered":"<p>Zavr\u0161ni poklopac Bowman 3716NP 90\u00b0 (32\/50 mm) &#8211; Zamjenska Bowman gumena zavrtnja kapa, dizajnirana za morske rashladnike ulja i cijevne<\/p>\n","protected":false},"featured_media":5944914,"comment_status":"open","ping_status":"closed","template":"","meta":[],"product_brand":[2846],"product_cat":[1790],"product_tag":[],"class_list":{"0":"post-743181","1":"product","2":"type-product","3":"status-publish","4":"has-post-thumbnail","6":"product_brand-bowman-hr","7":"product_cat-izmjenjivaci-topline-i-uljni-hladnjaci","9":"first","10":"instock","11":"shipping-taxable","12":"purchasable","13":"product-type-simple"},"_links":{"self":[{"href":"https:\/\/stoic-curie.212-227-153-4.plesk.page\/hr\/wp-json\/wp\/v2\/product\/743181","targetHints":{"allow":["GET"]}}],"collection":[{"href":"https:\/\/stoic-curie.212-227-153-4.plesk.page\/hr\/wp-json\/wp\/v2\/product"}],"about":[{"href":"https:\/\/stoic-curie.212-227-153-4.plesk.page\/hr\/wp-json\/wp\/v2\/types\/product"}],"replies":[{"embeddable":true,"href":"https:\/\/stoic-curie.212-227-153-4.plesk.page\/hr\/wp-json\/wp\/v2\/comments?post=743181"}],"version-history":[{"count":0,"href":"https:\/\/stoic-curie.212-227-153-4.plesk.page\/hr\/wp-json\/wp\/v2\/product\/743181\/revisions"}],"wp:featuredmedia":[{"embeddable":true,"href":"https:\/\/stoic-curie.212-227-153-4.plesk.page\/hr\/wp-json\/wp\/v2\/media\/5944914"}],"wp:attachment":[{"href":"https:\/\/stoic-curie.212-227-153-4.plesk.page\/hr\/wp-json\/wp\/v2\/media?parent=743181"}],"wp:term":[{"taxonomy":"product_brand","embeddable":true,"href":"https:\/\/stoic-curie.212-227-153-4.plesk.page\/hr\/wp-json\/wp\/v2\/product_brand?post=743181"},{"taxonomy":"product_cat","embeddable":true,"href":"https:\/\/stoic-curie.212-227-153-4.plesk.page\/hr\/wp-json\/wp\/v2\/product_cat?post=743181"},{"taxonomy":"product_tag","embeddable":true,"href":"https:\/\/stoic-curie.212-227-153-4.plesk.page\/hr\/wp-json\/wp\/v2\/product_tag?post=743181"}],"curies":[{"name":"wp","href":"https:\/\/api.w.org\/{rel}","templated":true}]}}