{"id":743183,"date":"2025-03-03T18:27:57","date_gmt":"2025-03-03T17:27:57","guid":{"rendered":"https:\/\/stoic-curie.212-227-153-4.plesk.page\/producto\/bowman-dc50-xaa-rashladnik-ulja\/"},"modified":"2026-02-25T00:01:07","modified_gmt":"2026-02-25T00:01:07","slug":"bowman-dc50-xaa-rashladnik-ulja","status":"publish","type":"product","link":"https:\/\/stoic-curie.212-227-153-4.plesk.page\/hr\/product\/bowman-dc50-xaa-rashladnik-ulja\/","title":{"rendered":"Bowman DC50-XAA, rashladnik ulja"},"content":{"rendered":"<p>Bowman DC50-XAA, rashladnik ulja &#8211; <\/p>\n<div class=\"col-24 col-md-15\">\n<p>Bowman DC50-XAA cijevni izmjenjiva\u010d topline ulja prikladan je za kori\u0161tenje kao hladnjak motornog ulja ili hladnjak ulja mjenja\u010da.<\/p>\n<\/div>\n<h3>Specifikacije<\/h3>\n<table class=\"table\">\n<tbody>\n<tr>\n<td><strong>Duljina<\/strong><\/td>\n<td>210mm (uklju\u010duju\u0107i zavr\u0161ne kape), 125mm (bez zavr\u0161nih kapa)<\/td>\n<\/tr>\n<tr>\n<td><strong>Radna temperatura<\/strong><\/td>\n<td>125\u00b0C Maksimum<\/td>\n<\/tr>\n<tr>\n<td><strong>Radni tlak<\/strong><\/td>\n<td>Ulje: 30 bara Maksimum, Voda: 2 bara Maksimum<\/td>\n<\/tr>\n<tr>\n<td><strong>Brand<\/strong><\/td>\n<td>Bowman<\/td>\n<\/tr>\n<tr>\n<td><strong>Dr\u017eava podrijetla<\/strong><\/td>\n<td>Ujedinjeno Kraljevstvo<\/td>\n<\/tr>\n<tr>\n<td><strong>Menja\u010di koji prenose do<\/strong><\/td>\n<td>100HP &#8211; 75kw<\/td>\n<\/tr>\n<tr>\n<td><strong>Priklju\u010dci<\/strong><\/td>\n<td>Ulje: 3\/8&#8243; BSP \u017eenski, Sirova voda: 22mm preko neopren gumeni poklopci<\/td>\n<\/tr>\n<tr>\n<td><strong>Promjer<\/strong><\/td>\n<td>OD: 51mm<\/td>\n<\/tr>\n<tr>\n<td><strong>Za maksimalnu snagu<\/strong><\/td>\n<td>40HP (30kw)<\/td>\n<\/tr>\n<tr>\n<td><strong>Unutarnji volumen ulja<\/strong><\/td>\n<td>80ml<\/td>\n<\/tr>\n<tr>\n<td><strong>Unutarnji volumen vode<\/strong><\/td>\n<td>160ml<\/td>\n<\/tr>\n<tr>\n<td><strong>Maksimalni tlak<\/strong><\/td>\n<td>Radni tlak ulja: 435 PSI (30 Bar), Radni tlak vode: 29 PSI (2 Bar)<\/td>\n<\/tr>\n<tr>\n<td><strong>Model<\/strong><\/td>\n<td>DC50<\/td>\n<\/tr>\n<tr>\n<td><strong>Protok sirove vode<\/strong><\/td>\n<td>60 LPM maksimum<\/td>\n<\/tr>\n<\/tbody>\n<\/table>\n","protected":false},"excerpt":{"rendered":"<p>Bowman DC50-XAA, rashladnik ulja &#8211; Bowman DC50-XAA cijevni izmjenjiva\u010d topline ulja prikladan je za kori\u0161tenje kao hladnjak motornog ulja ili<\/p>\n","protected":false},"featured_media":5944916,"comment_status":"open","ping_status":"closed","template":"","meta":[],"product_brand":[2846],"product_cat":[1790],"product_tag":[],"class_list":{"0":"post-743183","1":"product","2":"type-product","3":"status-publish","4":"has-post-thumbnail","6":"product_brand-bowman-hr","7":"product_cat-izmjenjivaci-topline-i-uljni-hladnjaci","9":"first","10":"instock","11":"shipping-taxable","12":"purchasable","13":"product-type-simple"},"_links":{"self":[{"href":"https:\/\/stoic-curie.212-227-153-4.plesk.page\/hr\/wp-json\/wp\/v2\/product\/743183","targetHints":{"allow":["GET"]}}],"collection":[{"href":"https:\/\/stoic-curie.212-227-153-4.plesk.page\/hr\/wp-json\/wp\/v2\/product"}],"about":[{"href":"https:\/\/stoic-curie.212-227-153-4.plesk.page\/hr\/wp-json\/wp\/v2\/types\/product"}],"replies":[{"embeddable":true,"href":"https:\/\/stoic-curie.212-227-153-4.plesk.page\/hr\/wp-json\/wp\/v2\/comments?post=743183"}],"version-history":[{"count":0,"href":"https:\/\/stoic-curie.212-227-153-4.plesk.page\/hr\/wp-json\/wp\/v2\/product\/743183\/revisions"}],"wp:featuredmedia":[{"embeddable":true,"href":"https:\/\/stoic-curie.212-227-153-4.plesk.page\/hr\/wp-json\/wp\/v2\/media\/5944916"}],"wp:attachment":[{"href":"https:\/\/stoic-curie.212-227-153-4.plesk.page\/hr\/wp-json\/wp\/v2\/media?parent=743183"}],"wp:term":[{"taxonomy":"product_brand","embeddable":true,"href":"https:\/\/stoic-curie.212-227-153-4.plesk.page\/hr\/wp-json\/wp\/v2\/product_brand?post=743183"},{"taxonomy":"product_cat","embeddable":true,"href":"https:\/\/stoic-curie.212-227-153-4.plesk.page\/hr\/wp-json\/wp\/v2\/product_cat?post=743183"},{"taxonomy":"product_tag","embeddable":true,"href":"https:\/\/stoic-curie.212-227-153-4.plesk.page\/hr\/wp-json\/wp\/v2\/product_tag?post=743183"}],"curies":[{"name":"wp","href":"https:\/\/api.w.org\/{rel}","templated":true}]}}