{"id":743184,"date":"2025-03-03T18:27:58","date_gmt":"2025-03-03T17:27:58","guid":{"rendered":"https:\/\/stoic-curie.212-227-153-4.plesk.page\/producto\/bowman-dc90-yaa-rashladnik-ulja\/"},"modified":"2026-02-25T00:01:07","modified_gmt":"2026-02-25T00:01:07","slug":"bowman-dc90-yaa-rashladnik-ulja","status":"publish","type":"product","link":"https:\/\/stoic-curie.212-227-153-4.plesk.page\/hr\/product\/bowman-dc90-yaa-rashladnik-ulja\/","title":{"rendered":"Bowman DC90-YAA, rashladnik ulja"},"content":{"rendered":"<p>Bowman DC90-YAA, rashladnik ulja &#8211; <\/p>\n<div class=\"col-24\" col-md-15=\"\">\n<p>Bowman DC90-YAA cijevni hladnjak ulja je prikladan za kori\u0161tenje kao hladnjak motornog ulja ili hladnjak ulja mjenja\u010da. Hladnjak ulja odgovara sljede\u0107im motorima: BMC Leyland 498 (3.81), BMC Leyland 698 (5.71), Ford FSD-425-2401E i Mercedes OM617.<\/p>\n<p>Bowman DC90-YAA mo\u017ee zamijeniti Thornycroft hladnjak ulja 54382296.<\/p>\n<\/div>\n<h3>Specifikacije<\/h3>\n<table class=\"table\">\n<tbody>\n<tr>\n<td><strong>Duljina<\/strong><\/td>\n<td>314mm (uklju\u010duju\u0107i zavr\u0161ne kape), 235mm (bez zavr\u0161nih kapa)<\/td>\n<\/tr>\n<tr>\n<td><strong>Radna temperatura<\/strong><\/td>\n<td>Maksimalno 125\u00b0C<\/td>\n<\/tr>\n<tr>\n<td><strong>Marka<\/strong><\/td>\n<td>Bowman<\/td>\n<\/tr>\n<tr>\n<td><strong>Dr\u017eava podrijetla<\/strong><\/td>\n<td>Ujedinjeno Kraljevstvo<\/td>\n<\/tr>\n<tr>\n<td><strong>Menja\u010di koji prenose do<\/strong><\/td>\n<td>200KS &#8211; 150kw<\/td>\n<\/tr>\n<tr>\n<td><strong>Priklju\u010dci<\/strong><\/td>\n<td>Ulje: 1\/2&#8243; BSP \u017eenski, Sirova voda: 22mm putem neopren gumene zavr\u0161ne kape<\/td>\n<\/tr>\n<tr>\n<td><strong>Promjer<\/strong><\/td>\n<td>OD: 51mm<\/td>\n<\/tr>\n<tr>\n<td><strong>Za maksimalnu snagu<\/strong><\/td>\n<td>80KS (60kw)<\/td>\n<\/tr>\n<tr>\n<td><strong>Unutarnji volumen ulja<\/strong><\/td>\n<td>160ml<\/td>\n<\/tr>\n<tr>\n<td><strong>Unutarnji volumen vode<\/strong><\/td>\n<td>240ml<\/td>\n<\/tr>\n<tr>\n<td><strong>Maksimalni tlak<\/strong><\/td>\n<td>Maksimalni radni tlak ulja: 30 Bar, Maksimalni radni tlak vode: 2 Bar<\/td>\n<\/tr>\n<tr>\n<td><strong>Model<\/strong><\/td>\n<td>DC90<\/td>\n<\/tr>\n<tr>\n<td><strong>Protok sirove vode<\/strong><\/td>\n<td>60 LPM maksimalno<\/td>\n<\/tr>\n<tr>\n<td><strong>Zamjenjuje<\/strong><\/td>\n<td>Thornycroft hladnjak ulja 54382296<\/td>\n<\/tr>\n<tr>\n<td><strong>Prikladnost<\/strong><\/td>\n<td>BMC Leyland 4\/98 (3.81) &#038; 6\/98 (5.71), Ford FSD425 &#038; 2401E, Mercedes OM617.<\/td>\n<\/tr>\n<\/tbody>\n<\/table>\n","protected":false},"excerpt":{"rendered":"<p>Bowman DC90-YAA, rashladnik ulja &#8211; Bowman DC90-YAA cijevni hladnjak ulja je prikladan za kori\u0161tenje kao hladnjak motornog ulja ili hladnjak<\/p>\n","protected":false},"featured_media":5944921,"comment_status":"open","ping_status":"closed","template":"","meta":[],"product_brand":[2846],"product_cat":[1790],"product_tag":[],"class_list":{"0":"post-743184","1":"product","2":"type-product","3":"status-publish","4":"has-post-thumbnail","6":"product_brand-bowman-hr","7":"product_cat-izmjenjivaci-topline-i-uljni-hladnjaci","9":"first","10":"instock","11":"shipping-taxable","12":"purchasable","13":"product-type-simple"},"_links":{"self":[{"href":"https:\/\/stoic-curie.212-227-153-4.plesk.page\/hr\/wp-json\/wp\/v2\/product\/743184","targetHints":{"allow":["GET"]}}],"collection":[{"href":"https:\/\/stoic-curie.212-227-153-4.plesk.page\/hr\/wp-json\/wp\/v2\/product"}],"about":[{"href":"https:\/\/stoic-curie.212-227-153-4.plesk.page\/hr\/wp-json\/wp\/v2\/types\/product"}],"replies":[{"embeddable":true,"href":"https:\/\/stoic-curie.212-227-153-4.plesk.page\/hr\/wp-json\/wp\/v2\/comments?post=743184"}],"version-history":[{"count":0,"href":"https:\/\/stoic-curie.212-227-153-4.plesk.page\/hr\/wp-json\/wp\/v2\/product\/743184\/revisions"}],"wp:featuredmedia":[{"embeddable":true,"href":"https:\/\/stoic-curie.212-227-153-4.plesk.page\/hr\/wp-json\/wp\/v2\/media\/5944921"}],"wp:attachment":[{"href":"https:\/\/stoic-curie.212-227-153-4.plesk.page\/hr\/wp-json\/wp\/v2\/media?parent=743184"}],"wp:term":[{"taxonomy":"product_brand","embeddable":true,"href":"https:\/\/stoic-curie.212-227-153-4.plesk.page\/hr\/wp-json\/wp\/v2\/product_brand?post=743184"},{"taxonomy":"product_cat","embeddable":true,"href":"https:\/\/stoic-curie.212-227-153-4.plesk.page\/hr\/wp-json\/wp\/v2\/product_cat?post=743184"},{"taxonomy":"product_tag","embeddable":true,"href":"https:\/\/stoic-curie.212-227-153-4.plesk.page\/hr\/wp-json\/wp\/v2\/product_tag?post=743184"}],"curies":[{"name":"wp","href":"https:\/\/api.w.org\/{rel}","templated":true}]}}