{"id":743185,"date":"2025-03-03T18:27:58","date_gmt":"2025-03-03T17:27:58","guid":{"rendered":"https:\/\/stoic-curie.212-227-153-4.plesk.page\/producto\/bowman-dc90-ybb-rashladnik-ulja\/"},"modified":"2026-02-25T00:01:07","modified_gmt":"2026-02-25T00:01:07","slug":"bowman-dc90-ybb-rashladnik-ulja","status":"publish","type":"product","link":"https:\/\/stoic-curie.212-227-153-4.plesk.page\/hr\/product\/bowman-dc90-ybb-rashladnik-ulja\/","title":{"rendered":"Bowman DC90-YBB, rashladnik ulja"},"content":{"rendered":"<p>Bowman DC90-YBB, rashladnik ulja &#8211; <\/p>\n<div class=\"col-24\" col-md-15=\"\">\n<p>Bowman DC90-YBB cijevni izmjenjiva\u010d topline za ulje prikladan je za upotrebu kao rashladnik motornog ulja ili rashladnik ulja mjenja\u010da.<\/p>\n<\/div>\n<h3>Specifikacije<\/h3>\n<table class=\"table\">\n<tbody>\n<tr>\n<td><strong>Duljina<\/strong><\/td>\n<td>314 mm (uklju\u010duju\u0107i kraj cijevi), 235 mm (bez zavr\u0161nih cijevi)<\/td>\n<\/tr>\n<tr>\n<td><strong>Temperatura rada<\/strong><\/td>\n<td>125 \u00b0C Maksimum<\/td>\n<\/tr>\n<tr>\n<td><strong>Marka<\/strong><\/td>\n<td>Bowman<\/td>\n<\/tr>\n<tr>\n<td><strong>Zemlja podrijetla<\/strong><\/td>\n<td>Ujedinjeno Kraljevstvo<\/td>\n<\/tr>\n<tr>\n<td><strong>Mjenja\u010di koji prenose do<\/strong><\/td>\n<td>200 HP &#8211; 150 kW<\/td>\n<\/tr>\n<tr>\n<td><strong>Povezivanje<\/strong><\/td>\n<td>Ulje: 1\/2&#8243; BSP \u017eenski, Siroma\u0161na voda: 28 mm preko neopren gumene kapice<\/td>\n<\/tr>\n<tr>\n<td><strong>Promjer<\/strong><\/td>\n<td>OD: 51 mm<\/td>\n<\/tr>\n<tr>\n<td><strong>Za maksimalnu snagu<\/strong><\/td>\n<td>80 HP (60 kW)<\/td>\n<\/tr>\n<tr>\n<td><strong>Unutarnji volumen ulja<\/strong><\/td>\n<td>160 ml<\/td>\n<\/tr>\n<tr>\n<td><strong>Unutarnji volumen vode<\/strong><\/td>\n<td>240 ml<\/td>\n<\/tr>\n<tr>\n<td><strong>Maksimalni tlak<\/strong><\/td>\n<td>Maksimalni radni tlak ulja: 30 Bar, Maksimalni radni tlak vode: 2 Bar<\/td>\n<\/tr>\n<tr>\n<td><strong>Model<\/strong><\/td>\n<td>DC90<\/td>\n<\/tr>\n<tr>\n<td><strong>Proto\u010dnost sirove vode<\/strong><\/td>\n<td>60 LPM maksimum<\/td>\n<\/tr>\n<\/tbody>\n<\/table>\n","protected":false},"excerpt":{"rendered":"<p>Bowman DC90-YBB, rashladnik ulja &#8211; Bowman DC90-YBB cijevni izmjenjiva\u010d topline za ulje prikladan je za upotrebu kao rashladnik motornog ulja<\/p>\n","protected":false},"featured_media":5944926,"comment_status":"open","ping_status":"closed","template":"","meta":[],"product_brand":[2846],"product_cat":[1790],"product_tag":[],"class_list":{"0":"post-743185","1":"product","2":"type-product","3":"status-publish","4":"has-post-thumbnail","6":"product_brand-bowman-hr","7":"product_cat-izmjenjivaci-topline-i-uljni-hladnjaci","9":"first","10":"instock","11":"shipping-taxable","12":"purchasable","13":"product-type-simple"},"_links":{"self":[{"href":"https:\/\/stoic-curie.212-227-153-4.plesk.page\/hr\/wp-json\/wp\/v2\/product\/743185","targetHints":{"allow":["GET"]}}],"collection":[{"href":"https:\/\/stoic-curie.212-227-153-4.plesk.page\/hr\/wp-json\/wp\/v2\/product"}],"about":[{"href":"https:\/\/stoic-curie.212-227-153-4.plesk.page\/hr\/wp-json\/wp\/v2\/types\/product"}],"replies":[{"embeddable":true,"href":"https:\/\/stoic-curie.212-227-153-4.plesk.page\/hr\/wp-json\/wp\/v2\/comments?post=743185"}],"version-history":[{"count":0,"href":"https:\/\/stoic-curie.212-227-153-4.plesk.page\/hr\/wp-json\/wp\/v2\/product\/743185\/revisions"}],"wp:featuredmedia":[{"embeddable":true,"href":"https:\/\/stoic-curie.212-227-153-4.plesk.page\/hr\/wp-json\/wp\/v2\/media\/5944926"}],"wp:attachment":[{"href":"https:\/\/stoic-curie.212-227-153-4.plesk.page\/hr\/wp-json\/wp\/v2\/media?parent=743185"}],"wp:term":[{"taxonomy":"product_brand","embeddable":true,"href":"https:\/\/stoic-curie.212-227-153-4.plesk.page\/hr\/wp-json\/wp\/v2\/product_brand?post=743185"},{"taxonomy":"product_cat","embeddable":true,"href":"https:\/\/stoic-curie.212-227-153-4.plesk.page\/hr\/wp-json\/wp\/v2\/product_cat?post=743185"},{"taxonomy":"product_tag","embeddable":true,"href":"https:\/\/stoic-curie.212-227-153-4.plesk.page\/hr\/wp-json\/wp\/v2\/product_tag?post=743185"}],"curies":[{"name":"wp","href":"https:\/\/api.w.org\/{rel}","templated":true}]}}