{"id":743186,"date":"2025-03-03T18:27:58","date_gmt":"2025-03-03T17:27:58","guid":{"rendered":"https:\/\/stoic-curie.212-227-153-4.plesk.page\/producto\/bowman-dc120-yaa-rashladnik-ulja\/"},"modified":"2026-02-25T00:01:07","modified_gmt":"2026-02-25T00:01:07","slug":"bowman-dc120-yaa-rashladnik-ulja","status":"publish","type":"product","link":"https:\/\/stoic-curie.212-227-153-4.plesk.page\/hr\/product\/bowman-dc120-yaa-rashladnik-ulja\/","title":{"rendered":"Bowman DC120-YAA, rashladnik ulja"},"content":{"rendered":"<p>Bowman DC120-YAA, rashladnik ulja &#8211; <\/p>\n<div class=\"col-24\" col-md-15=\"\">\n<p>Bowman DC120-YAA cijevni hladnjak ulja je prikladan za kori\u0161tenje kao hladnjak ulja motora ili hladnjak ulja mjenja\u010da. Ovaj hladnjak ulja odgovara sljede\u0107im motorima: Ford FSD425T, Ford 2613, Ford 2614, Ford 2615E, Ford 2654, Ford 2655, Ford 2656 i Ford 2658E.<\/p>\n<\/div>\n<h3>Tehni\u010dke specifikacije<\/h3>\n<table class=\"table\">\n<tbody>\n<tr>\n<td><strong>Duljina<\/strong><\/td>\n<td>396 mm (uklju\u010duju\u0107i zavr\u0161ne \u010depove), 320 mm (bez zavr\u0161nih \u010depova)<\/td>\n<\/tr>\n<tr>\n<td><strong>Radna temperatura<\/strong><\/td>\n<td>125\u00b0C<\/td>\n<\/tr>\n<tr>\n<td><strong>Marka<\/strong><\/td>\n<td>Bowman<\/td>\n<\/tr>\n<tr>\n<td><strong>Dr\u017eava podrijetla<\/strong><\/td>\n<td>Ujedinjeno Kraljevstvo<\/td>\n<\/tr>\n<tr>\n<td><strong>Mjenja\u010d koji prenosi do<\/strong><\/td>\n<td>240 KS &#8211; 180 kW<\/td>\n<\/tr>\n<tr>\n<td><strong>Povezivanje<\/strong><\/td>\n<td>Ulje: 1\/2&#8243; BSP \u017eenski, sirova voda: 22 mm putem neopren gumene zavr\u0161ne \u010depove (3365NP)<\/td>\n<\/tr>\n<tr>\n<td><strong>Promjer<\/strong><\/td>\n<td>OD: 51 mm<\/td>\n<\/tr>\n<tr>\n<td><strong>Za maksimalnu snagu<\/strong><\/td>\n<td>107 KS (80 kW)<\/td>\n<\/tr>\n<tr>\n<td><strong>Unutarnji volumen ulja<\/strong><\/td>\n<td>200 ml<\/td>\n<\/tr>\n<tr>\n<td><strong>Unutarnji volumen vode<\/strong><\/td>\n<td>325 ml<\/td>\n<\/tr>\n<tr>\n<td><strong>Maksimalni tlak<\/strong><\/td>\n<td>Maksimalni radni tlak ulja: 30 Bar, Maksimalni radni tlak vode: 2 Bar<\/td>\n<\/tr>\n<tr>\n<td><strong>Model<\/strong><\/td>\n<td>DC120<\/td>\n<\/tr>\n<tr>\n<td><strong>Protok sirove vode<\/strong><\/td>\n<td>Maksimum 60 LPM<\/td>\n<\/tr>\n<tr>\n<td><strong>Prikladnost<\/strong><\/td>\n<td>Motori Ford FSD425T, 2613, 2614, 2615E, 2654, 2655, 2656 i 2658E.<\/td>\n<\/tr>\n<\/tbody>\n<\/table>\n","protected":false},"excerpt":{"rendered":"<p>Bowman DC120-YAA, rashladnik ulja &#8211; Bowman DC120-YAA cijevni hladnjak ulja je prikladan za kori\u0161tenje kao hladnjak ulja motora ili hladnjak<\/p>\n","protected":false},"featured_media":5944932,"comment_status":"open","ping_status":"closed","template":"","meta":[],"product_brand":[2846],"product_cat":[1790],"product_tag":[],"class_list":{"0":"post-743186","1":"product","2":"type-product","3":"status-publish","4":"has-post-thumbnail","6":"product_brand-bowman-hr","7":"product_cat-izmjenjivaci-topline-i-uljni-hladnjaci","9":"first","10":"instock","11":"shipping-taxable","12":"purchasable","13":"product-type-simple"},"_links":{"self":[{"href":"https:\/\/stoic-curie.212-227-153-4.plesk.page\/hr\/wp-json\/wp\/v2\/product\/743186","targetHints":{"allow":["GET"]}}],"collection":[{"href":"https:\/\/stoic-curie.212-227-153-4.plesk.page\/hr\/wp-json\/wp\/v2\/product"}],"about":[{"href":"https:\/\/stoic-curie.212-227-153-4.plesk.page\/hr\/wp-json\/wp\/v2\/types\/product"}],"replies":[{"embeddable":true,"href":"https:\/\/stoic-curie.212-227-153-4.plesk.page\/hr\/wp-json\/wp\/v2\/comments?post=743186"}],"version-history":[{"count":0,"href":"https:\/\/stoic-curie.212-227-153-4.plesk.page\/hr\/wp-json\/wp\/v2\/product\/743186\/revisions"}],"wp:featuredmedia":[{"embeddable":true,"href":"https:\/\/stoic-curie.212-227-153-4.plesk.page\/hr\/wp-json\/wp\/v2\/media\/5944932"}],"wp:attachment":[{"href":"https:\/\/stoic-curie.212-227-153-4.plesk.page\/hr\/wp-json\/wp\/v2\/media?parent=743186"}],"wp:term":[{"taxonomy":"product_brand","embeddable":true,"href":"https:\/\/stoic-curie.212-227-153-4.plesk.page\/hr\/wp-json\/wp\/v2\/product_brand?post=743186"},{"taxonomy":"product_cat","embeddable":true,"href":"https:\/\/stoic-curie.212-227-153-4.plesk.page\/hr\/wp-json\/wp\/v2\/product_cat?post=743186"},{"taxonomy":"product_tag","embeddable":true,"href":"https:\/\/stoic-curie.212-227-153-4.plesk.page\/hr\/wp-json\/wp\/v2\/product_tag?post=743186"}],"curies":[{"name":"wp","href":"https:\/\/api.w.org\/{rel}","templated":true}]}}