{"id":743187,"date":"2025-03-03T18:27:59","date_gmt":"2025-03-03T17:27:59","guid":{"rendered":"https:\/\/stoic-curie.212-227-153-4.plesk.page\/producto\/bowman-ec80-2028-1-32mm-rashladnik-hidraulickog-ulja\/"},"modified":"2026-02-25T00:01:07","modified_gmt":"2026-02-25T00:01:07","slug":"bowman-ec80-2028-1-32mm-rashladnik-hidraulickog-ulja","status":"publish","type":"product","link":"https:\/\/stoic-curie.212-227-153-4.plesk.page\/hr\/product\/bowman-ec80-2028-1-32mm-rashladnik-hidraulickog-ulja\/","title":{"rendered":"Bowman EC80-2028-1 32mm, rashladnik hidrauli\u010dkog ulja"},"content":{"rendered":"<p>Bowman EC80-2028-1 32mm, rashladnik hidrauli\u010dkog ulja &#8211; <\/p>\n<div class=\"col-24\" col-md-15=\"\">\n<p>Bowman EC80-2028-1 cijevni hladnjak ulja izmjenjiva\u010d topline dizajniran je za hla\u0111enje motornog ulja.<\/p>\n<\/div>\n<h3>Specifikacije<\/h3>\n<table class=\"table\">\n<tbody>\n<tr>\n<td><strong>Duljina<\/strong><\/td>\n<td>200mm<\/td>\n<\/tr>\n<tr>\n<td><strong>Marka<\/strong><\/td>\n<td>Bowman<\/td>\n<\/tr>\n<tr>\n<td><strong>Dr\u017eava podrijetla<\/strong><\/td>\n<td>Ujedinjeno Kraljevstvo<\/td>\n<\/tr>\n<tr>\n<td><strong>Povezivanja<\/strong><\/td>\n<td>Ulje: 1\/2&#8243; BSP \u017eenski, siroma voda: ravni morski mesingovi poklopci za 32mm ID cijev<\/td>\n<\/tr>\n<tr>\n<td><strong>Izgradnja<\/strong><\/td>\n<td>Kopper-nikelska cijev sa morskim mesingovim poklopcima<\/td>\n<\/tr>\n<tr>\n<td><strong>Promjer<\/strong><\/td>\n<td>OD: 100mm<\/td>\n<\/tr>\n<tr>\n<td><strong>Za maksimalnu snagu<\/strong><\/td>\n<td>80HP (60kW)<\/td>\n<\/tr>\n<tr>\n<td><strong>Model<\/strong><\/td>\n<td>EC80<\/td>\n<\/tr>\n<tr>\n<td><strong>Prikladnost<\/strong><\/td>\n<td>BMC Leyland 4\/98 (3.81), Ford 2711, 2712E, 2722, BSD329, BSD332, BSD333 &#038; BSD333H, General Motors 220, New Holland Genesis 450, Perkins 4236.<\/td>\n<\/tr>\n<\/tbody>\n<\/table>\n","protected":false},"excerpt":{"rendered":"<p>Bowman EC80-2028-1 32mm, rashladnik hidrauli\u010dkog ulja &#8211; Bowman EC80-2028-1 cijevni hladnjak ulja izmjenjiva\u010d topline dizajniran je za hla\u0111enje motornog ulja.<\/p>\n","protected":false},"featured_media":5944938,"comment_status":"open","ping_status":"closed","template":"","meta":[],"product_brand":[2846],"product_cat":[1790],"product_tag":[],"class_list":{"0":"post-743187","1":"product","2":"type-product","3":"status-publish","4":"has-post-thumbnail","6":"product_brand-bowman-hr","7":"product_cat-izmjenjivaci-topline-i-uljni-hladnjaci","9":"first","10":"instock","11":"shipping-taxable","12":"purchasable","13":"product-type-simple"},"_links":{"self":[{"href":"https:\/\/stoic-curie.212-227-153-4.plesk.page\/hr\/wp-json\/wp\/v2\/product\/743187","targetHints":{"allow":["GET"]}}],"collection":[{"href":"https:\/\/stoic-curie.212-227-153-4.plesk.page\/hr\/wp-json\/wp\/v2\/product"}],"about":[{"href":"https:\/\/stoic-curie.212-227-153-4.plesk.page\/hr\/wp-json\/wp\/v2\/types\/product"}],"replies":[{"embeddable":true,"href":"https:\/\/stoic-curie.212-227-153-4.plesk.page\/hr\/wp-json\/wp\/v2\/comments?post=743187"}],"version-history":[{"count":0,"href":"https:\/\/stoic-curie.212-227-153-4.plesk.page\/hr\/wp-json\/wp\/v2\/product\/743187\/revisions"}],"wp:featuredmedia":[{"embeddable":true,"href":"https:\/\/stoic-curie.212-227-153-4.plesk.page\/hr\/wp-json\/wp\/v2\/media\/5944938"}],"wp:attachment":[{"href":"https:\/\/stoic-curie.212-227-153-4.plesk.page\/hr\/wp-json\/wp\/v2\/media?parent=743187"}],"wp:term":[{"taxonomy":"product_brand","embeddable":true,"href":"https:\/\/stoic-curie.212-227-153-4.plesk.page\/hr\/wp-json\/wp\/v2\/product_brand?post=743187"},{"taxonomy":"product_cat","embeddable":true,"href":"https:\/\/stoic-curie.212-227-153-4.plesk.page\/hr\/wp-json\/wp\/v2\/product_cat?post=743187"},{"taxonomy":"product_tag","embeddable":true,"href":"https:\/\/stoic-curie.212-227-153-4.plesk.page\/hr\/wp-json\/wp\/v2\/product_tag?post=743187"}],"curies":[{"name":"wp","href":"https:\/\/api.w.org\/{rel}","templated":true}]}}