{"id":743193,"date":"2025-03-03T18:28:01","date_gmt":"2025-03-03T17:28:01","guid":{"rendered":"https:\/\/stoic-curie.212-227-153-4.plesk.page\/producto\/orbitrade-21430-kit-brtve-glave-za-volvo-penta-md7a-b-brodske-motore\/"},"modified":"2026-02-25T00:01:07","modified_gmt":"2026-02-25T00:01:07","slug":"orbitrade-21430-kit-brtve-glave-za-volvo-penta-md7a-b-brodske-motore","status":"publish","type":"product","link":"https:\/\/stoic-curie.212-227-153-4.plesk.page\/hr\/product\/orbitrade-21430-kit-brtve-glave-za-volvo-penta-md7a-b-brodske-motore\/","title":{"rendered":"Orbitrade 21430 Kit brtve glave za volvo penta MD7A \/ B brodske motore"},"content":{"rendered":"<p>Orbitrade 21430 Kit brtve glave za volvo penta MD7A \/ B brodske motore &#8211; <\/p>\n<div class=\"col-24 col-md-15\">\n<p>Orbitrade Marine set brtvila glave motora dizajniran je za zamjenu Volvo dijelova 876430 i 875613. Ovaj set brtvila pogodan je za Volvo Penta MD7A (do MO -35144) i MD7B (do MO -35144) pomorske motore.<\/p>\n<p>Orbitrade 21430 brtva glave motora smje\u0161ta se izme\u0111u bloka motora i glave motora, te je dizajnirana da osigura maksimalnu kompresiju i sprije\u010di curenje ulja ili rashladne teku\u0107ine u cilindre.<\/p>\n<\/div>\n<h3>Specifikacije<\/h3>\n<table class=\"table\">\n<tbody>\n<tr>\n<td><strong>Marka<\/strong><\/td>\n<td>Orbitrade Marine<\/td>\n<\/tr>\n<tr>\n<td><strong>Zamjenjuje<\/strong><\/td>\n<td>Volvo 876430 i 875613<\/td>\n<\/tr>\n<tr>\n<td><strong>Prikladnost<\/strong><\/td>\n<td>Volvo Penta: MD7A &#038; MD7B (do MO -35144)<\/td>\n<\/tr>\n<\/tbody>\n<\/table>\n","protected":false},"excerpt":{"rendered":"<p>Orbitrade 21430 Kit brtve glave za volvo penta MD7A \/ B brodske motore &#8211; Orbitrade Marine set brtvila glave motora<\/p>\n","protected":false},"featured_media":5944976,"comment_status":"open","ping_status":"closed","template":"","meta":[],"product_brand":[3226],"product_cat":[1829],"product_tag":[],"class_list":{"0":"post-743193","1":"product","2":"type-product","3":"status-publish","4":"has-post-thumbnail","6":"product_brand-orbitrade-marine-hr","7":"product_cat-rezervni-dijelovi-za-motore-volvo-penta","9":"first","10":"instock","11":"shipping-taxable","12":"purchasable","13":"product-type-simple"},"_links":{"self":[{"href":"https:\/\/stoic-curie.212-227-153-4.plesk.page\/hr\/wp-json\/wp\/v2\/product\/743193","targetHints":{"allow":["GET"]}}],"collection":[{"href":"https:\/\/stoic-curie.212-227-153-4.plesk.page\/hr\/wp-json\/wp\/v2\/product"}],"about":[{"href":"https:\/\/stoic-curie.212-227-153-4.plesk.page\/hr\/wp-json\/wp\/v2\/types\/product"}],"replies":[{"embeddable":true,"href":"https:\/\/stoic-curie.212-227-153-4.plesk.page\/hr\/wp-json\/wp\/v2\/comments?post=743193"}],"version-history":[{"count":0,"href":"https:\/\/stoic-curie.212-227-153-4.plesk.page\/hr\/wp-json\/wp\/v2\/product\/743193\/revisions"}],"wp:featuredmedia":[{"embeddable":true,"href":"https:\/\/stoic-curie.212-227-153-4.plesk.page\/hr\/wp-json\/wp\/v2\/media\/5944976"}],"wp:attachment":[{"href":"https:\/\/stoic-curie.212-227-153-4.plesk.page\/hr\/wp-json\/wp\/v2\/media?parent=743193"}],"wp:term":[{"taxonomy":"product_brand","embeddable":true,"href":"https:\/\/stoic-curie.212-227-153-4.plesk.page\/hr\/wp-json\/wp\/v2\/product_brand?post=743193"},{"taxonomy":"product_cat","embeddable":true,"href":"https:\/\/stoic-curie.212-227-153-4.plesk.page\/hr\/wp-json\/wp\/v2\/product_cat?post=743193"},{"taxonomy":"product_tag","embeddable":true,"href":"https:\/\/stoic-curie.212-227-153-4.plesk.page\/hr\/wp-json\/wp\/v2\/product_tag?post=743193"}],"curies":[{"name":"wp","href":"https:\/\/api.w.org\/{rel}","templated":true}]}}