{"id":743194,"date":"2025-03-03T18:28:01","date_gmt":"2025-03-03T17:28:01","guid":{"rendered":"https:\/\/stoic-curie.212-227-153-4.plesk.page\/producto\/jabsco-neoprenski-impeler-za-key-drive-pumpu-6-ostrica-51mm-od-22mm-sirok\/"},"modified":"2026-02-25T00:01:07","modified_gmt":"2026-02-25T00:01:07","slug":"jabsco-neoprenski-impeler-za-key-drive-pumpu-6-ostrica-51mm-od-22mm-sirok","status":"publish","type":"product","link":"https:\/\/stoic-curie.212-227-153-4.plesk.page\/hr\/product\/jabsco-neoprenski-impeler-za-key-drive-pumpu-6-ostrica-51mm-od-22mm-sirok\/","title":{"rendered":"Jabsco Neoprenski impeler za key drive pumpu (6 o\u0161trica, 51mm OD, 22mm \u0161irok)"},"content":{"rendered":"<p>Jabsco Neoprenski impeler za key drive pumpu (6 o\u0161trica, 51mm OD, 22mm \u0161irok) &#8211; Fleksibilni neopren impulsor Jabsco 22799-0001 ima 6 o\u0161trica i stru\u017eni pogon, pogodan za pumpe Jabsco 22790-1001 i 22790-1001. Fleksibilni neopren impulsori Jabsco koriste se za pumpanje slatke ili slane vode; neopren impulsori su naj\u010de\u0161\u0107e kori\u0161teni materijal i prikladni su za upotrebu kada su prisutne samo male koli\u010dine ulja ili dizela. Fleksibilni impulsori Jabsco podlo\u017eni su strogim procesima kvalitete kako bi se osigurale pouzdane, u\u010dinkovite i dugotrajne performanse. Trebali biste zamijeniti svoje fleksibilne pumpe barem jednom godi\u0161nje ili ranije, ovisno o kori\u0161tenju. Kada je instalacija ispravna, impulsor mo\u017ee trajati nekoliko godina, ali uvijek se preporu\u010duje pridr\u017eavanje rasporeda preventivnog nego korektivnog odr\u017eavanja. Fleksibilni neopren impulsor Jabsco 22799-0001 zamjenjuje sljede\u0107e impulse: &#8211; Ancor Impulsor: 50016 &#8211; Kohler impulsori: 229955 &#038; 250872 &#8211; Jabsco impulsor: 22799-0001 &#8211; Vetus impulsori: IMP00101 &#038; 101 &#8211; Yanmar impulsi: 124223-42091, 124223-42092, 128296-42070 &#038; 128620-42200 &#8211; Johnson impulsor: 09-827. Ovaj impulsor ima G profil.<\/p>\n","protected":false},"excerpt":{"rendered":"<p>Jabsco Neoprenski impeler za key drive pumpu (6 o\u0161trica, 51mm OD, 22mm \u0161irok) &#8211; Fleksibilni neopren impulsor Jabsco 22799-0001 ima<\/p>\n","protected":false},"featured_media":5944977,"comment_status":"open","ping_status":"closed","template":"","meta":[],"product_brand":[3031],"product_cat":[1816],"product_tag":[],"class_list":{"0":"post-743194","1":"product","2":"type-product","3":"status-publish","4":"has-post-thumbnail","6":"product_brand-jabsco-marine-hr","7":"product_cat-rezervni-dijelovi-za-motore-yanmar","9":"first","10":"instock","11":"shipping-taxable","12":"purchasable","13":"product-type-simple"},"_links":{"self":[{"href":"https:\/\/stoic-curie.212-227-153-4.plesk.page\/hr\/wp-json\/wp\/v2\/product\/743194","targetHints":{"allow":["GET"]}}],"collection":[{"href":"https:\/\/stoic-curie.212-227-153-4.plesk.page\/hr\/wp-json\/wp\/v2\/product"}],"about":[{"href":"https:\/\/stoic-curie.212-227-153-4.plesk.page\/hr\/wp-json\/wp\/v2\/types\/product"}],"replies":[{"embeddable":true,"href":"https:\/\/stoic-curie.212-227-153-4.plesk.page\/hr\/wp-json\/wp\/v2\/comments?post=743194"}],"version-history":[{"count":0,"href":"https:\/\/stoic-curie.212-227-153-4.plesk.page\/hr\/wp-json\/wp\/v2\/product\/743194\/revisions"}],"wp:featuredmedia":[{"embeddable":true,"href":"https:\/\/stoic-curie.212-227-153-4.plesk.page\/hr\/wp-json\/wp\/v2\/media\/5944977"}],"wp:attachment":[{"href":"https:\/\/stoic-curie.212-227-153-4.plesk.page\/hr\/wp-json\/wp\/v2\/media?parent=743194"}],"wp:term":[{"taxonomy":"product_brand","embeddable":true,"href":"https:\/\/stoic-curie.212-227-153-4.plesk.page\/hr\/wp-json\/wp\/v2\/product_brand?post=743194"},{"taxonomy":"product_cat","embeddable":true,"href":"https:\/\/stoic-curie.212-227-153-4.plesk.page\/hr\/wp-json\/wp\/v2\/product_cat?post=743194"},{"taxonomy":"product_tag","embeddable":true,"href":"https:\/\/stoic-curie.212-227-153-4.plesk.page\/hr\/wp-json\/wp\/v2\/product_tag?post=743194"}],"curies":[{"name":"wp","href":"https:\/\/api.w.org\/{rel}","templated":true}]}}