{"id":743195,"date":"2025-03-03T18:28:02","date_gmt":"2025-03-03T17:28:02","guid":{"rendered":"https:\/\/stoic-curie.212-227-153-4.plesk.page\/producto\/seaflow-superflex-crijevo-za-gorivo-iso-7840-a1-38mm\/"},"modified":"2026-02-25T00:01:07","modified_gmt":"2026-02-25T00:01:07","slug":"seaflow-superflex-crijevo-za-gorivo-iso-7840-a1-38mm","status":"publish","type":"product","link":"https:\/\/stoic-curie.212-227-153-4.plesk.page\/hr\/product\/seaflow-superflex-crijevo-za-gorivo-iso-7840-a1-38mm\/","title":{"rendered":"Seaflow Superflex crijevo za gorivo ISO 7840 A1 38mm"},"content":{"rendered":"<p>Seaflow Superflex crijevo za gorivo ISO 7840 A1 38mm &#8211; Seaflow superflex morska cijev za prijenos goriva pogodna je za dizel i benzin bez olova. Ova cijev za gorivo mo\u017ee se koristiti u linijama za opskrbu i povrat goriva, ventilima rezervoara za gorivo i punjenju rezervoara za gorivo, kao i u drugim aplikacijama koje su u podru\u010djima rizika od po\u017eara. Ova cijev je posebno napravljena da zadovolji ISO 7840 A1 zahtjeve, \u0161to zna\u010di da je otporna na vatru najmanje 2 minute.<\/p>\n<p>Ova Seaflow cijev za gorivo ima crnu, sinteti\u010dku gumu oja\u010danu tekstilom i \u010deli\u010dnom \u017eicom, koja je otporna na plamen, abraziju, ozon, vremenske uvjete, toplinu i ulje. Unutarnja cijev je glatka i izra\u0111ena je od crne NBR gume koja zatvara do 50% mirisa goriva. Ova cijev za gorivo tako\u0111er je izuzetno fleksibilna i lagana, \u0161to omogu\u0107ava jednostavnu instalaciju.<\/p>\n<p>Ova Seaflow superflex cijev za gorivo dostupna je s unutarnjim promjerima od 25 mm, 32 mm, 38 mm i 51 mm, te se prodaje po metru. Izrezuje se iz 20 metarskog koluta, tako da narud\u017ebe ve\u0107e od toga ne\u0107e biti isporu\u010dene kao jedna du\u017eina cijevi. Kompletni koluti su tako\u0111er dostupni za kupnju.<\/p>\n<h3>Specifikacije<\/h3>\n<table class=\"table\">\n<tbody>\n<tr>\n<td><strong>Odobrenja<\/strong><\/td>\n<td>Ocijenjeno prema ISO7840 A1. Odobreno CE, RINA i Lloyd&#8217;s.<\/td>\n<\/tr>\n<tr>\n<td><strong>Temperaturni raspon<\/strong><\/td>\n<td>-20\u00b0C do +100\u00b0C<\/td>\n<\/tr>\n<tr>\n<td><strong>Radni tlak<\/strong><\/td>\n<td>36 PSI (2,5 bara)<\/td>\n<\/tr>\n<tr>\n<td><strong>Brand<\/strong><\/td>\n<td>Seaflow<\/td>\n<\/tr>\n<tr>\n<td><strong>Prodajna jedinica<\/strong><\/td>\n<td>Po metru<\/td>\n<\/tr>\n<tr>\n<td><strong>Radijus savijanja<\/strong><\/td>\n<td>190 mm<\/td>\n<\/tr>\n<tr>\n<td><strong>Prsna tlak<\/strong><\/td>\n<td>145 PSI (10 bara)<\/td>\n<\/tr>\n<tr>\n<td><strong>Konstrukcija<\/strong><\/td>\n<td>Sinteti\u010dka, otporna na plamen, gumena navlaka s glatkom NBR crnom gumom unutar cijevi. Cijev je oja\u010dana \u010deli\u010dnim \u017eicama i sinteti\u010dkim koncima.<\/td>\n<\/tr>\n<tr>\n<td><strong>Promjer<\/strong><\/td>\n<td>38 mm (1-1\/2&#8243;) ID, 50 mm OD<\/td>\n<\/tr>\n<tr>\n<td><strong>Prazni tlak<\/strong><\/td>\n<td>11 PSI (0,8 bara)<\/td>\n<\/tr>\n<\/tbody>\n<\/table>\n","protected":false},"excerpt":{"rendered":"<p>Seaflow Superflex crijevo za gorivo ISO 7840 A1 38mm &#8211; Seaflow superflex morska cijev za prijenos goriva pogodna je za<\/p>\n","protected":false},"featured_media":5944978,"comment_status":"open","ping_status":"closed","template":"","meta":[],"product_brand":[3356],"product_cat":[1799],"product_tag":[],"class_list":{"0":"post-743195","1":"product","2":"type-product","3":"status-publish","4":"has-post-thumbnail","6":"product_brand-seaflow-hr","7":"product_cat-crijevo-za-gorivo","9":"first","10":"instock","11":"shipping-taxable","12":"purchasable","13":"product-type-simple"},"_links":{"self":[{"href":"https:\/\/stoic-curie.212-227-153-4.plesk.page\/hr\/wp-json\/wp\/v2\/product\/743195","targetHints":{"allow":["GET"]}}],"collection":[{"href":"https:\/\/stoic-curie.212-227-153-4.plesk.page\/hr\/wp-json\/wp\/v2\/product"}],"about":[{"href":"https:\/\/stoic-curie.212-227-153-4.plesk.page\/hr\/wp-json\/wp\/v2\/types\/product"}],"replies":[{"embeddable":true,"href":"https:\/\/stoic-curie.212-227-153-4.plesk.page\/hr\/wp-json\/wp\/v2\/comments?post=743195"}],"version-history":[{"count":0,"href":"https:\/\/stoic-curie.212-227-153-4.plesk.page\/hr\/wp-json\/wp\/v2\/product\/743195\/revisions"}],"wp:featuredmedia":[{"embeddable":true,"href":"https:\/\/stoic-curie.212-227-153-4.plesk.page\/hr\/wp-json\/wp\/v2\/media\/5944978"}],"wp:attachment":[{"href":"https:\/\/stoic-curie.212-227-153-4.plesk.page\/hr\/wp-json\/wp\/v2\/media?parent=743195"}],"wp:term":[{"taxonomy":"product_brand","embeddable":true,"href":"https:\/\/stoic-curie.212-227-153-4.plesk.page\/hr\/wp-json\/wp\/v2\/product_brand?post=743195"},{"taxonomy":"product_cat","embeddable":true,"href":"https:\/\/stoic-curie.212-227-153-4.plesk.page\/hr\/wp-json\/wp\/v2\/product_cat?post=743195"},{"taxonomy":"product_tag","embeddable":true,"href":"https:\/\/stoic-curie.212-227-153-4.plesk.page\/hr\/wp-json\/wp\/v2\/product_tag?post=743195"}],"curies":[{"name":"wp","href":"https:\/\/api.w.org\/{rel}","templated":true}]}}