{"id":743196,"date":"2025-03-03T18:28:02","date_gmt":"2025-03-03T17:28:02","guid":{"rendered":"https:\/\/stoic-curie.212-227-153-4.plesk.page\/producto\/seaflow-superflex-crijevo-za-gorivo-iso-7840-a1-51mm\/"},"modified":"2026-02-25T00:01:07","modified_gmt":"2026-02-25T00:01:07","slug":"seaflow-superflex-crijevo-za-gorivo-iso-7840-a1-51mm","status":"publish","type":"product","link":"https:\/\/stoic-curie.212-227-153-4.plesk.page\/hr\/product\/seaflow-superflex-crijevo-za-gorivo-iso-7840-a1-51mm\/","title":{"rendered":"Seaflow Superflex crijevo za gorivo ISO 7840 A1 51mm"},"content":{"rendered":"<p>Seaflow Superflex crijevo za gorivo ISO 7840 A1 51mm &#8211; <\/p>\n<div class=\"col-24 col-md-15\">\n<p>Seaflow superflex morska cijev za prijenos goriva prikladna je za dizel i bezolovni benzin. Ova cijev za gorivo mo\u017ee se koristiti u cijevima za opskrbu i povrat goriva, ventilacijama spremnika goriva i punjenju spremnika goriva, kao i u drugim aplikacijama koje se nalaze u podru\u010djima rizika od po\u017eara. Ova cijev je posebno izra\u0111ena da zadovolji zahtjeve ISO 7840 A1, \u0161to zna\u010di da je otporna na po\u017ear najmanje 2 minute.<\/p>\n<p>Ova Seaflow cijev za gorivo ima crnu sinteti\u010dku gumu oja\u010danu tekstilom i \u010deli\u010dnom \u017eicom, koja je otporna na plamen, abraziju, ozon, vremenske uvjete, toplinu i ulje. Unutarnja cijev je glatka i izra\u0111ena je od NBR crne gume koja zadr\u017eava do 50% mirisa goriva. Ova cijev za gorivo tako\u0111er je izuzetno fleksibilna i lagana, \u0161to omogu\u0107ava jednostavnu instalaciju.<\/p>\n<p>Ova Seaflow superflex cijev za gorivo dostupna je s unutarnjim promjerima od 25 mm, 32 mm, 38 mm i 51 mm i prodaje se po metru. Ise\u010dena je iz 20-metarskog koluta, tako da narud\u017ebe ve\u0107e od ove ne\u0107e biti isporu\u010dene kao jedna du\u017eina cijevi. Tako\u0111er su dostupni puni koluti za kupnju.<\/p>\n<\/div>\n<h3>Specifikacije<\/h3>\n<table class=\"table\">\n<tbody>\n<tr>\n<td><strong>Odobrenja<\/strong><\/td>\n<td>Ocijenjeno prema ISO7840 A1. CE, RINA i Lloyd&#8217;s odobreno.<\/td>\n<\/tr>\n<tr>\n<td><strong>Raspon temperatura<\/strong><\/td>\n<td>-20\u00b0C do +100\u00b0C<\/td>\n<\/tr>\n<tr>\n<td><strong>Radni tlak<\/strong><\/td>\n<td>36 PSI (2.5 bara)<\/td>\n<\/tr>\n<tr>\n<td><strong>Marka<\/strong><\/td>\n<td>Seaflow<\/td>\n<\/tr>\n<tr>\n<td><strong>Jedini\u010dna prodaja<\/strong><\/td>\n<td>Po metru<\/td>\n<\/tr>\n<tr>\n<td><strong>Razmak savijanja<\/strong><\/td>\n<td>254mm<\/td>\n<\/tr>\n<tr>\n<td><strong>Prsna tlak<\/strong><\/td>\n<td>145 PSI (10 bar)<\/td>\n<\/tr>\n<tr>\n<td><strong>Konstrukcija<\/strong><\/td>\n<td>Sinteti\u010dka vatrootporna gumena obloga s glatkom unutarnjom cijevi NBR crne gume. Cijev je oja\u010dana \u010deli\u010dnom \u017eicom i sinteti\u010dkim koncem.<\/td>\n<\/tr>\n<tr>\n<td><strong>Promjer<\/strong><\/td>\n<td>51mm (2&#8243;) ID, 64mm OD<\/td>\n<\/tr>\n<tr>\n<td><strong>Prazno<\/strong><\/td>\n<td>11 PSI (0,8 bar)<\/td>\n<\/tr>\n<\/tbody>\n<\/table>\n","protected":false},"excerpt":{"rendered":"<p>Seaflow Superflex crijevo za gorivo ISO 7840 A1 51mm &#8211; Seaflow superflex morska cijev za prijenos goriva prikladna je za<\/p>\n","protected":false},"featured_media":5944978,"comment_status":"open","ping_status":"closed","template":"","meta":[],"product_brand":[3356],"product_cat":[1799],"product_tag":[],"class_list":{"0":"post-743196","1":"product","2":"type-product","3":"status-publish","4":"has-post-thumbnail","6":"product_brand-seaflow-hr","7":"product_cat-crijevo-za-gorivo","9":"first","10":"instock","11":"shipping-taxable","12":"purchasable","13":"product-type-simple"},"_links":{"self":[{"href":"https:\/\/stoic-curie.212-227-153-4.plesk.page\/hr\/wp-json\/wp\/v2\/product\/743196","targetHints":{"allow":["GET"]}}],"collection":[{"href":"https:\/\/stoic-curie.212-227-153-4.plesk.page\/hr\/wp-json\/wp\/v2\/product"}],"about":[{"href":"https:\/\/stoic-curie.212-227-153-4.plesk.page\/hr\/wp-json\/wp\/v2\/types\/product"}],"replies":[{"embeddable":true,"href":"https:\/\/stoic-curie.212-227-153-4.plesk.page\/hr\/wp-json\/wp\/v2\/comments?post=743196"}],"version-history":[{"count":0,"href":"https:\/\/stoic-curie.212-227-153-4.plesk.page\/hr\/wp-json\/wp\/v2\/product\/743196\/revisions"}],"wp:featuredmedia":[{"embeddable":true,"href":"https:\/\/stoic-curie.212-227-153-4.plesk.page\/hr\/wp-json\/wp\/v2\/media\/5944978"}],"wp:attachment":[{"href":"https:\/\/stoic-curie.212-227-153-4.plesk.page\/hr\/wp-json\/wp\/v2\/media?parent=743196"}],"wp:term":[{"taxonomy":"product_brand","embeddable":true,"href":"https:\/\/stoic-curie.212-227-153-4.plesk.page\/hr\/wp-json\/wp\/v2\/product_brand?post=743196"},{"taxonomy":"product_cat","embeddable":true,"href":"https:\/\/stoic-curie.212-227-153-4.plesk.page\/hr\/wp-json\/wp\/v2\/product_cat?post=743196"},{"taxonomy":"product_tag","embeddable":true,"href":"https:\/\/stoic-curie.212-227-153-4.plesk.page\/hr\/wp-json\/wp\/v2\/product_tag?post=743196"}],"curies":[{"name":"wp","href":"https:\/\/api.w.org\/{rel}","templated":true}]}}