{"id":743197,"date":"2025-03-03T18:28:03","date_gmt":"2025-03-03T17:28:03","guid":{"rendered":"https:\/\/stoic-curie.212-227-153-4.plesk.page\/producto\/roca-otvor-spremnika-od-nehrdajuceg-celika-16mm-crijevo-kut\/"},"modified":"2026-02-25T00:01:07","modified_gmt":"2026-02-25T00:01:07","slug":"roca-otvor-spremnika-od-nehrdajuceg-celika-16mm-crijevo-kut","status":"publish","type":"product","link":"https:\/\/stoic-curie.212-227-153-4.plesk.page\/hr\/product\/roca-otvor-spremnika-od-nehrdajuceg-celika-16mm-crijevo-kut\/","title":{"rendered":"Roca otvor spremnika od nehr\u0111aju\u0107eg \u010delika (16mm crijevo \/ kut)"},"content":{"rendered":"<p>Roca otvor spremnika od nehr\u0111aju\u0107eg \u010delika (16mm crijevo \/ kut) &#8211; <\/p>\n<div class=\"col-24 col-md-15\">\n<p>Roca kutni ventil RPM se sastoji od nehr\u0111aju\u0107eg \u010delika 316, ima izmjenjivu mre\u017eicu otpornu na plamen i podesivu za\u0161titu od prskanja. Ovaj Roca ventil montira se na povr\u0161inu i ima prostor za dvije stezne spojnice.<\/p>\n<\/div>\n<h3>Specifikacije<\/h3>\n<table class=\"table\">\n<tbody>\n<tr>\n<td><strong>Duljina<\/strong><\/td>\n<td>Povezivanje crijeva &#8211; 93mm<\/td>\n<\/tr>\n<tr>\n<td><strong>\u0160irina<\/strong><\/td>\n<td>Plato za monta\u017eu &#8211; 66mm<\/td>\n<\/tr>\n<tr>\n<td><strong>Marka<\/strong><\/td>\n<td>Roca<\/td>\n<\/tr>\n<tr>\n<td><strong>Ure\u0111aj za ga\u0161enje plamena<\/strong><\/td>\n<td>Da<\/td>\n<\/tr>\n<tr>\n<td><strong>Izrada<\/strong><\/td>\n<td>Nehr\u0111aju\u0107i \u010delik 316<\/td>\n<\/tr>\n<tr>\n<td><strong>Veli\u010dina crijeva<\/strong><\/td>\n<td>16mm \/ 5\/8&#8243; Crijevo<\/td>\n<\/tr>\n<tr>\n<td><strong>Model<\/strong><\/td>\n<td>482000<\/td>\n<\/tr>\n<tr>\n<td><strong>Oblik<\/strong><\/td>\n<td>Okru\u017eni<\/td>\n<\/tr>\n<\/tbody>\n<\/table>\n","protected":false},"excerpt":{"rendered":"<p>Roca otvor spremnika od nehr\u0111aju\u0107eg \u010delika (16mm crijevo \/ kut) &#8211; Roca kutni ventil RPM se sastoji od nehr\u0111aju\u0107eg \u010delika<\/p>\n","protected":false},"featured_media":5944980,"comment_status":"open","ping_status":"closed","template":"","meta":[],"product_brand":[3316],"product_cat":[1699,1800],"product_tag":[],"class_list":{"0":"post-743197","1":"product","2":"type-product","3":"status-publish","4":"has-post-thumbnail","6":"product_brand-roca-marine-hr","7":"product_cat-palubni-ventilacijski-otvori","8":"product_cat-spremnici-goriva","10":"first","11":"instock","12":"shipping-taxable","13":"purchasable","14":"product-type-simple"},"_links":{"self":[{"href":"https:\/\/stoic-curie.212-227-153-4.plesk.page\/hr\/wp-json\/wp\/v2\/product\/743197","targetHints":{"allow":["GET"]}}],"collection":[{"href":"https:\/\/stoic-curie.212-227-153-4.plesk.page\/hr\/wp-json\/wp\/v2\/product"}],"about":[{"href":"https:\/\/stoic-curie.212-227-153-4.plesk.page\/hr\/wp-json\/wp\/v2\/types\/product"}],"replies":[{"embeddable":true,"href":"https:\/\/stoic-curie.212-227-153-4.plesk.page\/hr\/wp-json\/wp\/v2\/comments?post=743197"}],"version-history":[{"count":0,"href":"https:\/\/stoic-curie.212-227-153-4.plesk.page\/hr\/wp-json\/wp\/v2\/product\/743197\/revisions"}],"wp:featuredmedia":[{"embeddable":true,"href":"https:\/\/stoic-curie.212-227-153-4.plesk.page\/hr\/wp-json\/wp\/v2\/media\/5944980"}],"wp:attachment":[{"href":"https:\/\/stoic-curie.212-227-153-4.plesk.page\/hr\/wp-json\/wp\/v2\/media?parent=743197"}],"wp:term":[{"taxonomy":"product_brand","embeddable":true,"href":"https:\/\/stoic-curie.212-227-153-4.plesk.page\/hr\/wp-json\/wp\/v2\/product_brand?post=743197"},{"taxonomy":"product_cat","embeddable":true,"href":"https:\/\/stoic-curie.212-227-153-4.plesk.page\/hr\/wp-json\/wp\/v2\/product_cat?post=743197"},{"taxonomy":"product_tag","embeddable":true,"href":"https:\/\/stoic-curie.212-227-153-4.plesk.page\/hr\/wp-json\/wp\/v2\/product_tag?post=743197"}],"curies":[{"name":"wp","href":"https:\/\/api.w.org\/{rel}","templated":true}]}}