{"id":743198,"date":"2025-03-03T18:28:03","date_gmt":"2025-03-03T17:28:03","guid":{"rendered":"https:\/\/stoic-curie.212-227-153-4.plesk.page\/producto\/seaflow-crijevo-za-mokri-ispuh-75mm\/"},"modified":"2026-02-25T00:01:07","modified_gmt":"2026-02-25T00:01:07","slug":"seaflow-crijevo-za-mokri-ispuh-75mm","status":"publish","type":"product","link":"https:\/\/stoic-curie.212-227-153-4.plesk.page\/hr\/product\/seaflow-crijevo-za-mokri-ispuh-75mm\/","title":{"rendered":"Seaflow crijevo za mokri ispuh 75mm"},"content":{"rendered":"<p>Seaflow crijevo za mokri ispuh 75mm &#8211; 76 mm Seaflow Superflex pomorski izduvni crijevo pogodno je za ispu\u0161tanje ispu\u0161nih plinova, koriste\u0107i sustav grijanja i hla\u0111enja plovila. Seaflow pomorsko izduvno crijevo prikladno je samo za vla\u017ene izduvne sustave i prodaje se po metru. Pomorsko izduvno crijevo nije samo \u010dvrsto ve\u0107 i izuzetno fleksibilno, \u0161to olak\u0161ava instalaciju koliko god je to mogu\u0107e. Seaflow izduvno crijevo odobreno je prema specifikacijama R.I.N.A. i Lloyd&#8217;s. Ovo izduvno crijevo mo\u017ee zamijeniti Volvo Penta 888212 pomorsko vla\u017eno izduvno crijevo. Crijevo ima unutarnju cijev od crnog NBR gume koja je otporna na ulje, gorivo, morsku vodu i sagorijevanje plina. Pokriva\u010d je napravljen od crne NBR\/CR gume otporne na abraziju, ozon, vremenske utjecaje, toplinu i ulje. Usisno crijevo ima sinteti\u010dka tekstilna poja\u010danja i \u010deli\u010dno spiralno poja\u010danje. Povr\u0161ina crijeva je valovita s tkaninskom zavr\u0161nom obradom i ispisana plavim prijenosnim tekstom &#8220;EUROCORD MARINGAS \/ HD &#8211; R.I.N.A. Br&#8230; SAE J 2006:03 &#8211; ODOBRENO OD LLOYDA CERT&#8230; NR. 02\/00029&#8221;. Seaflow Superflex pomorsko izduvno crijevo prodaje se po metru i re\u017ee na ukupnu naru\u010denu du\u017einu. Tako\u0111er prodajemo Seaflow pomorsko izduvno crijevo u zasebnim komadima (ovisno o dostupnosti), 10 m zavojnicama i punim 20 m zavojnicama koje uklju\u010duju dodatne u\u0161tede. Ovo Seaflow pomorsko izduvno crijevo dostupno je u raznim unutarnjima promjerima od 19 mm do 203 mm i prilago\u0111ava se va\u0161em izduvnom sustavu.<\/p>\n","protected":false},"excerpt":{"rendered":"<p>Seaflow crijevo za mokri ispuh 75mm &#8211; 76 mm Seaflow Superflex pomorski izduvni crijevo pogodno je za ispu\u0161tanje ispu\u0161nih plinova,<\/p>\n","protected":false},"featured_media":5944984,"comment_status":"open","ping_status":"closed","template":"","meta":[],"product_brand":[3356],"product_cat":[1792],"product_tag":[],"class_list":{"0":"post-743198","1":"product","2":"type-product","3":"status-publish","4":"has-post-thumbnail","6":"product_brand-seaflow-hr","7":"product_cat-ispusno-crijevo","9":"first","10":"instock","11":"shipping-taxable","12":"purchasable","13":"product-type-simple"},"_links":{"self":[{"href":"https:\/\/stoic-curie.212-227-153-4.plesk.page\/hr\/wp-json\/wp\/v2\/product\/743198","targetHints":{"allow":["GET"]}}],"collection":[{"href":"https:\/\/stoic-curie.212-227-153-4.plesk.page\/hr\/wp-json\/wp\/v2\/product"}],"about":[{"href":"https:\/\/stoic-curie.212-227-153-4.plesk.page\/hr\/wp-json\/wp\/v2\/types\/product"}],"replies":[{"embeddable":true,"href":"https:\/\/stoic-curie.212-227-153-4.plesk.page\/hr\/wp-json\/wp\/v2\/comments?post=743198"}],"version-history":[{"count":0,"href":"https:\/\/stoic-curie.212-227-153-4.plesk.page\/hr\/wp-json\/wp\/v2\/product\/743198\/revisions"}],"wp:featuredmedia":[{"embeddable":true,"href":"https:\/\/stoic-curie.212-227-153-4.plesk.page\/hr\/wp-json\/wp\/v2\/media\/5944984"}],"wp:attachment":[{"href":"https:\/\/stoic-curie.212-227-153-4.plesk.page\/hr\/wp-json\/wp\/v2\/media?parent=743198"}],"wp:term":[{"taxonomy":"product_brand","embeddable":true,"href":"https:\/\/stoic-curie.212-227-153-4.plesk.page\/hr\/wp-json\/wp\/v2\/product_brand?post=743198"},{"taxonomy":"product_cat","embeddable":true,"href":"https:\/\/stoic-curie.212-227-153-4.plesk.page\/hr\/wp-json\/wp\/v2\/product_cat?post=743198"},{"taxonomy":"product_tag","embeddable":true,"href":"https:\/\/stoic-curie.212-227-153-4.plesk.page\/hr\/wp-json\/wp\/v2\/product_tag?post=743198"}],"curies":[{"name":"wp","href":"https:\/\/api.w.org\/{rel}","templated":true}]}}