{"id":743199,"date":"2025-03-03T18:28:04","date_gmt":"2025-03-03T17:28:04","guid":{"rendered":"https:\/\/stoic-curie.212-227-153-4.plesk.page\/producto\/seaflow-crijevo-za-mokri-ispuh-89mm\/"},"modified":"2026-02-25T00:01:07","modified_gmt":"2026-02-25T00:01:07","slug":"seaflow-crijevo-za-mokri-ispuh-89mm","status":"publish","type":"product","link":"https:\/\/stoic-curie.212-227-153-4.plesk.page\/hr\/product\/seaflow-crijevo-za-mokri-ispuh-89mm\/","title":{"rendered":"Seaflow crijevo za mokri ispuh 89mm"},"content":{"rendered":"<p>Seaflow crijevo za mokri ispuh 89mm &#8211; <\/p>\n<div class=\"col-24 col-md-15\">\n<p>89 mm Seaflow Superflex morska ispu\u0161na cijev pogodna je za ispu\u0161tanje ispu\u0161nih plinova, koriste\u0107i sustav grijanja i hla\u0111enja plovila. Seaflow morska ispu\u0161na cijev pogodna je samo za mokre ispu\u0161ne sustave i prodaje se po metru cijevi.<\/p>\n<p>Morska ispu\u0161na cijev nije samo izdr\u017eljiva nego i iznimno fleksibilna kako bi olak\u0161ala instalaciju koliko god je to mogu\u0107e.<\/p>\n<p>Seaflow ispu\u0161na cijev odobrena je prema R.I.N.A. i LLOYD&#8217;s specifikacijama.<\/p>\n<p>Ova ispu\u0161na cijev mo\u017ee zamijeniti Volvo Penta 1140667 morsku mokru ispu\u0161nu cijev.<\/p>\n<p><style id=\"1\" name=\"Bold\" type=\"2\"><![CDATA[Seaflow morska ispu\u0161na cijev Konstrukcija]]><\/style>\n<\/p>\n<p>Unutarnji cijev je izra\u0111en od crnog NBR gume koji je otporan na ulje, gorivo, morsku vodu i plamen. Pokrov je izra\u0111en od NBR\/CR crne gume koja je otporna na tro\u0161enje, ozon, vremenske uvjete, toplinu i ulje. Uzmjerni crijevo sadr\u017ei sinteti\u010dka tekstilna poja\u010danja i \u010deli\u010dnu \u017ei\u010danu spiralnu oja\u010danje. Povr\u0161ina cijevi je valovita s tekstilnim zavr\u0161etkom i natpisom &#8220;EUROCORD MARINGAS \/ HD &#8211; R.I.N.A. Br&#8230; SAE J 2006:03 &#8211; LLOYDS&#8217; ODOBRENI CERT&#8230; NR. 02\/00029&#8221;.<\/p>\n<p>Seaflow Superflex morska ispu\u0161na cijev prodaje se po metru i re\u017ee na ukupnu naru\u010denu duljinu. Tako\u0111er prodajemo Seaflow morsku ispu\u0161nu cijev u zasebnim otpacima (ovisno o dostupnosti) i kuhama od 10 m koje uklju\u010duju dodatne u\u0161tede.<\/p>\n<p>Ova Seaflow morska ispu\u0161na cijev dostupna je u raznim veli\u010dinama unutarnjeg promjera izme\u0111u 19 mm i 203 mm kako bi odgovarala va\u0161em ispu\u0161nom sustavu.<\/p>\n<\/div>\n<h3>Specifikacije<\/h3>\n<table class=\"table\">\n<tbody>\n<tr>\n<td><strong>Odobrenja<\/strong><\/td>\n<td>Odobreno prema R.I.N.A. &#038; LLOYD&#8217;s specifikacijama.<\/td>\n<\/tr>\n<tr>\n<td><strong>Temperaturni raspon<\/strong><\/td>\n<td>-30\u00b0C do +100\u00b0C<\/td>\n<\/tr>\n<tr>\n<td><strong>Radni tlak<\/strong><\/td>\n<td>43,5 PSI (3 bara)<\/td>\n<\/tr>\n<tr>\n<td><strong>Marka<\/strong><\/td>\n<td>Seaflow<\/td>\n<\/tr>\n<tr>\n<td><strong>Prodajna jedinica<\/strong><\/td>\n<td>Po metru<\/td>\n<\/tr>\n<tr>\n<td><strong>Radijus savijanja<\/strong><\/td>\n<td>360 mm<\/td>\n<\/tr>\n<tr>\n<td><strong>Prilikom preporuke<\/strong><\/td>\n<td>130 psi (9 bara)<\/td>\n<\/tr>\n<tr>\n<td><strong>Konstrukcija<\/strong><\/td>\n<td>Glati NBR-gumeni unutarnji sloj s NBR\/CR vanjskim slojem. Sinteti\u010dka tekstilna poja\u010danja i \u010deli\u010dna spiralna poja\u010danja.<\/td>\n<\/tr>\n<tr>\n<td><strong>Promjer<\/strong><\/td>\n<td>89 mm (3-1\/2&#8243;) ID, 102 mm OD<\/td>\n<\/tr>\n<tr>\n<td><strong>Zamjenjuje<\/strong><\/td>\n<td>Volvo Penta 1140667<\/td>\n<\/tr>\n<tr>\n<td><strong>Sposobnost<\/strong><\/td>\n<td>Samo za mokre ispu\u0161ne sustave<\/td>\n<\/tr>\n<\/tbody>\n<\/table>\n","protected":false},"excerpt":{"rendered":"<p>Seaflow crijevo za mokri ispuh 89mm &#8211; 89 mm Seaflow Superflex morska ispu\u0161na cijev pogodna je za ispu\u0161tanje ispu\u0161nih plinova,<\/p>\n","protected":false},"featured_media":5944985,"comment_status":"open","ping_status":"closed","template":"","meta":[],"product_brand":[3356],"product_cat":[1792],"product_tag":[],"class_list":{"0":"post-743199","1":"product","2":"type-product","3":"status-publish","4":"has-post-thumbnail","6":"product_brand-seaflow-hr","7":"product_cat-ispusno-crijevo","9":"first","10":"instock","11":"shipping-taxable","12":"purchasable","13":"product-type-simple"},"_links":{"self":[{"href":"https:\/\/stoic-curie.212-227-153-4.plesk.page\/hr\/wp-json\/wp\/v2\/product\/743199","targetHints":{"allow":["GET"]}}],"collection":[{"href":"https:\/\/stoic-curie.212-227-153-4.plesk.page\/hr\/wp-json\/wp\/v2\/product"}],"about":[{"href":"https:\/\/stoic-curie.212-227-153-4.plesk.page\/hr\/wp-json\/wp\/v2\/types\/product"}],"replies":[{"embeddable":true,"href":"https:\/\/stoic-curie.212-227-153-4.plesk.page\/hr\/wp-json\/wp\/v2\/comments?post=743199"}],"version-history":[{"count":0,"href":"https:\/\/stoic-curie.212-227-153-4.plesk.page\/hr\/wp-json\/wp\/v2\/product\/743199\/revisions"}],"wp:featuredmedia":[{"embeddable":true,"href":"https:\/\/stoic-curie.212-227-153-4.plesk.page\/hr\/wp-json\/wp\/v2\/media\/5944985"}],"wp:attachment":[{"href":"https:\/\/stoic-curie.212-227-153-4.plesk.page\/hr\/wp-json\/wp\/v2\/media?parent=743199"}],"wp:term":[{"taxonomy":"product_brand","embeddable":true,"href":"https:\/\/stoic-curie.212-227-153-4.plesk.page\/hr\/wp-json\/wp\/v2\/product_brand?post=743199"},{"taxonomy":"product_cat","embeddable":true,"href":"https:\/\/stoic-curie.212-227-153-4.plesk.page\/hr\/wp-json\/wp\/v2\/product_cat?post=743199"},{"taxonomy":"product_tag","embeddable":true,"href":"https:\/\/stoic-curie.212-227-153-4.plesk.page\/hr\/wp-json\/wp\/v2\/product_tag?post=743199"}],"curies":[{"name":"wp","href":"https:\/\/api.w.org\/{rel}","templated":true}]}}