{"id":743200,"date":"2025-03-03T18:28:04","date_gmt":"2025-03-03T17:28:04","guid":{"rendered":"https:\/\/stoic-curie.212-227-153-4.plesk.page\/producto\/seaflow-crijevo-za-mokri-ispuh-102mm\/"},"modified":"2026-02-25T00:01:07","modified_gmt":"2026-02-25T00:01:07","slug":"seaflow-crijevo-za-mokri-ispuh-102mm","status":"publish","type":"product","link":"https:\/\/stoic-curie.212-227-153-4.plesk.page\/hr\/product\/seaflow-crijevo-za-mokri-ispuh-102mm\/","title":{"rendered":"Seaflow crijevo za mokri ispuh 102mm"},"content":{"rendered":"<p>Seaflow crijevo za mokri ispuh 102mm &#8211; <\/p>\n<div class=\"col-24 col-md-15\">\n<p>102 mm Seaflow Superflex morski ispu\u0161ni crijevo je pogodno za ispu\u0161tanje ispu\u0161nih plinova i kori\u0161tenje u sustavima grijanja i hla\u0111enja plovila. Seaflow morsko ispu\u0161no crijevo je pogodno isklju\u010divo za mokre ispu\u0161ne sustave i prodaje se po metru.<\/p>\n<p>Morsko ispu\u0161no crijevo je ne samo sna\u017eno, ve\u0107 i izuzetno fleksibilno, \u0161to olak\u0161ava ugradnju \u0161to je vi\u0161e mogu\u0107e.<\/p>\n<p>Seaflow ispu\u0161no crijevo je odobreno u skladu s R.I.N.A. i LLOYD&#8217;s specifikacijama.<\/p>\n<p>Ovo ispu\u0161no crijevo mo\u017ee zamijeniti Volvo Penta 1140668 morsko mokro ispu\u0161no crijevo.<\/p>\n<p><style id=\"1\" name=\"Bold\" type=\"2\"><![CDATA[Seaflow Konstrukcija morskog ispu\u0161nog crijeva]]><\/style>\n<\/p>\n<p>Unutarnja cijev crijeva izra\u0111ena je od crnog NBR gume koja je otporna na ulje, gorivo, morsku vodu i plinove u izgaranju. Ovo crijevo ima crnu NBR\/CR gumu koja je otporna na abraziju, ozon, vremenske uvjete, toplinu i ulje. Usisno crijevo sadr\u017ei oja\u010danja od sinteti\u010dkih tekstilnih materijala i \u010deli\u010dne spiralne oja\u010danja. Povr\u0161ina crijeva je naborana s tekstilnom zavr\u0161nom obradom i ispisana je plavim prijenosnim tekstom &#8220;EUROCORD MARINGAS \/ HD &#8211; R.I.N.A. br&#8230; SAE J 2006:03 &#8211; LLOYDS&#8217; ODOBRENI CERT&#8230; br. 02\/00029&#8221;.<\/p>\n<p>Seaflow Superflex morsko ispu\u0161no crijevo prodaje se po metru i re\u017ee se na ukupnu naru\u010denu duljinu. Tako\u0111er prodajemo Seaflow morska ispu\u0161na crijeva u zasebnim komadima (ovisno o dostupnosti), u 10 m namotajima i punim 20 m namotajima, \u0161to uklju\u010duje dodatne u\u0161tede.<\/p>\n<p>Ovo Seaflow morsko ispu\u0161no crijevo dostupno je u raznim veli\u010dinama unutarnjeg promjera od 19 mm do 203 mm kako bi odgovaralo va\u0161em ispu\u0161nom sustavu.<\/p>\n<\/p><\/div>\n<h3>Specifikacije<\/h3>\n<table class=\"table\">\n<tbody>\n<tr>\n<td><strong>Odobrenja<\/strong><\/td>\n<td>Odobreno prema R.I.N.A. &#038; LLOYD&#8217;s specifikacijama.<\/td>\n<\/tr>\n<tr>\n<td><strong>Temperaturni raspon<\/strong><\/td>\n<td>-30\u00b0C do +100\u00b0C<\/td>\n<\/tr>\n<tr>\n<td><strong>Radni tlak<\/strong><\/td>\n<td>43,5 PSI (3 bara)<\/td>\n<\/tr>\n<tr>\n<td><strong>Marka<\/strong><\/td>\n<td>Seaflow<\/td>\n<\/tr>\n<tr>\n<td><strong>Prodajna jedinica<\/strong><\/td>\n<td>Po metru<\/td>\n<\/tr>\n<tr>\n<td><strong>Polumjer savijanja<\/strong><\/td>\n<td>400 mm<\/td>\n<\/tr>\n<tr>\n<td><strong>Pritisak pucanja<\/strong><\/td>\n<td>130 psi (9 bara)<\/td>\n<\/tr>\n<tr>\n<td><strong>Konstrukcija<\/strong><\/td>\n<td>Glatki NBR guma s unutarnjom povr\u0161inom s NBR\/CR omotom. Oja\u010dano sinteti\u010dkim tekstilima i \u010deli\u010dnom spiralom.<\/td>\n<\/tr>\n<tr>\n<td><strong>Promjer<\/strong><\/td>\n<td>102 mm (4&#8243;) ID, 112 mm OD<\/td>\n<\/tr>\n<tr>\n<td><strong>Zamjenjuje<\/strong><\/td>\n<td>Volvo Penta 1140668<\/td>\n<\/tr>\n<tr>\n<td><strong>Prikladnost<\/strong><\/td>\n<td>Samo za mokre ispu\u0161ne sustave<\/td>\n<\/tr>\n<\/tbody>\n<\/table>\n","protected":false},"excerpt":{"rendered":"<p>Seaflow crijevo za mokri ispuh 102mm &#8211; 102 mm Seaflow Superflex morski ispu\u0161ni crijevo je pogodno za ispu\u0161tanje ispu\u0161nih plinova<\/p>\n","protected":false},"featured_media":5944986,"comment_status":"open","ping_status":"closed","template":"","meta":[],"product_brand":[3356],"product_cat":[1792],"product_tag":[],"class_list":{"0":"post-743200","1":"product","2":"type-product","3":"status-publish","4":"has-post-thumbnail","6":"product_brand-seaflow-hr","7":"product_cat-ispusno-crijevo","9":"first","10":"instock","11":"shipping-taxable","12":"purchasable","13":"product-type-simple"},"_links":{"self":[{"href":"https:\/\/stoic-curie.212-227-153-4.plesk.page\/hr\/wp-json\/wp\/v2\/product\/743200","targetHints":{"allow":["GET"]}}],"collection":[{"href":"https:\/\/stoic-curie.212-227-153-4.plesk.page\/hr\/wp-json\/wp\/v2\/product"}],"about":[{"href":"https:\/\/stoic-curie.212-227-153-4.plesk.page\/hr\/wp-json\/wp\/v2\/types\/product"}],"replies":[{"embeddable":true,"href":"https:\/\/stoic-curie.212-227-153-4.plesk.page\/hr\/wp-json\/wp\/v2\/comments?post=743200"}],"version-history":[{"count":0,"href":"https:\/\/stoic-curie.212-227-153-4.plesk.page\/hr\/wp-json\/wp\/v2\/product\/743200\/revisions"}],"wp:featuredmedia":[{"embeddable":true,"href":"https:\/\/stoic-curie.212-227-153-4.plesk.page\/hr\/wp-json\/wp\/v2\/media\/5944986"}],"wp:attachment":[{"href":"https:\/\/stoic-curie.212-227-153-4.plesk.page\/hr\/wp-json\/wp\/v2\/media?parent=743200"}],"wp:term":[{"taxonomy":"product_brand","embeddable":true,"href":"https:\/\/stoic-curie.212-227-153-4.plesk.page\/hr\/wp-json\/wp\/v2\/product_brand?post=743200"},{"taxonomy":"product_cat","embeddable":true,"href":"https:\/\/stoic-curie.212-227-153-4.plesk.page\/hr\/wp-json\/wp\/v2\/product_cat?post=743200"},{"taxonomy":"product_tag","embeddable":true,"href":"https:\/\/stoic-curie.212-227-153-4.plesk.page\/hr\/wp-json\/wp\/v2\/product_tag?post=743200"}],"curies":[{"name":"wp","href":"https:\/\/api.w.org\/{rel}","templated":true}]}}