{"id":743201,"date":"2025-03-03T18:28:05","date_gmt":"2025-03-03T17:28:05","guid":{"rendered":"https:\/\/stoic-curie.212-227-153-4.plesk.page\/producto\/seaflow-crijevo-za-mokri-ispuh-110mm\/"},"modified":"2026-02-25T00:01:07","modified_gmt":"2026-02-25T00:01:07","slug":"seaflow-crijevo-za-mokri-ispuh-110mm","status":"publish","type":"product","link":"https:\/\/stoic-curie.212-227-153-4.plesk.page\/hr\/product\/seaflow-crijevo-za-mokri-ispuh-110mm\/","title":{"rendered":"Seaflow crijevo za mokri ispuh 110mm"},"content":{"rendered":"<p>Seaflow crijevo za mokri ispuh 110mm &#8211; Seaflow Superflex morska ispu\u0161na cijev promjera 110 mm pogodna je za ispu\u0161tanje ispu\u0161nih plinova i kori\u0161tenje u sustavu grijanja i hla\u0111enja plovila. Seaflow morska ispu\u0161na cijev pogodna je samo za mokre ispu\u0161ne sustave i prodaje se po metru. Morska ispu\u0161na cijev nije samo \u010dvrsta, ve\u0107 i izuzetno fleksibilna, \u0161to olak\u0161ava instalaciju \u010dim je to mogu\u0107e. Seaflow ispu\u0161na cijev odobrena je prema specifikacijama R.I.N.A. i LLOYD&#8217;s. Unutarnja cijev cijevi izra\u0111ena je od crnog NBR gume koja je otporna na ulje, gorivo, morsku vodu i sagorijevanje plina. Ombra cijevi izra\u0111ena je od crne NBR\/CR gume koja je otporna na habanje, ozon, vremenske uvjete, toplinu i ulje. Usisna cijev ima oja\u010danja od sinteti\u010dke tkanine i \u010deli\u010dnu spiralnu oja\u010danje. Povr\u0161ina cijevi je valovita s tkaninom i otisnuta plavim tekstom &#8220;EUROCORD MARINGAS \/ HD &#8211; R.I.N.A. No&#8230; SAE J 2006:03 &#8211; LLOYDS&#8217; APPROVED CERT&#8230; NR. 02\/00029&#8221;. Seaflow Superflex morska ispu\u0161na cijev prodaje se po metru i re\u017ee na ukupnu naru\u010denu duljinu. Tako\u0111er prodajemo Seaflow morske ispu\u0161ne cijevi u posebnim ostatcima (ovisno o dostupnosti) i 10m kolutovima koji nude dodatne u\u0161tede. Ova Seaflow morska ispu\u0161na cijev dostupna je u raznim unutarnjim promjerima izme\u0111u 19 mm i 203 mm kako bi se prilagodila va\u0161em ispu\u0161nom sustavu.<\/p>\n","protected":false},"excerpt":{"rendered":"<p>Seaflow crijevo za mokri ispuh 110mm &#8211; Seaflow Superflex morska ispu\u0161na cijev promjera 110 mm pogodna je za ispu\u0161tanje ispu\u0161nih<\/p>\n","protected":false},"featured_media":5944987,"comment_status":"open","ping_status":"closed","template":"","meta":[],"product_brand":[3356],"product_cat":[1792],"product_tag":[],"class_list":{"0":"post-743201","1":"product","2":"type-product","3":"status-publish","4":"has-post-thumbnail","6":"product_brand-seaflow-hr","7":"product_cat-ispusno-crijevo","9":"first","10":"instock","11":"shipping-taxable","12":"purchasable","13":"product-type-simple"},"_links":{"self":[{"href":"https:\/\/stoic-curie.212-227-153-4.plesk.page\/hr\/wp-json\/wp\/v2\/product\/743201","targetHints":{"allow":["GET"]}}],"collection":[{"href":"https:\/\/stoic-curie.212-227-153-4.plesk.page\/hr\/wp-json\/wp\/v2\/product"}],"about":[{"href":"https:\/\/stoic-curie.212-227-153-4.plesk.page\/hr\/wp-json\/wp\/v2\/types\/product"}],"replies":[{"embeddable":true,"href":"https:\/\/stoic-curie.212-227-153-4.plesk.page\/hr\/wp-json\/wp\/v2\/comments?post=743201"}],"version-history":[{"count":0,"href":"https:\/\/stoic-curie.212-227-153-4.plesk.page\/hr\/wp-json\/wp\/v2\/product\/743201\/revisions"}],"wp:featuredmedia":[{"embeddable":true,"href":"https:\/\/stoic-curie.212-227-153-4.plesk.page\/hr\/wp-json\/wp\/v2\/media\/5944987"}],"wp:attachment":[{"href":"https:\/\/stoic-curie.212-227-153-4.plesk.page\/hr\/wp-json\/wp\/v2\/media?parent=743201"}],"wp:term":[{"taxonomy":"product_brand","embeddable":true,"href":"https:\/\/stoic-curie.212-227-153-4.plesk.page\/hr\/wp-json\/wp\/v2\/product_brand?post=743201"},{"taxonomy":"product_cat","embeddable":true,"href":"https:\/\/stoic-curie.212-227-153-4.plesk.page\/hr\/wp-json\/wp\/v2\/product_cat?post=743201"},{"taxonomy":"product_tag","embeddable":true,"href":"https:\/\/stoic-curie.212-227-153-4.plesk.page\/hr\/wp-json\/wp\/v2\/product_tag?post=743201"}],"curies":[{"name":"wp","href":"https:\/\/api.w.org\/{rel}","templated":true}]}}