{"id":743202,"date":"2025-03-03T18:28:05","date_gmt":"2025-03-03T17:28:05","guid":{"rendered":"https:\/\/stoic-curie.212-227-153-4.plesk.page\/producto\/seaflow-crijevo-za-mokri-ispuh-127mm\/"},"modified":"2026-02-25T00:01:07","modified_gmt":"2026-02-25T00:01:07","slug":"seaflow-crijevo-za-mokri-ispuh-127mm","status":"publish","type":"product","link":"https:\/\/stoic-curie.212-227-153-4.plesk.page\/hr\/product\/seaflow-crijevo-za-mokri-ispuh-127mm\/","title":{"rendered":"Seaflow crijevo za mokri ispuh 127mm"},"content":{"rendered":"<p>Seaflow crijevo za mokri ispuh 127mm &#8211; <\/p>\n<div class=\"col-24 col-md-15\">\n<p>127 mm Seaflow Superflex morski ispu\u0161ni crijevo je pogodno za ispu\u0161tanje ispu\u0161nih plinova i za kori\u0161tenje sustava grijanja i hla\u0111enja plovila. Seaflow morski ispu\u0161ni crijevo je pogodno samo za vla\u017ene ispu\u0161ne sustave i prodaje se po metru crijeva.<\/p>\n<p>Morska ispu\u0161na crijeva nisu samo \u010dvrsta ve\u0107 i izuzetno fleksibilna kako bi se omogucila \u0161to jednostavnija instalacija.<\/p>\n<p>Seaflow ispu\u0161no crijevo je odobreno prema specifikacijama R.I.N.A. i LLOYD&#8217;s.<\/p>\n<p>Ovo ispu\u0161no crijevo mo\u017ee zamijeniti Volvo Penta 1140669 morsko vla\u017eno ispu\u0161no crijevo.<\/p>\n<p><style id=\"1\" name=\"Bold\" type=\"2\"><![CDATA[Seaflow Marine Ispu\u0161ni Crijevo Konstrukcija]]><\/style>\n<\/p>\n<p>Unutarnja cijev crijeva je napravljena od crnog NBR gume otporne na ulje, gorivo, morsku vodu i plamen. Pokriva\u010d je napravljen od NBR\/CR crne gume koja je otporna na abraziju, ozon, vremenske uvjete, toplinu i ulje. Usisno crijevo ima sinteti\u010dka tekstilna oja\u010danja i \u010deli\u010dnu spiralnu oja\u010danje. Povr\u0161ina crijeva je valovita s tkaninom i otisnuta plavim prijenosnim tekstom &#8220;EUROCORD MARINGAS \/ HD &#8211; R.I.N.A. Br&#8230; SAE J 2006:03 &#8211; LLOYDS&#8217; ODOBRENI DOKAZ&#8230; BR. 02\/00029&#8221;.<\/p>\n<p>Seaflow Superflex morsko ispu\u0161no crijevo se prodaje po metru i re\u017ee se na ukupnu du\u017einu narud\u017ebe. Tako\u0111er prodajemo Seaflow morska ispu\u0161na crijeva u odvojenim komadima (ovisno o dostupnosti) i 10m zavojnicama koje uklju\u010duju dodatne u\u0161tede.<\/p>\n<p>Ovo Seaflow morsko ispu\u0161no crijevo je dostupno u raznim veli\u010dinama unutarnjeg promjera od 19 mm do 203 mm kako bi se uklapalo u va\u0161 ispu\u0161ni sustav.<\/p>\n<\/div>\n<h3>Specifikacije<\/h3>\n<table class=\"table\">\n<tbody>\n<tr>\n<td><strong>Odobrenja<\/strong><\/td>\n<td>Odobreno prema specifikacijama R.I.N.A. &#038; LLOYD&#8217;s.<\/td>\n<\/tr>\n<tr>\n<td><strong>Temperaturni Raspon<\/strong><\/td>\n<td>-30\u00b0C do +100\u00b0C<\/td>\n<\/tr>\n<tr>\n<td><strong>Radni Tlak<\/strong><\/td>\n<td>43,5 PSI (3 bara)<\/td>\n<\/tr>\n<tr>\n<td><strong>Marka<\/strong><\/td>\n<td>Seaflow<\/td>\n<\/tr>\n<tr>\n<td><strong>Prodajna Jedinica<\/strong><\/td>\n<td>Po Metru<\/td>\n<\/tr>\n<tr>\n<td><strong>Polumjer Savijanja<\/strong><\/td>\n<td>500 mm<\/td>\n<\/tr>\n<tr>\n<td><strong>Pritisak Pucanja<\/strong><\/td>\n<td>130 PSI (9 bara)<\/td>\n<\/tr>\n<tr>\n<td><strong>Konstrukcija<\/strong><\/td>\n<td>Glatko unutra\u0161nje NBR gume s NBR\/CR oblogom. Oja\u010dano sinteti\u010dkim tekstilima i \u010deli\u010dnom spiralnom oja\u010danjem.<\/td>\n<\/tr>\n<tr>\n<td><strong>Promjer<\/strong><\/td>\n<td>127 mm (5&#8243;) ID, 139 mm OD<\/td>\n<\/tr>\n<tr>\n<td><strong>Zamjena<\/strong><\/td>\n<td>Volvo Penta 1140669<\/td>\n<\/tr>\n<tr>\n<td><strong>Pogodnost<\/strong><\/td>\n<td>Samo za vla\u017ene ispu\u0161ne sustave<\/td>\n<\/tr>\n<\/tbody>\n<\/table>\n","protected":false},"excerpt":{"rendered":"<p>Seaflow crijevo za mokri ispuh 127mm &#8211; 127 mm Seaflow Superflex morski ispu\u0161ni crijevo je pogodno za ispu\u0161tanje ispu\u0161nih plinova<\/p>\n","protected":false},"featured_media":5944988,"comment_status":"open","ping_status":"closed","template":"","meta":[],"product_brand":[3356],"product_cat":[1792],"product_tag":[],"class_list":{"0":"post-743202","1":"product","2":"type-product","3":"status-publish","4":"has-post-thumbnail","6":"product_brand-seaflow-hr","7":"product_cat-ispusno-crijevo","9":"first","10":"instock","11":"shipping-taxable","12":"purchasable","13":"product-type-simple"},"_links":{"self":[{"href":"https:\/\/stoic-curie.212-227-153-4.plesk.page\/hr\/wp-json\/wp\/v2\/product\/743202","targetHints":{"allow":["GET"]}}],"collection":[{"href":"https:\/\/stoic-curie.212-227-153-4.plesk.page\/hr\/wp-json\/wp\/v2\/product"}],"about":[{"href":"https:\/\/stoic-curie.212-227-153-4.plesk.page\/hr\/wp-json\/wp\/v2\/types\/product"}],"replies":[{"embeddable":true,"href":"https:\/\/stoic-curie.212-227-153-4.plesk.page\/hr\/wp-json\/wp\/v2\/comments?post=743202"}],"version-history":[{"count":0,"href":"https:\/\/stoic-curie.212-227-153-4.plesk.page\/hr\/wp-json\/wp\/v2\/product\/743202\/revisions"}],"wp:featuredmedia":[{"embeddable":true,"href":"https:\/\/stoic-curie.212-227-153-4.plesk.page\/hr\/wp-json\/wp\/v2\/media\/5944988"}],"wp:attachment":[{"href":"https:\/\/stoic-curie.212-227-153-4.plesk.page\/hr\/wp-json\/wp\/v2\/media?parent=743202"}],"wp:term":[{"taxonomy":"product_brand","embeddable":true,"href":"https:\/\/stoic-curie.212-227-153-4.plesk.page\/hr\/wp-json\/wp\/v2\/product_brand?post=743202"},{"taxonomy":"product_cat","embeddable":true,"href":"https:\/\/stoic-curie.212-227-153-4.plesk.page\/hr\/wp-json\/wp\/v2\/product_cat?post=743202"},{"taxonomy":"product_tag","embeddable":true,"href":"https:\/\/stoic-curie.212-227-153-4.plesk.page\/hr\/wp-json\/wp\/v2\/product_tag?post=743202"}],"curies":[{"name":"wp","href":"https:\/\/api.w.org\/{rel}","templated":true}]}}