{"id":743203,"date":"2025-03-03T18:28:05","date_gmt":"2025-03-03T17:28:05","guid":{"rendered":"https:\/\/stoic-curie.212-227-153-4.plesk.page\/producto\/seaflow-crijevo-za-mokri-ispuh-152mm\/"},"modified":"2026-02-25T00:01:07","modified_gmt":"2026-02-25T00:01:07","slug":"seaflow-crijevo-za-mokri-ispuh-152mm","status":"publish","type":"product","link":"https:\/\/stoic-curie.212-227-153-4.plesk.page\/hr\/product\/seaflow-crijevo-za-mokri-ispuh-152mm\/","title":{"rendered":"Seaflow crijevo za mokri ispuh 152mm"},"content":{"rendered":"<p>Seaflow crijevo za mokri ispuh 152mm &#8211; <\/p>\n<div class=\"col-24 col-md-15\">\n<p>152 mm Seaflow Superflex morska ispu\u0161na crijeva pogodna su za ispu\u0161tanje ispu\u0161nih plinova, koriste\u0107i sustave grijanja i hla\u0111enja plovila. Seaflow morska ispu\u0161na crijeva pogodna su samo za mokre ispu\u0161ne sustave i prodaju se po metru.<\/p>\n<p>Morska ispu\u0161na crijeva su ne samo \u010dvrsta, ve\u0107 i izuzetno fleksibilna kako bi se olak\u0161ala instalacija.<\/p>\n<p>Seaflow ispu\u0161na crijeva odobrena su prema specifikacijama R.I.N.A. i LLOYD&#8217;s.<\/p>\n<p>Ova ispu\u0161na cijev mo\u017ee zamijeniti Volvo Penta 1140672 morsku mokru ispu\u0161nu cijev.<\/p>\n<p><style id=\"1\" name=\"Bold\" type=\"2\"><![CDATA[Seaflow Morska Ispu\u0161na Cijev Konstrukcija]]><\/style>\n<\/p>\n<p>Unutarnji sloj cijevi je napravljen od crnog NBR gume koja je otporna na ulje, gorivo, morsku vodu i plamen plina. Pokrov je od crne NBR\/CR gume koja otporna na habanje, ozon, vremenske uvjete, toplinu i ulje. Usisna cijev ima sinteti\u010dka tekstilna poja\u010danja i \u010deli\u010dnu spiralu za poja\u010danje. Povr\u0161ina cijevi je valovita s tekstilnim fini\u0161om i ispisana plavom prenesenom rije\u010di &#8220;EUROCORD MARINGAS \/ HD &#8211; R.I.N.A. No&#8230; SAE J 2006:03 &#8211; LLOYDS&#8217; APPROVED CERT&#8230; NR. 02\/00029&#8221;.<\/p>\n<p>Seaflow Superflex morska ispu\u0161na crijeva prodaju se po metru i izrezuju na ukupnu naru\u010denu duljinu. Tako\u0111er prodajemo Seaflow morska ispu\u0161na crijeva u odvojenim komadima (ovisno o dostupnosti) i punim 10 m kolutima koji uklju\u010duju dodatne u\u0161tede.<\/p>\n<p>Ova Seaflow morska ispu\u0161na crijeva dostupna su u razli\u010ditim unutarnjim promjerima od 19 mm do 203 mm kako bi se prilagodili va\u0161em ispu\u0161nom sustavu.<\/p>\n<\/div>\n<h3>Specifikacije<\/h3>\n<table class=\"table\">\n<tbody>\n<tr>\n<td><strong>Odobrenja<\/strong><\/td>\n<td>Odobreno prema R.I.N.A. i LLOYD&#8217;s specifikaciji.<\/td>\n<\/tr>\n<tr>\n<td><strong>Temperaturni Raspon<\/strong><\/td>\n<td>-30\u00b0C do +100\u00b0C<\/td>\n<\/tr>\n<tr>\n<td><strong>Radni Tlak<\/strong><\/td>\n<td>43,5 PSI (3 bara)<\/td>\n<\/tr>\n<tr>\n<td><strong>Marka<\/strong><\/td>\n<td>Seaflow<\/td>\n<\/tr>\n<tr>\n<td><strong>Prodajna Jedinica<\/strong><\/td>\n<td>Po Metru<\/td>\n<\/tr>\n<tr>\n<td><strong>Polumjer Savijanja<\/strong><\/td>\n<td>825 mm<\/td>\n<\/tr>\n<tr>\n<td><strong>Prsna Tlak<\/strong><\/td>\n<td>130 PSI (9 bara)<\/td>\n<\/tr>\n<tr>\n<td><strong>Konstrukcija<\/strong><\/td>\n<td>Glatko NBR gumenog unutra s NBR\/CR pokrovom. Sinteti\u010dka tekstilna tkanina i \u010deli\u010dna spiralna oja\u010danja.<\/td>\n<\/tr>\n<tr>\n<td><strong>Promjer<\/strong><\/td>\n<td>152 mm (6&#8243;) ID, 165 mm OD<\/td>\n<\/tr>\n<tr>\n<td><strong>Zamjena<\/strong><\/td>\n<td>Volvo Penta 1140672<\/td>\n<\/tr>\n<tr>\n<td><strong>Pogodnost<\/strong><\/td>\n<td>Samo za mokre ispu\u0161ne sustave<\/td>\n<\/tr>\n<\/tbody>\n<\/table>\n","protected":false},"excerpt":{"rendered":"<p>Seaflow crijevo za mokri ispuh 152mm &#8211; 152 mm Seaflow Superflex morska ispu\u0161na crijeva pogodna su za ispu\u0161tanje ispu\u0161nih plinova,<\/p>\n","protected":false},"featured_media":5944989,"comment_status":"open","ping_status":"closed","template":"","meta":[],"product_brand":[3356],"product_cat":[1792],"product_tag":[],"class_list":{"0":"post-743203","1":"product","2":"type-product","3":"status-publish","4":"has-post-thumbnail","6":"product_brand-seaflow-hr","7":"product_cat-ispusno-crijevo","9":"first","10":"instock","11":"shipping-taxable","12":"purchasable","13":"product-type-simple"},"_links":{"self":[{"href":"https:\/\/stoic-curie.212-227-153-4.plesk.page\/hr\/wp-json\/wp\/v2\/product\/743203","targetHints":{"allow":["GET"]}}],"collection":[{"href":"https:\/\/stoic-curie.212-227-153-4.plesk.page\/hr\/wp-json\/wp\/v2\/product"}],"about":[{"href":"https:\/\/stoic-curie.212-227-153-4.plesk.page\/hr\/wp-json\/wp\/v2\/types\/product"}],"replies":[{"embeddable":true,"href":"https:\/\/stoic-curie.212-227-153-4.plesk.page\/hr\/wp-json\/wp\/v2\/comments?post=743203"}],"version-history":[{"count":0,"href":"https:\/\/stoic-curie.212-227-153-4.plesk.page\/hr\/wp-json\/wp\/v2\/product\/743203\/revisions"}],"wp:featuredmedia":[{"embeddable":true,"href":"https:\/\/stoic-curie.212-227-153-4.plesk.page\/hr\/wp-json\/wp\/v2\/media\/5944989"}],"wp:attachment":[{"href":"https:\/\/stoic-curie.212-227-153-4.plesk.page\/hr\/wp-json\/wp\/v2\/media?parent=743203"}],"wp:term":[{"taxonomy":"product_brand","embeddable":true,"href":"https:\/\/stoic-curie.212-227-153-4.plesk.page\/hr\/wp-json\/wp\/v2\/product_brand?post=743203"},{"taxonomy":"product_cat","embeddable":true,"href":"https:\/\/stoic-curie.212-227-153-4.plesk.page\/hr\/wp-json\/wp\/v2\/product_cat?post=743203"},{"taxonomy":"product_tag","embeddable":true,"href":"https:\/\/stoic-curie.212-227-153-4.plesk.page\/hr\/wp-json\/wp\/v2\/product_tag?post=743203"}],"curies":[{"name":"wp","href":"https:\/\/api.w.org\/{rel}","templated":true}]}}