{"id":743204,"date":"2025-03-03T18:28:06","date_gmt":"2025-03-03T17:28:06","guid":{"rendered":"https:\/\/stoic-curie.212-227-153-4.plesk.page\/producto\/seaflow-t-port-ventil-od-nehrdajuceg-celika-3-4-bsp-zenski-prikljucci\/"},"modified":"2026-02-25T00:01:07","modified_gmt":"2026-02-25T00:01:07","slug":"seaflow-t-port-ventil-od-nehrdajuceg-celika-3-4-bsp-zenski-prikljucci","status":"publish","type":"product","link":"https:\/\/stoic-curie.212-227-153-4.plesk.page\/hr\/product\/seaflow-t-port-ventil-od-nehrdajuceg-celika-3-4-bsp-zenski-prikljucci\/","title":{"rendered":"Seaflow T port ventil od nehr\u0111aju\u0107eg \u010delika (3\/4&#8243; BSP \u017eenski prikljucci)"},"content":{"rendered":"<p>Seaflow T port ventil od nehr\u0111aju\u0107eg \u010delika (3\/4&#8243; BSP \u017eenski prikljucci) &#8211; Ova 316 od nehr\u0111aju\u0107eg \u010delika T-port ventil idealan je za instalacije gdje su potrebne vi\u0161estruke cijevi iz jednog rezervoara. Prikladan za aplikacije sa dizelom i benzinom. T-port konfiguracija omogu\u0107uje jednom unutarnjem navojnom priklju\u010dku u pristup i dva unutarnja navojna priklju\u010dka za izlaz, koja se mogu otvoriti kao &#8211; jedan izlaz uklju\u010den ili oba izlaza uklju\u010dena. Tako\u0111er opskrbljujemo komprimirane priklju\u010dke, priklju\u010dke za crijeva i dodatke za dovr\u0161avanje va\u0161e instalacije.<\/p>\n","protected":false},"excerpt":{"rendered":"<p>Seaflow T port ventil od nehr\u0111aju\u0107eg \u010delika (3\/4&#8243; BSP \u017eenski prikljucci) &#8211; Ova 316 od nehr\u0111aju\u0107eg \u010delika T-port ventil idealan<\/p>\n","protected":false},"featured_media":5944992,"comment_status":"open","ping_status":"closed","template":"","meta":[],"product_brand":[3356],"product_cat":[1670,1665],"product_tag":[],"class_list":{"0":"post-743204","1":"product","2":"type-product","3":"status-publish","4":"has-post-thumbnail","6":"product_brand-seaflow-hr","7":"product_cat-brodski-ventili","8":"product_cat-brodski-vodovodni-elementi-nehrdajuci","10":"first","11":"instock","12":"shipping-taxable","13":"purchasable","14":"product-type-simple"},"_links":{"self":[{"href":"https:\/\/stoic-curie.212-227-153-4.plesk.page\/hr\/wp-json\/wp\/v2\/product\/743204","targetHints":{"allow":["GET"]}}],"collection":[{"href":"https:\/\/stoic-curie.212-227-153-4.plesk.page\/hr\/wp-json\/wp\/v2\/product"}],"about":[{"href":"https:\/\/stoic-curie.212-227-153-4.plesk.page\/hr\/wp-json\/wp\/v2\/types\/product"}],"replies":[{"embeddable":true,"href":"https:\/\/stoic-curie.212-227-153-4.plesk.page\/hr\/wp-json\/wp\/v2\/comments?post=743204"}],"version-history":[{"count":0,"href":"https:\/\/stoic-curie.212-227-153-4.plesk.page\/hr\/wp-json\/wp\/v2\/product\/743204\/revisions"}],"wp:featuredmedia":[{"embeddable":true,"href":"https:\/\/stoic-curie.212-227-153-4.plesk.page\/hr\/wp-json\/wp\/v2\/media\/5944992"}],"wp:attachment":[{"href":"https:\/\/stoic-curie.212-227-153-4.plesk.page\/hr\/wp-json\/wp\/v2\/media?parent=743204"}],"wp:term":[{"taxonomy":"product_brand","embeddable":true,"href":"https:\/\/stoic-curie.212-227-153-4.plesk.page\/hr\/wp-json\/wp\/v2\/product_brand?post=743204"},{"taxonomy":"product_cat","embeddable":true,"href":"https:\/\/stoic-curie.212-227-153-4.plesk.page\/hr\/wp-json\/wp\/v2\/product_cat?post=743204"},{"taxonomy":"product_tag","embeddable":true,"href":"https:\/\/stoic-curie.212-227-153-4.plesk.page\/hr\/wp-json\/wp\/v2\/product_tag?post=743204"}],"curies":[{"name":"wp","href":"https:\/\/api.w.org\/{rel}","templated":true}]}}