{"id":743205,"date":"2025-03-03T18:28:06","date_gmt":"2025-03-03T17:28:06","guid":{"rendered":"https:\/\/stoic-curie.212-227-153-4.plesk.page\/producto\/johnson-mc97-impeler-pumpe-za-johnson-f5-modele-pumpi-12-krila\/"},"modified":"2026-02-25T00:01:07","modified_gmt":"2026-02-25T00:01:07","slug":"johnson-mc97-impeler-pumpe-za-johnson-f5-modele-pumpi-12-krila","status":"publish","type":"product","link":"https:\/\/stoic-curie.212-227-153-4.plesk.page\/hr\/product\/johnson-mc97-impeler-pumpe-za-johnson-f5-modele-pumpi-12-krila\/","title":{"rendered":"Johnson MC97 impeler pumpe za Johnson F5 modele pumpi (12 krila)"},"content":{"rendered":"<p>Johnson MC97 impeler pumpe za Johnson F5 modele pumpi (12 krila) &#8211; <\/p>\n<div class=\"col-24 col-md-15\">\n<p>Originalni fleksibilni impeler Johnson MC97 pogodan je za op\u0107e zadatke pumpanja vode poput hla\u0111enja motora, prijenosa vode, \u010di\u0161\u0107enja i pumpanja vode iz brodske staze. Fleksibilni impeler Johnson dizajniran je za instalaciju na neke od modela F5 tvrtke Johnson Pumps koji odgovaraju dimenzijama impelera navedenim u nastavku.<\/p>\n<p>MC97 je razvijen kako bi ispunio nove ekolo\u0161ke propise za procese proizvodnje gume i zamijenit \u0107e redovitu neoprenovu smjesu Johnson. Razvoj MC97 tako\u0111er je rezultirao produ\u017eenim vijekom trajanja impelera u usporedbi s neoprenim impelerima.<\/p>\n<p>Fleksibilni impeler Johnson ima dvanaest krakova i isporu\u010duje se u kompletu s brtvama, O-prstenom, lubrikantnim gelom i uputama za pomo\u0107 pri instalaciji impelera u fleksibilnu pumpu.<\/p>\n<p>Johnson 09-1027B-1 mo\u017ee se koristiti za zamjenu Jabsco 1210-0001 fleksibilnog impelera u Europi i SAD-u. Za primjene koje sadr\u017ee dizel ili lagana ulja, upotrijebite nitrilni impeler Johnson 09-1027B-9.<\/p>\n<p>Visoko se preporu\u010duje da osigurate da koristite originalni impeler pumpe za svoju fleksibilnu pumpu jer \u0107e to osigurati da kvaliteta udovoljava zahtjevima za performanse i dimenzije svakog tipa pumpe. Johnson Pump impeleri izra\u0111eni su u strogoj sukladnosti s specifikacijama pumpi koje postavljaju proizvo\u0111a\u010di motora.<\/p>\n<\/div>\n<h3>Specifikacije<\/h3>\n<table class=\"table\">\n<tbody>\n<tr>\n<td><strong>Marka<\/strong><\/td>\n<td>Johnson<\/td>\n<\/tr>\n<tr>\n<td><strong>Promjer osovine impelera<\/strong><\/td>\n<td>16mm<\/td>\n<\/tr>\n<tr>\n<td><strong>Broj krakova impelera<\/strong><\/td>\n<td>12<\/td>\n<\/tr>\n<tr>\n<td><strong>Izrada<\/strong><\/td>\n<td>MC97<\/td>\n<\/tr>\n<tr>\n<td><strong>Promjer<\/strong><\/td>\n<td>57.1mm, ID: 16mm<\/td>\n<\/tr>\n<tr>\n<td><strong>Vrsta pogona<\/strong><\/td>\n<td>Splined Drive<\/td>\n<\/tr>\n<tr>\n<td><strong>Model<\/strong><\/td>\n<td>09-1027B-1<\/td>\n<\/tr>\n<tr>\n<td><strong>Zamjenjuje<\/strong><\/td>\n<td>Impelere: Jabsco 1210-0001, Volvo 3855546, 825940, 860203 &#038; 875811, Yanmar 129470-42530 &#038; 129470-42530, Onan 132-0162, Perkins 0460038<\/td>\n<\/tr>\n<tr>\n<td><strong>Prikladnost<\/strong><\/td>\n<td>Nekoliko F5 Johnson Pumps<\/td>\n<\/tr>\n<tr>\n<td><strong>Dubina<\/strong><\/td>\n<td>31.5mm (1-1\/4&#8243;)<\/td>\n<\/tr>\n<\/tbody>\n<\/table>\n","protected":false},"excerpt":{"rendered":"<p>Johnson MC97 impeler pumpe za Johnson F5 modele pumpi (12 krila) &#8211; Originalni fleksibilni impeler Johnson MC97 pogodan je za<\/p>\n","protected":false},"featured_media":5945010,"comment_status":"open","ping_status":"closed","template":"","meta":[],"product_brand":[3046],"product_cat":[1809],"product_tag":[],"class_list":{"0":"post-743205","1":"product","2":"type-product","3":"status-publish","4":"has-post-thumbnail","6":"product_brand-johnson-marine-hr","7":"product_cat-pumpe-za-hladenje-motora","9":"first","10":"instock","11":"shipping-taxable","12":"purchasable","13":"product-type-simple"},"_links":{"self":[{"href":"https:\/\/stoic-curie.212-227-153-4.plesk.page\/hr\/wp-json\/wp\/v2\/product\/743205","targetHints":{"allow":["GET"]}}],"collection":[{"href":"https:\/\/stoic-curie.212-227-153-4.plesk.page\/hr\/wp-json\/wp\/v2\/product"}],"about":[{"href":"https:\/\/stoic-curie.212-227-153-4.plesk.page\/hr\/wp-json\/wp\/v2\/types\/product"}],"replies":[{"embeddable":true,"href":"https:\/\/stoic-curie.212-227-153-4.plesk.page\/hr\/wp-json\/wp\/v2\/comments?post=743205"}],"version-history":[{"count":0,"href":"https:\/\/stoic-curie.212-227-153-4.plesk.page\/hr\/wp-json\/wp\/v2\/product\/743205\/revisions"}],"wp:featuredmedia":[{"embeddable":true,"href":"https:\/\/stoic-curie.212-227-153-4.plesk.page\/hr\/wp-json\/wp\/v2\/media\/5945010"}],"wp:attachment":[{"href":"https:\/\/stoic-curie.212-227-153-4.plesk.page\/hr\/wp-json\/wp\/v2\/media?parent=743205"}],"wp:term":[{"taxonomy":"product_brand","embeddable":true,"href":"https:\/\/stoic-curie.212-227-153-4.plesk.page\/hr\/wp-json\/wp\/v2\/product_brand?post=743205"},{"taxonomy":"product_cat","embeddable":true,"href":"https:\/\/stoic-curie.212-227-153-4.plesk.page\/hr\/wp-json\/wp\/v2\/product_cat?post=743205"},{"taxonomy":"product_tag","embeddable":true,"href":"https:\/\/stoic-curie.212-227-153-4.plesk.page\/hr\/wp-json\/wp\/v2\/product_tag?post=743205"}],"curies":[{"name":"wp","href":"https:\/\/api.w.org\/{rel}","templated":true}]}}