{"id":743206,"date":"2025-03-03T18:28:06","date_gmt":"2025-03-03T17:28:06","guid":{"rendered":"https:\/\/stoic-curie.212-227-153-4.plesk.page\/producto\/impeler-johnson-09-814b\/"},"modified":"2026-02-25T00:01:07","modified_gmt":"2026-02-25T00:01:07","slug":"impeler-johnson-09-814b","status":"publish","type":"product","link":"https:\/\/stoic-curie.212-227-153-4.plesk.page\/hr\/product\/impeler-johnson-09-814b\/","title":{"rendered":"Impeler Johnson 09-814B"},"content":{"rendered":"<p>Impeler Johnson 09-814B &#8211; Izvorni Johnson neopren fleksibilni impeler prikladan je za op\u0107e zada\u0107e pumpanja vode kao \u0161to su hla\u0111enje motora, prijenos vode, pranje i pumpanje vode iz odvodnog sustava. Johnson fleksibilni pumpni impeler dizajniran je za ugradnju u neka od F9 serije Johnson Pumps koje odgovaraju donjim dimenzijama impelera. Johnson fleksibilni pumpni impeler ima dvanaest lopatica i dolazi s kompletnim gelom za podmazivanje i priru\u010dnikom za upute kako bi olak\u0161ao instalaciju impelera u fleksibilnu pumpu. Johnson 09-814B mo\u017ee se koristiti kao zamjena za Jabsco 21676-0001 Europe i 17936-0001 USA fleksibilne impelere, kao i Orbitrade 15814 i Volvo Penta 875814. Toplo se preporu\u010duje kori\u0161tenje originalnog pumpe impelera za va\u0161u fleksibilnu pumpu, jer \u0107e to osigurati da kvaliteta ispunjava zahtjeve za performanse i dimenzije za svaki tip pumpe. Johnson Pump impeleri se proizvode u strogoj suglasnosti s specifikacijama pumpe postavljenim od strane proizvo\u0111a\u010da motora. Ovaj Johnson impeler tako\u0111er se mo\u017ee koristiti kao alternativa za sljede\u0107e impelere: Jabsco 17936-0001, Jabsco 21676-0001, Orbitrade 15814, Volvo Penta 875814.<\/p>\n","protected":false},"excerpt":{"rendered":"<p>Impeler Johnson 09-814B &#8211; Izvorni Johnson neopren fleksibilni impeler prikladan je za op\u0107e zada\u0107e pumpanja vode kao \u0161to su hla\u0111enje<\/p>\n","protected":false},"featured_media":5945011,"comment_status":"open","ping_status":"closed","template":"","meta":[],"product_brand":[3046],"product_cat":[1809],"product_tag":[],"class_list":{"0":"post-743206","1":"product","2":"type-product","3":"status-publish","4":"has-post-thumbnail","6":"product_brand-johnson-marine-hr","7":"product_cat-pumpe-za-hladenje-motora","9":"first","10":"instock","11":"shipping-taxable","12":"purchasable","13":"product-type-simple"},"_links":{"self":[{"href":"https:\/\/stoic-curie.212-227-153-4.plesk.page\/hr\/wp-json\/wp\/v2\/product\/743206","targetHints":{"allow":["GET"]}}],"collection":[{"href":"https:\/\/stoic-curie.212-227-153-4.plesk.page\/hr\/wp-json\/wp\/v2\/product"}],"about":[{"href":"https:\/\/stoic-curie.212-227-153-4.plesk.page\/hr\/wp-json\/wp\/v2\/types\/product"}],"replies":[{"embeddable":true,"href":"https:\/\/stoic-curie.212-227-153-4.plesk.page\/hr\/wp-json\/wp\/v2\/comments?post=743206"}],"version-history":[{"count":0,"href":"https:\/\/stoic-curie.212-227-153-4.plesk.page\/hr\/wp-json\/wp\/v2\/product\/743206\/revisions"}],"wp:featuredmedia":[{"embeddable":true,"href":"https:\/\/stoic-curie.212-227-153-4.plesk.page\/hr\/wp-json\/wp\/v2\/media\/5945011"}],"wp:attachment":[{"href":"https:\/\/stoic-curie.212-227-153-4.plesk.page\/hr\/wp-json\/wp\/v2\/media?parent=743206"}],"wp:term":[{"taxonomy":"product_brand","embeddable":true,"href":"https:\/\/stoic-curie.212-227-153-4.plesk.page\/hr\/wp-json\/wp\/v2\/product_brand?post=743206"},{"taxonomy":"product_cat","embeddable":true,"href":"https:\/\/stoic-curie.212-227-153-4.plesk.page\/hr\/wp-json\/wp\/v2\/product_cat?post=743206"},{"taxonomy":"product_tag","embeddable":true,"href":"https:\/\/stoic-curie.212-227-153-4.plesk.page\/hr\/wp-json\/wp\/v2\/product_tag?post=743206"}],"curies":[{"name":"wp","href":"https:\/\/api.w.org\/{rel}","templated":true}]}}