{"id":743207,"date":"2025-03-03T18:28:07","date_gmt":"2025-03-03T17:28:07","guid":{"rendered":"https:\/\/stoic-curie.212-227-153-4.plesk.page\/producto\/neoprenski-impeller-johnson-09-821bt-1\/"},"modified":"2026-02-25T00:01:07","modified_gmt":"2026-02-25T00:01:07","slug":"neoprenski-impeller-johnson-09-821bt-1","status":"publish","type":"product","link":"https:\/\/stoic-curie.212-227-153-4.plesk.page\/hr\/product\/neoprenski-impeller-johnson-09-821bt-1\/","title":{"rendered":"Neoprenski impeller Johnson 09-821BT-1"},"content":{"rendered":"<p>Neoprenski impeller Johnson 09-821BT-1 &#8211; <\/p>\n<div class=\"col-24 col-md-15\">\n<p>Izvorna fleksibilna impeler od neoprena marke Johnson pogodna je za op\u0107a vodoprivredna zadatke kao \u0161to su hla\u0111enje motora, prijenos vode, \u010di\u0161\u0107enje i pumpanje vode iz brodske stijenke. Fleksibilna pumpna impeler Johnson dizajnirana je za instalaciju na nekoliko modela iz F75 serije Johnson Pumps koji odgovaraju dolje navedenim dimenzijama impelera.<\/p>\n<p>Fleksibilni pumpni impeler Johnson ima osam krilaca i isporu\u010duje se u kompletu s gelom za podmazivanje i priru\u010dnikom za upute kako bi se olak\u0161ala instalacija impelera u fleksibilnu pumpu impeler.<\/p>\n<p>Toplo se preporu\u010duje da koristite originalni impeler pumpe za svoju fleksibilnu pumpu jer \u0107e to osigurati da kvaliteta odgovara zahtjevima u pogledu performansi i dimenzija za svaku vrstu pumpe. Impeleri Johnson Pump se proizvode u strogoj skladu sa specifikacijama pumpe koje su postavili proizvo\u0111a\u010di motora.<\/p>\n<\/div>\n<h3>Tehni\u010dke specifikacije<\/h3>\n<table class=\"table\">\n<tbody>\n<tr>\n<td><strong>Marka<\/strong><\/td>\n<td>Johnson<\/td>\n<\/tr>\n<tr>\n<td><strong>Promjer osovine impelera<\/strong><\/td>\n<td>25,4 mm<\/td>\n<\/tr>\n<tr>\n<td><strong>Broj krilaca na impeleru<\/strong><\/td>\n<td>12<\/td>\n<\/tr>\n<tr>\n<td><strong>Izrada<\/strong><\/td>\n<td>Neopren<\/td>\n<\/tr>\n<tr>\n<td><strong>Promjer<\/strong><\/td>\n<td>65 mm, osovina 25,4 mm<\/td>\n<\/tr>\n<tr>\n<td><strong>Vrsta pogona<\/strong><\/td>\n<td>Splined Drive<\/td>\n<\/tr>\n<tr>\n<td><strong>Model<\/strong><\/td>\n<td>09-821B<\/td>\n<\/tr>\n<tr>\n<td><strong>Prikladnost<\/strong><\/td>\n<td>Johnson F75 pumpe<\/td>\n<\/tr>\n<tr>\n<td><strong>Dubina<\/strong><\/td>\n<td>80 mm (3-1\/8&#8243;)<\/td>\n<\/tr>\n<\/tbody>\n<\/table>\n","protected":false},"excerpt":{"rendered":"<p>Neoprenski impeller Johnson 09-821BT-1 &#8211; Izvorna fleksibilna impeler od neoprena marke Johnson pogodna je za op\u0107a vodoprivredna zadatke kao \u0161to<\/p>\n","protected":false},"featured_media":5945012,"comment_status":"open","ping_status":"closed","template":"","meta":[],"product_brand":[3046],"product_cat":[1809],"product_tag":[],"class_list":{"0":"post-743207","1":"product","2":"type-product","3":"status-publish","4":"has-post-thumbnail","6":"product_brand-johnson-marine-hr","7":"product_cat-pumpe-za-hladenje-motora","9":"first","10":"instock","11":"shipping-taxable","12":"purchasable","13":"product-type-simple"},"_links":{"self":[{"href":"https:\/\/stoic-curie.212-227-153-4.plesk.page\/hr\/wp-json\/wp\/v2\/product\/743207","targetHints":{"allow":["GET"]}}],"collection":[{"href":"https:\/\/stoic-curie.212-227-153-4.plesk.page\/hr\/wp-json\/wp\/v2\/product"}],"about":[{"href":"https:\/\/stoic-curie.212-227-153-4.plesk.page\/hr\/wp-json\/wp\/v2\/types\/product"}],"replies":[{"embeddable":true,"href":"https:\/\/stoic-curie.212-227-153-4.plesk.page\/hr\/wp-json\/wp\/v2\/comments?post=743207"}],"version-history":[{"count":0,"href":"https:\/\/stoic-curie.212-227-153-4.plesk.page\/hr\/wp-json\/wp\/v2\/product\/743207\/revisions"}],"wp:featuredmedia":[{"embeddable":true,"href":"https:\/\/stoic-curie.212-227-153-4.plesk.page\/hr\/wp-json\/wp\/v2\/media\/5945012"}],"wp:attachment":[{"href":"https:\/\/stoic-curie.212-227-153-4.plesk.page\/hr\/wp-json\/wp\/v2\/media?parent=743207"}],"wp:term":[{"taxonomy":"product_brand","embeddable":true,"href":"https:\/\/stoic-curie.212-227-153-4.plesk.page\/hr\/wp-json\/wp\/v2\/product_brand?post=743207"},{"taxonomy":"product_cat","embeddable":true,"href":"https:\/\/stoic-curie.212-227-153-4.plesk.page\/hr\/wp-json\/wp\/v2\/product_cat?post=743207"},{"taxonomy":"product_tag","embeddable":true,"href":"https:\/\/stoic-curie.212-227-153-4.plesk.page\/hr\/wp-json\/wp\/v2\/product_tag?post=743207"}],"curies":[{"name":"wp","href":"https:\/\/api.w.org\/{rel}","templated":true}]}}