{"id":743208,"date":"2025-03-03T18:28:07","date_gmt":"2025-03-03T17:28:07","guid":{"rendered":"https:\/\/stoic-curie.212-227-153-4.plesk.page\/producto\/jabsco-17935-0001-neoprene-impeller\/"},"modified":"2026-02-25T00:01:07","modified_gmt":"2026-02-25T00:01:07","slug":"jabsco-17935-0001-neoprene-impeller","status":"publish","type":"product","link":"https:\/\/stoic-curie.212-227-153-4.plesk.page\/hr\/product\/jabsco-17935-0001-neoprene-impeller\/","title":{"rendered":"Jabsco 17935-0001 Neoprene Impeller"},"content":{"rendered":"<p>Jabsco 17935-0001 Neoprene Impeller &#8211; <\/p>\n<div class=\"col-24\" col-md-15=\"\">\n<p>Ova Jabsco impeler odgovara sljede\u0107im pumpama:<\/p>\n<p>3570, 10770-0111, 10880-0051, 10880-0151, 10880-2461, 10880-2561, 10880-2611, 10880-2661, 10980-0051, 12600-0001, 12600-0011, 12600-0021, 14300-0001, 14440-0001, 17520-0001, 17520-0002, 17520-0051, 17520-0052, 17810-1000, 21680-05, 2570-0001, 2570-0011, 2570-0011, 2570-0021, 2570-0051, 2570-0151, 2570-0211, 2570-3000, 29770-0001, 3110-0001, 3110-0011, 3240-0011, 3240-1001, 3570-0001, 50200-2011, 50200-2111, 50200-2211, 50200-2311, 50220-0011, 50220-0111, 50220-0211, 50220-0311, 50230-0311, 51200-2011, 51220-0011, 52200-2001, 52200-2011, 52200-2041, 52200-2051, 52220-0011, 52220-0041, 52220-0051, 52230-0001, 6400-0001, 6400-0004, 6400-0051, 6400-1051, 6590-0001, 6590-0004, 7420-0001, 7420-0004, 7420-0004, 7420-0101, 7420-0101, 7420-1001, 8150-0211 &#038; 8950-0001.<\/p>\n<p>Jabsco 17935-0001 fleksibilni neopren impeler zamjenjuje sljede\u0107e impelere:<\/p>\n<p>&#8211; Caterpillar impeleri: 5N9360<\/p>\n<p>&#8211; Cummins impeleri: NH250M, NT855M, V504M, V555MSC, VT555MSC, VT55MBC &#038; VT555MBC<\/p>\n<p>&#8211; Detroit: 8924838<\/p>\n<p>&#8211; Globe impeler: 125<\/p>\n<p>&#8211; Jabsco impeler: 836-0001<\/p>\n<p>&#8211; Johnson impeleri: 09-1029B &#038; 09-819B<\/p>\n<p>&#8211; Onan impeler: 500135<\/p>\n<p>&#8211; Perkins impeler: 7054<\/p>\n<p>&#8211; Sierra impeler: 18-3295<\/p>\n<p>&#8211; Volvo impeleri: 21430184, 875736, 875660, 825942, 877066, 21951362 &#038; 807904<\/p>\n<p>Jabsco 17935-0001 fleksibilni neopren impeler ima 12 lopatica i zup\u010dasti pogon.<\/p>\n<p>Jabsco fleksibilni neopren impeleri koriste se za pumpanje slatke ili slane vode; neopren impeleri su naj\u010de\u0161\u0107e kori\u0161teni materijal i pogodni su za upotrebu kada su prisutne samo male koli\u010dine ulja ili dizela.<\/p>\n<p>Jabsco fleksibilni impeleri prolaze kroz stroge procese kvalitete kako bi osigurali pouzdano, efikasno i dugotrajno djelovanje.<\/p>\n<p>Trebao bi zamijeniti svoje fleksibilne pumpe impeleri barem jednom godi\u0161nje ili ranije, ovisno o kori\u0161tenju. Kada je instalacija ispravna, impeler mo\u017ee trajati nekoliko godina, ali uvijek je preporu\u010dljivo pridr\u017eavati se rasporeda prevencije umjesto korektivnog odr\u017eavanja.<\/p>\n<p>Ovaj impeler ima Q profil.<\/p>\n<\/div>\n<h3>Specifikacije<\/h3>\n<table class=\"table\">\n<tbody>\n<tr>\n<td><strong>Marka<\/strong><\/td>\n<td>Jabsco<\/td>\n<\/tr>\n<tr>\n<td><strong>Promjer vratila impelera<\/strong><\/td>\n<td>25,4 mm<\/td>\n<\/tr>\n<tr>\n<td><strong>Broj lopatica impelera<\/strong><\/td>\n<td>12<\/td>\n<\/tr>\n<tr>\n<td><strong>Profil<\/strong><\/td>\n<td>Q<\/td>\n<\/tr>\n<tr>\n<td><strong>Izrada<\/strong><\/td>\n<td>Neopren impeler s mesinganom umetkom<\/td>\n<\/tr>\n<tr>\n<td><strong>Promjer<\/strong><\/td>\n<td>95 mm (3-3\/4&#8221;), Osovina 25,4 mm (1&#8221;)<\/td>\n<\/tr>\n<tr>\n<td><strong>Vrsta pogona<\/strong><\/td>\n<td>Zup\u010dasti pogon<\/td>\n<\/tr>\n<tr>\n<td><strong>Model<\/strong><\/td>\n<td>17935-0001<\/td>\n<\/tr>\n<tr>\n<td><strong>Zamjenjuje<\/strong><\/td>\n<td>Pogledajte opis za impilere koje ovaj dio mo\u017ee zamijeniti<\/td>\n<\/tr>\n<tr>\n<td><strong>Prikladnost<\/strong><\/td>\n<td>Pogledajte opis<\/td>\n<\/tr>\n<tr>\n<td><strong>Dubina<\/strong><\/td>\n<td>63 mm (2-1\/2&#8242;)<\/td>\n<\/tr>\n<\/tbody>\n<\/table>\n","protected":false},"excerpt":{"rendered":"<p>Jabsco 17935-0001 Neoprene Impeller &#8211; Ova Jabsco impeler odgovara sljede\u0107im pumpama: 3570, 10770-0111, 10880-0051, 10880-0151, 10880-2461, 10880-2561, 10880-2611, 10880-2661, 10980-0051,<\/p>\n","protected":false},"featured_media":5945013,"comment_status":"open","ping_status":"closed","template":"","meta":[],"product_brand":[3031],"product_cat":[1809],"product_tag":[],"class_list":{"0":"post-743208","1":"product","2":"type-product","3":"status-publish","4":"has-post-thumbnail","6":"product_brand-jabsco-marine-hr","7":"product_cat-pumpe-za-hladenje-motora","9":"first","10":"instock","11":"shipping-taxable","12":"purchasable","13":"product-type-simple"},"_links":{"self":[{"href":"https:\/\/stoic-curie.212-227-153-4.plesk.page\/hr\/wp-json\/wp\/v2\/product\/743208","targetHints":{"allow":["GET"]}}],"collection":[{"href":"https:\/\/stoic-curie.212-227-153-4.plesk.page\/hr\/wp-json\/wp\/v2\/product"}],"about":[{"href":"https:\/\/stoic-curie.212-227-153-4.plesk.page\/hr\/wp-json\/wp\/v2\/types\/product"}],"replies":[{"embeddable":true,"href":"https:\/\/stoic-curie.212-227-153-4.plesk.page\/hr\/wp-json\/wp\/v2\/comments?post=743208"}],"version-history":[{"count":0,"href":"https:\/\/stoic-curie.212-227-153-4.plesk.page\/hr\/wp-json\/wp\/v2\/product\/743208\/revisions"}],"wp:featuredmedia":[{"embeddable":true,"href":"https:\/\/stoic-curie.212-227-153-4.plesk.page\/hr\/wp-json\/wp\/v2\/media\/5945013"}],"wp:attachment":[{"href":"https:\/\/stoic-curie.212-227-153-4.plesk.page\/hr\/wp-json\/wp\/v2\/media?parent=743208"}],"wp:term":[{"taxonomy":"product_brand","embeddable":true,"href":"https:\/\/stoic-curie.212-227-153-4.plesk.page\/hr\/wp-json\/wp\/v2\/product_brand?post=743208"},{"taxonomy":"product_cat","embeddable":true,"href":"https:\/\/stoic-curie.212-227-153-4.plesk.page\/hr\/wp-json\/wp\/v2\/product_cat?post=743208"},{"taxonomy":"product_tag","embeddable":true,"href":"https:\/\/stoic-curie.212-227-153-4.plesk.page\/hr\/wp-json\/wp\/v2\/product_tag?post=743208"}],"curies":[{"name":"wp","href":"https:\/\/api.w.org\/{rel}","templated":true}]}}