{"id":743209,"date":"2025-03-03T18:28:08","date_gmt":"2025-03-03T17:28:08","guid":{"rendered":"https:\/\/stoic-curie.212-227-153-4.plesk.page\/producto\/jabsco-17936-0001-neoprenski-impeller\/"},"modified":"2026-02-25T00:01:07","modified_gmt":"2026-02-25T00:01:07","slug":"jabsco-17936-0001-neoprenski-impeller","status":"publish","type":"product","link":"https:\/\/stoic-curie.212-227-153-4.plesk.page\/hr\/product\/jabsco-17936-0001-neoprenski-impeller\/","title":{"rendered":"Jabsco 17936-0001 Neoprenski Impeller"},"content":{"rendered":"<p>Jabsco 17936-0001 Neoprenski Impeller &#8211; Ovaj Jabsco neopren impeler prikladan je za sljede\u0107e pumpe: Jabsco 10660, 10590-0111, 10590-0231, 10590-0341, 10660-200, 11100-0601, 11100-0641, 17490-0001, 18300-0000, 18320-0000, 18320-0001, 18320-0002, 18340-0000, 18370-0000, 22040-01, 22040-0131, 22040-0501, 22040-0531, 23010-0131, 23010-0531, 50270-0011, 50270-0111, 50270-0211, 50270-0311, 50270-0911, 50270-2011, 50270-2111, 50270-2211, 50270-2311, 50270-2911, 52270-0011, 52270-2011, 6980-0001, 6980-0002, 6980-0003, 6980-0004, 6980-0005, 6980-0006, 6980-0011, 6980-0411 i 6980-3000. Fleksibilni neopren impeler Jabsco 17936-0001 zamjenjuje sljede\u0107e impelere: Caterpillar impeler: 4L8470. Cummins impeler: 3008503. Detroit Diesel impelere: 5196168, 5198550 i 8924839. Jabsco impelere: 21676-0001 i 17936-0001. Johnson impeler: 09-814B. Man impeler: 50.06506-0073. Perkins impeler: 0460027. Volvo Penta impelere: 842857, 844683, 845796, 875697 i 875814-6. Fleksibilni neopren impeler Jabsco 17936-0001 ima 12 lamela, profilirano prijenosno vratilo i dolazi s utika\u010dem. Fleksibilni neopren impeleri Jabsco koriste se za pumpanje slatke ili slane vode, a neopren je naj\u010de\u0161\u0107e kori\u0161teni materijal i pogodan je za upotrebu kada su prisutne samo male koli\u010dine ulja ili dizel goriva. Jabsco fleksibilni impeleri podlije\u017eu strogoj kontroli kvalitete kako bi se osigurale pouzdane, u\u010dinkovite i dugotrajne performanse. Trebali biste zamijeniti svoje fleksibilne pumpe impelere najmanje jednom godi\u0161nje ili prije, ovisno o kori\u0161tenju. Kada je instalacija ispravna, impeler mo\u017ee trajati nekoliko godina, ali uvijek je preporu\u010dljivo slijediti raspored preventivnog umjesto korektivnog odr\u017eavanja. Ovaj impeler ima Q profil.<\/p>\n","protected":false},"excerpt":{"rendered":"<p>Jabsco 17936-0001 Neoprenski Impeller &#8211; Ovaj Jabsco neopren impeler prikladan je za sljede\u0107e pumpe: Jabsco 10660, 10590-0111, 10590-0231, 10590-0341, 10660-200,<\/p>\n","protected":false},"featured_media":5945016,"comment_status":"open","ping_status":"closed","template":"","meta":[],"product_brand":[3031],"product_cat":[1809],"product_tag":[],"class_list":{"0":"post-743209","1":"product","2":"type-product","3":"status-publish","4":"has-post-thumbnail","6":"product_brand-jabsco-marine-hr","7":"product_cat-pumpe-za-hladenje-motora","9":"first","10":"instock","11":"shipping-taxable","12":"purchasable","13":"product-type-simple"},"_links":{"self":[{"href":"https:\/\/stoic-curie.212-227-153-4.plesk.page\/hr\/wp-json\/wp\/v2\/product\/743209","targetHints":{"allow":["GET"]}}],"collection":[{"href":"https:\/\/stoic-curie.212-227-153-4.plesk.page\/hr\/wp-json\/wp\/v2\/product"}],"about":[{"href":"https:\/\/stoic-curie.212-227-153-4.plesk.page\/hr\/wp-json\/wp\/v2\/types\/product"}],"replies":[{"embeddable":true,"href":"https:\/\/stoic-curie.212-227-153-4.plesk.page\/hr\/wp-json\/wp\/v2\/comments?post=743209"}],"version-history":[{"count":0,"href":"https:\/\/stoic-curie.212-227-153-4.plesk.page\/hr\/wp-json\/wp\/v2\/product\/743209\/revisions"}],"wp:featuredmedia":[{"embeddable":true,"href":"https:\/\/stoic-curie.212-227-153-4.plesk.page\/hr\/wp-json\/wp\/v2\/media\/5945016"}],"wp:attachment":[{"href":"https:\/\/stoic-curie.212-227-153-4.plesk.page\/hr\/wp-json\/wp\/v2\/media?parent=743209"}],"wp:term":[{"taxonomy":"product_brand","embeddable":true,"href":"https:\/\/stoic-curie.212-227-153-4.plesk.page\/hr\/wp-json\/wp\/v2\/product_brand?post=743209"},{"taxonomy":"product_cat","embeddable":true,"href":"https:\/\/stoic-curie.212-227-153-4.plesk.page\/hr\/wp-json\/wp\/v2\/product_cat?post=743209"},{"taxonomy":"product_tag","embeddable":true,"href":"https:\/\/stoic-curie.212-227-153-4.plesk.page\/hr\/wp-json\/wp\/v2\/product_tag?post=743209"}],"curies":[{"name":"wp","href":"https:\/\/api.w.org\/{rel}","templated":true}]}}