{"id":743211,"date":"2025-03-03T18:28:09","date_gmt":"2025-03-03T17:28:09","guid":{"rendered":"https:\/\/stoic-curie.212-227-153-4.plesk.page\/producto\/johnson-nitrile-impeler-pumpe-za-johnson-f7-modele-pumpi-8-krila\/"},"modified":"2026-02-25T00:01:07","modified_gmt":"2026-02-25T00:01:07","slug":"johnson-nitrile-impeler-pumpe-za-johnson-f7-modele-pumpi-8-krila","status":"publish","type":"product","link":"https:\/\/stoic-curie.212-227-153-4.plesk.page\/hr\/product\/johnson-nitrile-impeler-pumpe-za-johnson-f7-modele-pumpi-8-krila\/","title":{"rendered":"Johnson Nitrile impeler pumpe za Johnson F7 modele pumpi (8 krila)"},"content":{"rendered":"<p>Johnson Nitrile impeler pumpe za Johnson F7 modele pumpi (8 krila) &#8211; Izvorni Johnsonov nitrilni fleksibilni impeler prikladan je za primjene u kojima su prisutni dizel ili lagana ulja. Johnsonov fleksibilni pumpni impeler dizajniran je za instalaciju u neke od modela F7 Johnson Pumpa koji odgovaraju donjim navedenim dimenzijama impelera. Johnsonov fleksibilni pumpni impeler ima dvanaest lopatica i dolazi u kompletu s gelom za podmazivanje i uputama za instalaciju kako bi se olak\u0161ala instalacija impelera u fleksibilnu pumpu. Johnson 09-1028B-9 mo\u017ee se koristiti kao zamjena za Jabsco 17937-0003 i 920-0003 fleksibilne impelere u Europi i SAD-u. Za primjene pumpe za vodu koristite Johnsonov neopren impeler 09-1028B. Toplo se preporu\u010duje da se koristi izvorni pumpni impeler za va\u0161u fleksibilnu pumpu, jer \u0107e to osigurati da kvaliteta udovoljava zahtjevima performansi i dimenzija za svaku vrstu pumpe. Impeleri Johnson Pump izra\u0111eni su u strogoj uskla\u0111enosti s specifikacijama pumpe koje su postavili proizvo\u0111a\u010di motora.<\/p>\n","protected":false},"excerpt":{"rendered":"<p>Johnson Nitrile impeler pumpe za Johnson F7 modele pumpi (8 krila) &#8211; Izvorni Johnsonov nitrilni fleksibilni impeler prikladan je za<\/p>\n","protected":false},"featured_media":5945017,"comment_status":"open","ping_status":"closed","template":"","meta":[],"product_brand":[3046],"product_cat":[1809],"product_tag":[],"class_list":{"0":"post-743211","1":"product","2":"type-product","3":"status-publish","4":"has-post-thumbnail","6":"product_brand-johnson-marine-hr","7":"product_cat-pumpe-za-hladenje-motora","9":"first","10":"instock","11":"shipping-taxable","12":"purchasable","13":"product-type-simple"},"_links":{"self":[{"href":"https:\/\/stoic-curie.212-227-153-4.plesk.page\/hr\/wp-json\/wp\/v2\/product\/743211","targetHints":{"allow":["GET"]}}],"collection":[{"href":"https:\/\/stoic-curie.212-227-153-4.plesk.page\/hr\/wp-json\/wp\/v2\/product"}],"about":[{"href":"https:\/\/stoic-curie.212-227-153-4.plesk.page\/hr\/wp-json\/wp\/v2\/types\/product"}],"replies":[{"embeddable":true,"href":"https:\/\/stoic-curie.212-227-153-4.plesk.page\/hr\/wp-json\/wp\/v2\/comments?post=743211"}],"version-history":[{"count":0,"href":"https:\/\/stoic-curie.212-227-153-4.plesk.page\/hr\/wp-json\/wp\/v2\/product\/743211\/revisions"}],"wp:featuredmedia":[{"embeddable":true,"href":"https:\/\/stoic-curie.212-227-153-4.plesk.page\/hr\/wp-json\/wp\/v2\/media\/5945017"}],"wp:attachment":[{"href":"https:\/\/stoic-curie.212-227-153-4.plesk.page\/hr\/wp-json\/wp\/v2\/media?parent=743211"}],"wp:term":[{"taxonomy":"product_brand","embeddable":true,"href":"https:\/\/stoic-curie.212-227-153-4.plesk.page\/hr\/wp-json\/wp\/v2\/product_brand?post=743211"},{"taxonomy":"product_cat","embeddable":true,"href":"https:\/\/stoic-curie.212-227-153-4.plesk.page\/hr\/wp-json\/wp\/v2\/product_cat?post=743211"},{"taxonomy":"product_tag","embeddable":true,"href":"https:\/\/stoic-curie.212-227-153-4.plesk.page\/hr\/wp-json\/wp\/v2\/product_tag?post=743211"}],"curies":[{"name":"wp","href":"https:\/\/api.w.org\/{rel}","templated":true}]}}