{"id":743212,"date":"2025-03-03T18:28:09","date_gmt":"2025-03-03T17:28:09","guid":{"rendered":"https:\/\/stoic-curie.212-227-153-4.plesk.page\/producto\/jabsco-17018-1101-neoprene-impeller\/"},"modified":"2026-02-25T00:01:07","modified_gmt":"2026-02-25T00:01:07","slug":"jabsco-17018-1101-neoprene-impeller","status":"publish","type":"product","link":"https:\/\/stoic-curie.212-227-153-4.plesk.page\/hr\/product\/jabsco-17018-1101-neoprene-impeller\/","title":{"rendered":"Jabsco 17018-1101 Neoprene Impeller"},"content":{"rendered":"<p>Jabsco 17018-1101 Neoprene Impeller &#8211; <\/p>\n<div class=\"col-24 col-md-15\">\n<p>Jabsco 17018-1101 neoprenski impeler zamjenjuje sljede\u0107e:<\/p>\n<p>Volvo impeleri: VP3817587 &#038; 3583602<\/p>\n<p>Caterpillar impeler: 3N5895<\/p>\n<p>Ovaj Jabsco impeler odgovara sljede\u0107im pumpama:<\/p>\n<p>17350-0011, 21810, 21890, 23340-1001, 23340-1101, 29700-1101, 29700-1201, 29700-1301, 29700-1331, 29700-1401, 50350-1001, 50390-1201, 50430-0301.<\/p>\n<p>Jabsco 17018-1101 fleksibilni neoprenski impeler ima 8 impeler lopatica i zup\u010dasti pogon.<\/p>\n<p>Fleksibilni neoprenski impeleri Jabsco koriste se za pumpanje slatke ili slane vode; neoprenski impeleri su naj\u010de\u0161\u0107e kori\u0161teni materijal i pogodni su za upotrebu gdje su prisutne samo male koli\u010dine ulja ili dizelskog goriva.<\/p>\n<p>Jabsco fleksibilni impeleri podlije\u017eu strogim procesima kvalitete kako bi se osigurala pouzdana, u\u010dinkovita i dugotrajna izvedba.<\/p>\n<p>Treba zamijeniti fleksibilne impelere pumpe barem jednom godi\u0161nje ili ranije ovisno o upotrebi. Kada je instalacija ispravna, impeler mo\u017ee trajati nekoliko godina, ali uvijek je preporu\u010dljivo pridr\u017eavati se rasporeda preventivnog umjesto korektivnog odr\u017eavanja.<\/p>\n<p>Ovaj 17018-1101 impeler je identi\u010dan 17018-0001.<\/p>\n<p>Ovaj impeler ima M profil.<\/p>\n<\/div>\n<h3>Tehni\u010dke specifikacije<\/h3>\n<table class=\"table\">\n<tbody>\n<tr>\n<td><strong>\u0160irina<\/strong><\/td>\n<td>76,2 mm (3&#8243;)<\/td>\n<\/tr>\n<tr>\n<td><strong>Marka<\/strong><\/td>\n<td>Jabsco<\/td>\n<\/tr>\n<tr>\n<td><strong>Promjer osovine impelera<\/strong><\/td>\n<td>16 mm<\/td>\n<\/tr>\n<tr>\n<td><strong>Broj lopatica impelera<\/strong><\/td>\n<td>8<\/td>\n<\/tr>\n<tr>\n<td><strong>Profil<\/strong><\/td>\n<td>M<\/td>\n<\/tr>\n<tr>\n<td><strong>Konstrukcija<\/strong><\/td>\n<td>Neoprenski impeler s brzinom u mesingu<\/td>\n<\/tr>\n<tr>\n<td><strong>Sadr\u017eaj<\/strong><\/td>\n<td>Impelere<\/td>\n<\/tr>\n<tr>\n<td><strong>Promjer<\/strong><\/td>\n<td>OD: 65 mm (2-9\/16&#8243;), Osovina: 16 mm (5\/8&#8243;)<\/td>\n<\/tr>\n<tr>\n<td><strong>Vrsta pogona<\/strong><\/td>\n<td>U prevodu<\/td>\n<\/tr>\n<tr>\n<td><strong>Model<\/strong><\/td>\n<td>17018-1101<\/td>\n<\/tr>\n<tr>\n<td><strong>Zamjenjuje<\/strong><\/td>\n<td>Volvo: VP3817587 &#038; 3583602, Caterpillar: 3N5895, Jabsco JAB-17018-0001<\/td>\n<\/tr>\n<tr>\n<td><strong>Prikladnost<\/strong><\/td>\n<td>Pogledajte opis<\/td>\n<\/tr>\n<tr>\n<td><strong>Dubina<\/strong><\/td>\n<td>76,2 mm<\/td>\n<\/tr>\n<\/tbody>\n<\/table>\n","protected":false},"excerpt":{"rendered":"<p>Jabsco 17018-1101 Neoprene Impeller &#8211; Jabsco 17018-1101 neoprenski impeler zamjenjuje sljede\u0107e: Volvo impeleri: VP3817587 &#038; 3583602 Caterpillar impeler: 3N5895 Ovaj<\/p>\n","protected":false},"featured_media":5945018,"comment_status":"open","ping_status":"closed","template":"","meta":[],"product_brand":[3031],"product_cat":[1809],"product_tag":[],"class_list":{"0":"post-743212","1":"product","2":"type-product","3":"status-publish","4":"has-post-thumbnail","6":"product_brand-jabsco-marine-hr","7":"product_cat-pumpe-za-hladenje-motora","9":"first","10":"instock","11":"shipping-taxable","12":"purchasable","13":"product-type-simple"},"_links":{"self":[{"href":"https:\/\/stoic-curie.212-227-153-4.plesk.page\/hr\/wp-json\/wp\/v2\/product\/743212","targetHints":{"allow":["GET"]}}],"collection":[{"href":"https:\/\/stoic-curie.212-227-153-4.plesk.page\/hr\/wp-json\/wp\/v2\/product"}],"about":[{"href":"https:\/\/stoic-curie.212-227-153-4.plesk.page\/hr\/wp-json\/wp\/v2\/types\/product"}],"replies":[{"embeddable":true,"href":"https:\/\/stoic-curie.212-227-153-4.plesk.page\/hr\/wp-json\/wp\/v2\/comments?post=743212"}],"version-history":[{"count":0,"href":"https:\/\/stoic-curie.212-227-153-4.plesk.page\/hr\/wp-json\/wp\/v2\/product\/743212\/revisions"}],"wp:featuredmedia":[{"embeddable":true,"href":"https:\/\/stoic-curie.212-227-153-4.plesk.page\/hr\/wp-json\/wp\/v2\/media\/5945018"}],"wp:attachment":[{"href":"https:\/\/stoic-curie.212-227-153-4.plesk.page\/hr\/wp-json\/wp\/v2\/media?parent=743212"}],"wp:term":[{"taxonomy":"product_brand","embeddable":true,"href":"https:\/\/stoic-curie.212-227-153-4.plesk.page\/hr\/wp-json\/wp\/v2\/product_brand?post=743212"},{"taxonomy":"product_cat","embeddable":true,"href":"https:\/\/stoic-curie.212-227-153-4.plesk.page\/hr\/wp-json\/wp\/v2\/product_cat?post=743212"},{"taxonomy":"product_tag","embeddable":true,"href":"https:\/\/stoic-curie.212-227-153-4.plesk.page\/hr\/wp-json\/wp\/v2\/product_tag?post=743212"}],"curies":[{"name":"wp","href":"https:\/\/api.w.org\/{rel}","templated":true}]}}