{"id":743215,"date":"2025-03-03T18:28:10","date_gmt":"2025-03-03T17:28:10","guid":{"rendered":"https:\/\/stoic-curie.212-227-153-4.plesk.page\/producto\/jabsco-servisni-komplet-za-elektricne-komplete-za-konverziju\/"},"modified":"2026-02-25T00:01:07","modified_gmt":"2026-02-25T00:01:07","slug":"jabsco-servisni-komplet-za-elektricne-komplete-za-konverziju","status":"publish","type":"product","link":"https:\/\/stoic-curie.212-227-153-4.plesk.page\/hr\/product\/jabsco-servisni-komplet-za-elektricne-komplete-za-konverziju\/","title":{"rendered":"Jabsco servisni komplet za elektricne komplete za konverziju"},"content":{"rendered":"<p>Jabsco servisni komplet za elektricne komplete za konverziju &#8211; Ovo je Jabsco 29101-0000 servisni komplet za Jabsco elektri\u010dne konverzijske jedinice. Pogodno je za Jabsco ru\u010dne WC-e koji su preba\u010deni na elektri\u010dne pumpe. Elektri\u010dni konverzijski servisni komplet uklju\u010duje: mali kota\u010di\u0107, brtve, impeleri, brtve (papir), opru\u017ena podlo\u0161ka, monta\u017ena vijak, O-prsten, vijak (kontrolna tipka), vijak (poklopac pumpe za ispiranje), brtva pumpe za ispiranje (kork) 29075-1000, vijak (pumpa za ispiranje), sklop prekida\u010da 29103-1000, cijev za ispu\u0161tanje 29019-1010. <\/p>\n<p>Tehni\u010dki podaci:<br \/>\n&#8211; Marka: Jabsco<br \/>\n&#8211; Model: 29101-0000<br \/>\n&#8211; Pogodnost: 29200 serija elektri\u010dna konverzija<\/p>\n","protected":false},"excerpt":{"rendered":"<p>Jabsco servisni komplet za elektricne komplete za konverziju &#8211; Ovo je Jabsco 29101-0000 servisni komplet za Jabsco elektri\u010dne konverzijske jedinice.<\/p>\n","protected":false},"featured_media":5945028,"comment_status":"open","ping_status":"closed","template":"","meta":[],"product_brand":[3031],"product_cat":[1675],"product_tag":[],"class_list":{"0":"post-743215","1":"product","2":"type-product","3":"status-publish","4":"has-post-thumbnail","6":"product_brand-jabsco-marine-hr","7":"product_cat-brodski-wc","9":"first","10":"instock","11":"shipping-taxable","12":"purchasable","13":"product-type-simple"},"_links":{"self":[{"href":"https:\/\/stoic-curie.212-227-153-4.plesk.page\/hr\/wp-json\/wp\/v2\/product\/743215","targetHints":{"allow":["GET"]}}],"collection":[{"href":"https:\/\/stoic-curie.212-227-153-4.plesk.page\/hr\/wp-json\/wp\/v2\/product"}],"about":[{"href":"https:\/\/stoic-curie.212-227-153-4.plesk.page\/hr\/wp-json\/wp\/v2\/types\/product"}],"replies":[{"embeddable":true,"href":"https:\/\/stoic-curie.212-227-153-4.plesk.page\/hr\/wp-json\/wp\/v2\/comments?post=743215"}],"version-history":[{"count":0,"href":"https:\/\/stoic-curie.212-227-153-4.plesk.page\/hr\/wp-json\/wp\/v2\/product\/743215\/revisions"}],"wp:featuredmedia":[{"embeddable":true,"href":"https:\/\/stoic-curie.212-227-153-4.plesk.page\/hr\/wp-json\/wp\/v2\/media\/5945028"}],"wp:attachment":[{"href":"https:\/\/stoic-curie.212-227-153-4.plesk.page\/hr\/wp-json\/wp\/v2\/media?parent=743215"}],"wp:term":[{"taxonomy":"product_brand","embeddable":true,"href":"https:\/\/stoic-curie.212-227-153-4.plesk.page\/hr\/wp-json\/wp\/v2\/product_brand?post=743215"},{"taxonomy":"product_cat","embeddable":true,"href":"https:\/\/stoic-curie.212-227-153-4.plesk.page\/hr\/wp-json\/wp\/v2\/product_cat?post=743215"},{"taxonomy":"product_tag","embeddable":true,"href":"https:\/\/stoic-curie.212-227-153-4.plesk.page\/hr\/wp-json\/wp\/v2\/product_tag?post=743215"}],"curies":[{"name":"wp","href":"https:\/\/api.w.org\/{rel}","templated":true}]}}