{"id":743225,"date":"2025-03-03T18:28:13","date_gmt":"2025-03-03T17:28:13","guid":{"rendered":"https:\/\/stoic-curie.212-227-153-4.plesk.page\/producto\/pocincani-kalibrirani-lanac-g70-8mm-x-50mt\/"},"modified":"2026-02-25T00:01:07","modified_gmt":"2026-02-25T00:01:07","slug":"pocincani-kalibrirani-lanac-g70-8mm-x-50mt","status":"publish","type":"product","link":"https:\/\/stoic-curie.212-227-153-4.plesk.page\/hr\/product\/pocincani-kalibrirani-lanac-g70-8mm-x-50mt\/","title":{"rendered":"Pocincani kalibrirani lanac G70 8mm x 50mt"},"content":{"rendered":"<p>Pocincani kalibrirani lanac G70 8mm x 50mt &#8211; <\/p>\n<p style=\"color: rgb(34, 34, 34); font-family: Arial, Helvetica, sans-serif; font-size: small;\">Sa zadovoljstvom predstavljamo na\u0161u G70 galvaniziranu kalibriranu \u010deli\u010dnu poveznicu, proizvod koji je pa\u017eljivo izra\u0111en kako bi zadovoljio stroge zahtjeve pomorske primjene. Ova poveznica ima robusnu debljinu od 8 mm i impresivnu duljinu od 50 metara, \u0161to je \u010dini izvanrednim izborom za kori\u0161tenje s vitlima. Njen dizajn prioritizira izvanrednu snagu, trajnost i pouzdanost, osiguravaju\u0107i sigurno sidrenje koje se izvrsno pona\u0161a u razli\u010ditim izazovnim pomorskim uvjetima.<\/p>\n<p style=\"color: rgb(34, 34, 34); font-family: Arial, Helvetica, sans-serif; font-size: small;\">Izra\u0111ena od visokokvalitetnog \u010delika oblo\u017eenog vru\u0107im pocin\u010danjem, ova poveznica se ponosi iznimnom otporno\u0161\u0107u na koroziju, \u0161to zna\u010dajno produ\u017eava njen vijek trajanja \u010dak i u najte\u017eim pomorskim okru\u017eenjima. Proces galvanizacije ne samo da pobolj\u0161ava ukupnu trajnost poveznice, ve\u0107 slu\u017ei i kao za\u0161titna barijera protiv hr\u0111e i degradacije uzrokovane produljenim izlaganjem slanoj vodi. To zna\u010di da se mo\u017eete osloniti na na\u0161u poveznicu da zadr\u017ei svoju cjelovitost i performanse tijekom vremena, \u010dak i kada se suo\u010dava s elementima.<\/p>\n<p style=\"color: rgb(34, 34, 34); font-family: Arial, Helvetica, sans-serif; font-size: small;\">Kalibrirani dizajn na\u0161e G70 poveznice osigurava da zadr\u017ei dosljednu veli\u010dinu i te\u017einu du\u017e svoje duljine, \u0161to je klju\u010dno za glatko i u\u010dinkovito djelovanje s vitlima. Ova uniformnost minimizira rizik od zaplitanja tijekom povla\u010denja, \u010dime pobolj\u0161ava ukupnu u\u010dinkovitost va\u0161eg sidrenja. Kada ste na vodi, posljednje \u0161to \u017eelite je nositi se s komplikacijama koje mogu proiza\u0107i iz nedosljedne poveznice, a na\u0161 proizvod je dizajniran da eliminira te brige.<\/p>\n<p style=\"color: rgb(34, 34, 34); font-family: Arial, Helvetica, sans-serif; font-size: small;\">Osim toga, ova galvanizirana kalibrirana poveznica je izuzetno svestrana, \u0161to je \u010dini pogodnom za \u0161irok spektar pomorskih primjena, posebno onih koje uklju\u010duju sidrenje i vezivanje. Njena robusna konstrukcija jam\u010di pouzdanu izvedbu, zbog \u010dega je postala pouzdan izbor me\u0111u vlasnicima \u010damaca i pomorskim stru\u010dnjacima. Bilo da sidrite u mirnim vodama ili se suo\u010davate s nemirnim morem, mo\u017eete se osloniti na na\u0161u poveznicu da pru\u017ei performanse koje su vam potrebne.<\/p>\n<p style=\"color: rgb(34, 34, 34); font-family: Arial, Helvetica, sans-serif; font-size: small;\">Va\u017ena zna\u010dajka na\u0161e G70 galvanizirane kalibrirane poveznice je njena impresivna nosivost koja je \u010detiri puta ve\u0107a od njene radne nosivosti. Ova karakteristika dodaje dodatni sloj sigurnosti i pouzdanosti, pru\u017eaju\u0107i vam mir kada ste na vodi. Znaju\u0107i da poveznica mo\u017ee podnijeti zna\u010dajno vi\u0161e od predvi\u0111ene nosivosti ne samo da pove\u0107ava va\u0161e povjerenje u njenu izvedbu, ve\u0107 i osigurava da zadovoljava va\u0161e najva\u017enije potrebe za sidrenjem bez ikakvih problema.<\/p>\n<p style=\"color: rgb(34, 34, 34); font-family: Arial, Helvetica, sans-serif; font-size: small;\">U sa\u017eetku, na\u0161a G70 galvanizirana kalibrirana poveznica izdvaja se kao vrhunsko rje\u0161enje za sve va\u0161e pomorske sidrene potrebe. Sa svojom kombinacijom snage, trajnosti i pouzdanosti, dizajnirana je za iznimne performanse u raznim pomorskim uvjetima, \u0161to je \u010dini neizostavnim alatom za svakoga tko provodi vrijeme na vodi. Vjerujte na\u0161oj poveznici da pru\u017ei sigurnost i performanse koje su vam potrebne za va\u0161e pomorske avanture.<\/p>\n","protected":false},"excerpt":{"rendered":"<p>Pocincani kalibrirani lanac G70 8mm x 50mt &#8211; Sa zadovoljstvom predstavljamo na\u0161u G70 galvaniziranu kalibriranu \u010deli\u010dnu poveznicu, proizvod koji je<\/p>\n","protected":false},"featured_media":5943787,"comment_status":"open","ping_status":"closed","template":"","meta":[],"product_brand":[3086],"product_cat":[1619,1685],"product_tag":[],"class_list":{"0":"post-743225","1":"product","2":"type-product","3":"status-publish","4":"has-post-thumbnail","6":"product_brand-maggigroup-hr","7":"product_cat-kalibrirani-lanac-pocincan","8":"product_cat-pocincani-lanac","10":"first","11":"instock","12":"shipping-taxable","13":"purchasable","14":"product-type-simple"},"_links":{"self":[{"href":"https:\/\/stoic-curie.212-227-153-4.plesk.page\/hr\/wp-json\/wp\/v2\/product\/743225","targetHints":{"allow":["GET"]}}],"collection":[{"href":"https:\/\/stoic-curie.212-227-153-4.plesk.page\/hr\/wp-json\/wp\/v2\/product"}],"about":[{"href":"https:\/\/stoic-curie.212-227-153-4.plesk.page\/hr\/wp-json\/wp\/v2\/types\/product"}],"replies":[{"embeddable":true,"href":"https:\/\/stoic-curie.212-227-153-4.plesk.page\/hr\/wp-json\/wp\/v2\/comments?post=743225"}],"version-history":[{"count":0,"href":"https:\/\/stoic-curie.212-227-153-4.plesk.page\/hr\/wp-json\/wp\/v2\/product\/743225\/revisions"}],"wp:featuredmedia":[{"embeddable":true,"href":"https:\/\/stoic-curie.212-227-153-4.plesk.page\/hr\/wp-json\/wp\/v2\/media\/5943787"}],"wp:attachment":[{"href":"https:\/\/stoic-curie.212-227-153-4.plesk.page\/hr\/wp-json\/wp\/v2\/media?parent=743225"}],"wp:term":[{"taxonomy":"product_brand","embeddable":true,"href":"https:\/\/stoic-curie.212-227-153-4.plesk.page\/hr\/wp-json\/wp\/v2\/product_brand?post=743225"},{"taxonomy":"product_cat","embeddable":true,"href":"https:\/\/stoic-curie.212-227-153-4.plesk.page\/hr\/wp-json\/wp\/v2\/product_cat?post=743225"},{"taxonomy":"product_tag","embeddable":true,"href":"https:\/\/stoic-curie.212-227-153-4.plesk.page\/hr\/wp-json\/wp\/v2\/product_tag?post=743225"}],"curies":[{"name":"wp","href":"https:\/\/api.w.org\/{rel}","templated":true}]}}