{"id":743237,"date":"2025-03-03T18:28:17","date_gmt":"2025-03-03T17:28:17","guid":{"rendered":"https:\/\/stoic-curie.212-227-153-4.plesk.page\/producto\/nehrdajuci-kalibrirani-lanac-8mm-x-50mt-din766\/"},"modified":"2026-02-25T00:01:07","modified_gmt":"2026-02-25T00:01:07","slug":"nehrdajuci-kalibrirani-lanac-8mm-x-50mt-din766","status":"publish","type":"product","link":"https:\/\/stoic-curie.212-227-153-4.plesk.page\/hr\/product\/nehrdajuci-kalibrirani-lanac-8mm-x-50mt-din766\/","title":{"rendered":"Nehr\u0111aju\u0107i kalibrirani lanac 8mm x 50mt DIN766"},"content":{"rendered":"<p>Nehr\u0111aju\u0107i kalibrirani lanac 8mm x 50mt DIN766 &#8211; <\/p>\n<p style=\"color: rgb(34, 34, 34); font-family: Arial, Helvetica, sans-serif; font-size: small;\">DIN766 316L Nehr\u0111aju\u0107i \u010celik Kalibrirana Lanac za Vjetroturbine<\/p>\n<p style=\"color: rgb(34, 34, 34); font-family: Arial, Helvetica, sans-serif; font-size: small;\">Ova DIN 766 kalibrirana lanac, izra\u0111ena od A4-AISI 316 nehr\u0111aju\u0107eg \u010delika, dizajnirana je za izvanrednu izdr\u017eljivost i snagu, posebno za upotrebu s vjetroturbinama. Izvrsna je za operacije sidrenja i vrlo u\u010dinkovita za osiguranje bova, sidara i razne opreme u morskim okru\u017eenjima. Za razliku od konvencionalnih lanaca od \u017eeljeza i \u010delika, A4 nehr\u0111aju\u0107i lanci pru\u017eaju izvanrednu otpornost na koroziju, slanu vodu i kiseline, osiguravaju\u0107i dug \u017eivotni vijek \u010dak i u zahtjevnim morskim okru\u017eenjima. S svom svojom izvanrednom stabilno\u0161\u0107u i visokom otkaznom optere\u0107enju \u2013 \u010detiri puta ve\u0107i od radnog optere\u0107enja \u2013 ovaj prilagodljivi lanac prikladan je za \u0161irok raspon unutarnjih i vanjskih primjena. Dostupan je u razli\u010ditim promjerima, \u0161to ga \u010dini izvrsnom opcijom za razne pomorske potrebe i \u0161ire.<\/p>\n<p style=\"color: rgb(34, 34, 34); font-family: Arial, Helvetica, sans-serif; font-size: small;\"><strong>G4 Nehr\u0111aju\u0107i \u010celik Ankerski Lanac: Bitne \u010cinjenice, Zna\u010dajke i Prednosti<\/strong><\/p>\n<ul style=\"color: rgb(34, 34, 34); font-family: Arial, Helvetica, sans-serif; font-size: small;\">\n<li>Proizveden prema G4 specifikacijama<\/li>\n<li>Kalibriran kako bi zadovoljio DIN 766 standarde<\/li>\n<li>Polirana zavr\u0161na obrada za pobolj\u0161anu vizualnu privla\u010dnost<\/li>\n<li>Otvorena za koroziju kako bi se pobolj\u0161ala otpornost na koroziju<\/li>\n<li>Idealno za okru\u017eenja s visokim rizikom od korozije, poput slane vode<\/li>\n<li>Pru\u017eena testna optere\u0107enja na kraju proizvodnog procesa<\/li>\n<li>Testiran po serijama i certificiran kako bi se osigurala kvaliteta<\/li>\n<\/ul>\n","protected":false},"excerpt":{"rendered":"<p>Nehr\u0111aju\u0107i kalibrirani lanac 8mm x 50mt DIN766 &#8211; DIN766 316L Nehr\u0111aju\u0107i \u010celik Kalibrirana Lanac za Vjetroturbine Ova DIN 766 kalibrirana<\/p>\n","protected":false},"featured_media":5943932,"comment_status":"open","ping_status":"closed","template":"","meta":[],"product_brand":[3086],"product_cat":[1620,1692],"product_tag":[],"class_list":{"0":"post-743237","1":"product","2":"type-product","3":"status-publish","4":"has-post-thumbnail","6":"product_brand-maggigroup-hr","7":"product_cat-kalibrirani-lanac-od-nehrdajuceg-celika","8":"product_cat-lanac-od-nehrdajuci-celik","10":"first","11":"instock","12":"shipping-taxable","13":"purchasable","14":"product-type-simple"},"_links":{"self":[{"href":"https:\/\/stoic-curie.212-227-153-4.plesk.page\/hr\/wp-json\/wp\/v2\/product\/743237","targetHints":{"allow":["GET"]}}],"collection":[{"href":"https:\/\/stoic-curie.212-227-153-4.plesk.page\/hr\/wp-json\/wp\/v2\/product"}],"about":[{"href":"https:\/\/stoic-curie.212-227-153-4.plesk.page\/hr\/wp-json\/wp\/v2\/types\/product"}],"replies":[{"embeddable":true,"href":"https:\/\/stoic-curie.212-227-153-4.plesk.page\/hr\/wp-json\/wp\/v2\/comments?post=743237"}],"version-history":[{"count":0,"href":"https:\/\/stoic-curie.212-227-153-4.plesk.page\/hr\/wp-json\/wp\/v2\/product\/743237\/revisions"}],"wp:featuredmedia":[{"embeddable":true,"href":"https:\/\/stoic-curie.212-227-153-4.plesk.page\/hr\/wp-json\/wp\/v2\/media\/5943932"}],"wp:attachment":[{"href":"https:\/\/stoic-curie.212-227-153-4.plesk.page\/hr\/wp-json\/wp\/v2\/media?parent=743237"}],"wp:term":[{"taxonomy":"product_brand","embeddable":true,"href":"https:\/\/stoic-curie.212-227-153-4.plesk.page\/hr\/wp-json\/wp\/v2\/product_brand?post=743237"},{"taxonomy":"product_cat","embeddable":true,"href":"https:\/\/stoic-curie.212-227-153-4.plesk.page\/hr\/wp-json\/wp\/v2\/product_cat?post=743237"},{"taxonomy":"product_tag","embeddable":true,"href":"https:\/\/stoic-curie.212-227-153-4.plesk.page\/hr\/wp-json\/wp\/v2\/product_tag?post=743237"}],"curies":[{"name":"wp","href":"https:\/\/api.w.org\/{rel}","templated":true}]}}