{"id":743240,"date":"2025-03-03T18:28:18","date_gmt":"2025-03-03T17:28:18","guid":{"rendered":"https:\/\/stoic-curie.212-227-153-4.plesk.page\/producto\/nehrdajuci-kalibrirani-lanac-10mm-x-50mt-din-766\/"},"modified":"2026-02-25T00:01:07","modified_gmt":"2026-02-25T00:01:07","slug":"nehrdajuci-kalibrirani-lanac-10mm-x-50mt-din-766","status":"publish","type":"product","link":"https:\/\/stoic-curie.212-227-153-4.plesk.page\/hr\/product\/nehrdajuci-kalibrirani-lanac-10mm-x-50mt-din-766\/","title":{"rendered":"Nehr\u0111aju\u0107i kalibrirani lanac 10mm x 50mt DIN 766"},"content":{"rendered":"<p>Nehr\u0111aju\u0107i kalibrirani lanac 10mm x 50mt DIN 766 &#8211; <\/p>\n<p style=\"color: rgb(34, 34, 34); font-family: Arial, Helvetica, sans-serif; font-size: small;\">Predstavljamo DIN766 316L nehr\u0111aju\u0107i kalibrirani lanac, posebno dizajniran za vitla. Ovaj lanac se proizvodi pod kontroliranim uvjetima prema G40 razrednim standardima, s visokom vla\u010dnom snagom. Va\u017eno je napomenuti da je vla\u010dna snaga ovog lanca \u010detiri puta ve\u0107a od njegove radne snage. Izra\u0111en od A4-AISI 316 nehr\u0111aju\u0107eg \u010delika, ovaj lanac nudi iznimnu izdr\u017eljivost i snagu, \u0161to ga \u010dini idealnim za pomorsku upotrebu.<\/p>\n<p style=\"color: rgb(34, 34, 34); font-family: Arial, Helvetica, sans-serif; font-size: small;\">Bilo da upravljate sidrima ili osiguravate boje, ovaj lanac se odli\u010dno snalazi u raznim morskim okru\u017eenjima. Za razliku od konvencionalnih \u017eeljezni\u010dkih i \u010deli\u010dnih lanaca, ina\u010dica A4 od nehr\u0111aju\u0107eg \u010delika je izuzetno otporna na koroziju, slanu vodu i kiseline, osiguravaju\u0107i produ\u017een \u017eivotni vijek \u010dak i pod te\u0161kim uvjetima. Njegova iznimna stabilnost i visoka vla\u010dna snaga \u010dine ga svestranom opcijom za unutarnje i vanjske primjene. Lanac je dostupan u raznim promjerima i cijeni po metru, \u0161to ga \u010dini odli\u010dnom opcijom za ispunjavanje va\u0161ih pomorskih potreba i vi\u0161e.<\/p>\n<p style=\"color: rgb(34, 34, 34); font-family: Arial, Helvetica, sans-serif; font-size: small;\">Klju\u010dne specifikacije:<\/p>\n<ul style=\"color: rgb(34, 34, 34); font-family: Arial, Helvetica, sans-serif; font-size: small;\">\n<li>G4 = Razred 4<\/li>\n<li>AISI 316L\/1.4404 nehr\u0111aju\u0107i \u010delik<\/li>\n<li>Rje\u0161enje za pobolj\u0161anje otpornosti na koroziju<\/li>\n<li>Polirana povr\u0161ina<\/li>\n<li>Minimalna vla\u010dna snaga (MBL) = 6400 kg<\/li>\n<li>Proizvedeno prema DIN766 standardima<\/li>\n<\/ul>\n<p style=\"color: rgb(34, 34, 34); font-family: Arial, Helvetica, sans-serif; font-size: small;\">AISI 316L\/1.4404 nehr\u0111aju\u0107i kalibrirani lanac za sidro prolazi kroz kalibraciju, ispitivanje ispravnosti i pe\u010dat tijekom proizvodnje na automatskim strojevima za izradu lanaca, pridr\u017eavaju\u0107i se standarda razreda 4. Proces rje\u0161enja dalje pobolj\u0161ava otpornost na koroziju, a dodatkom se dobiva polirana povr\u0161ina.<\/p>\n<p style=\"color: rgb(34, 34, 34); font-family: Arial, Helvetica, sans-serif; font-size: small;\">Klju\u010dne zna\u010dajke i prednosti G4 nehr\u0111aju\u0107eg lanca za sidro:<\/p>\n<ul style=\"color: rgb(34, 34, 34); font-family: Arial, Helvetica, sans-serif; font-size: small;\">\n<li>Proizvedeno prema G4 standardima<\/li>\n<li>Kalibrirano prema DIN766 specifikacijama<\/li>\n<li>Polirana povr\u0161ina za pobolj\u0161anu estetiku i performanse<\/li>\n<li>10mm MBL: 6400kg<\/li>\n<li>Pobolj\u0161ana otpornost na koroziju procesom otapanja<\/li>\n<li>Idealno za ekstremne korozivne okoli\u0161e, poput slane vode<\/li>\n<li>Ispitano pod optere\u0107enjem na kraju proizvodnog procesa<\/li>\n<li>Testirano po serijama i certificirano za osiguranje kvalitete<\/li>\n<\/ul>\n<p style=\"color: rgb(34, 34, 34); font-family: Arial, Helvetica, sans-serif; font-size: small;\">Ovaj lanac je izvr\u0161na investicija za vlasnike brodova koji tra\u017ee pouzdanu i visokokvalitetnu opremu za svoje pomorske potrebe.<\/p>\n","protected":false},"excerpt":{"rendered":"<p>Nehr\u0111aju\u0107i kalibrirani lanac 10mm x 50mt DIN 766 &#8211; Predstavljamo DIN766 316L nehr\u0111aju\u0107i kalibrirani lanac, posebno dizajniran za vitla. Ovaj<\/p>\n","protected":false},"featured_media":5943932,"comment_status":"open","ping_status":"closed","template":"","meta":[],"product_brand":[3086],"product_cat":[1620],"product_tag":[],"class_list":{"0":"post-743240","1":"product","2":"type-product","3":"status-publish","4":"has-post-thumbnail","6":"product_brand-maggigroup-hr","7":"product_cat-kalibrirani-lanac-od-nehrdajuceg-celika","9":"first","10":"instock","11":"shipping-taxable","12":"purchasable","13":"product-type-simple"},"_links":{"self":[{"href":"https:\/\/stoic-curie.212-227-153-4.plesk.page\/hr\/wp-json\/wp\/v2\/product\/743240","targetHints":{"allow":["GET"]}}],"collection":[{"href":"https:\/\/stoic-curie.212-227-153-4.plesk.page\/hr\/wp-json\/wp\/v2\/product"}],"about":[{"href":"https:\/\/stoic-curie.212-227-153-4.plesk.page\/hr\/wp-json\/wp\/v2\/types\/product"}],"replies":[{"embeddable":true,"href":"https:\/\/stoic-curie.212-227-153-4.plesk.page\/hr\/wp-json\/wp\/v2\/comments?post=743240"}],"version-history":[{"count":0,"href":"https:\/\/stoic-curie.212-227-153-4.plesk.page\/hr\/wp-json\/wp\/v2\/product\/743240\/revisions"}],"wp:featuredmedia":[{"embeddable":true,"href":"https:\/\/stoic-curie.212-227-153-4.plesk.page\/hr\/wp-json\/wp\/v2\/media\/5943932"}],"wp:attachment":[{"href":"https:\/\/stoic-curie.212-227-153-4.plesk.page\/hr\/wp-json\/wp\/v2\/media?parent=743240"}],"wp:term":[{"taxonomy":"product_brand","embeddable":true,"href":"https:\/\/stoic-curie.212-227-153-4.plesk.page\/hr\/wp-json\/wp\/v2\/product_brand?post=743240"},{"taxonomy":"product_cat","embeddable":true,"href":"https:\/\/stoic-curie.212-227-153-4.plesk.page\/hr\/wp-json\/wp\/v2\/product_cat?post=743240"},{"taxonomy":"product_tag","embeddable":true,"href":"https:\/\/stoic-curie.212-227-153-4.plesk.page\/hr\/wp-json\/wp\/v2\/product_tag?post=743240"}],"curies":[{"name":"wp","href":"https:\/\/api.w.org\/{rel}","templated":true}]}}