{"id":743244,"date":"2025-03-03T18:28:20","date_gmt":"2025-03-03T17:28:20","guid":{"rendered":"https:\/\/stoic-curie.212-227-153-4.plesk.page\/producto\/pocincani-celicni-lanac-duga-karika-30-105mm-x-50mt\/"},"modified":"2026-02-25T00:01:07","modified_gmt":"2026-02-25T00:01:07","slug":"pocincani-celicni-lanac-duga-karika-30-105mm-x-50mt","status":"publish","type":"product","link":"https:\/\/stoic-curie.212-227-153-4.plesk.page\/hr\/product\/pocincani-celicni-lanac-duga-karika-30-105mm-x-50mt\/","title":{"rendered":"Pocin\u010dani \u010delicni lanac duga karika 30-105mm x 50mt"},"content":{"rendered":"<p>Pocin\u010dani \u010delicni lanac duga karika 30-105mm x 50mt &#8211; <\/p>\n<p>Europski verificirana visokokvalitetna duga veza od vru\u0107e pocin\u010danog \u010delika.\u00a0<strong style=\"color: rgb(34, 34, 34); font-family: Arial, Helvetica, sans-serif; font-size: small;\">30 mm vru\u0107e pocin\u010dana lanac\u00a0<\/strong><span style=\"color: rgb(34, 34, 34); font-family: Arial, Helvetica, sans-serif; font-size: small;\">Na\u0161 vru\u0107e pocin\u010dani lanac pa\u017eljivo je izra\u0111en od tradicionalnog \u010delika koji prolazi kroz temeljit proces pocin\u010davanja koji uklju\u010duje premaz od cinka. Ova za\u0161titna sloj posebno je dizajniran da sprije\u010di hr\u0111u i koroziju, osiguravaju\u0107i da lanac odr\u017eava svoju cjelovitost i performanse tijekom vremena. Izuzetna \u010dvrsto\u0107a ovog lanca, u kombinaciji s pobolj\u0161anom otporno\u0161\u0107u na koroziju, \u010dini ga idealnim izborom za raznolike pomorske i industrijske primjene. Bilo da vam je potrebna pouzdana rje\u0161enja za morska okru\u017eenja, kao \u0161to su osiguranje \u010damaca ili kao dio va\u0161eg sustava sidrenja, ili za te\u0161ke industrijske zadatke, ovaj lanac je dizajniran da stalno i pouzdano radi u raznim izazovnim uvjetima.<\/span><\/p>\n<p style=\"color: rgb(34, 34, 34); font-family: Arial, Helvetica, sans-serif; font-size: small;\">Proces pocin\u010davanja jam\u010di robusni cinkov premaz koji zna\u010dajno pobolj\u0161ava ukupnu izdr\u017eljivost i dugovje\u010dnost lanca. Razumijemo da razli\u010diti projekti imaju jedinstvene zahtjeve, zato ovu lanac nudimo u razli\u010ditim veli\u010dinama i duljinama kako bismo zadovoljili va\u0161e specifi\u010dne potrebe.<\/p>\n<p style=\"color: rgb(34, 34, 34); font-family: Arial, Helvetica, sans-serif; font-size: small;\"><strong>Klju\u010dne zna\u010dajke:<\/strong><\/p>\n<ul style=\"color: rgb(34, 34, 34); font-family: Arial, Helvetica, sans-serif; font-size: small;\">\n<li>Visokokvalitetna kalibrirana lanac proizvedena u Europi, osiguravaju\u0107i pridr\u017eavanje strogih standarda kvalitete.<\/li>\n<li>Vru\u0107e pocin\u010dano za superiornu za\u0161titu od elemenata, \u010dine\u0107i ga prikladnim za slatkovodna i slana okru\u017eenja.<\/li>\n<li>Idealan za kori\u0161tenje kao bura ili sidrena lanac, pru\u017eaju\u0107i snagu i pouzdanost koju trebate za sigurno plovidbu.<\/li>\n<\/ul>\n<p style=\"color: rgb(34, 34, 34); font-family: Arial, Helvetica, sans-serif; font-size: small;\">Odabirom na\u0161eg pocin\u010danog lanca ula\u017eete u pouzdanu izvedbu i mir uma za sve svoje plovne i industrijske potrebe. Posve\u0107eni smo tome da vam pru\u017eimo visokokvalitetne proizvode koji zadovoljavaju va\u0161a o\u010dekivanja i pobolj\u0161avaju va\u0161e iskustvo na vodi ili na radu. Vjerujte na\u0161em znanju i predanosti kvaliteti za va\u0161 sljede\u0107i projekt.<\/p>\n","protected":false},"excerpt":{"rendered":"<p>Pocin\u010dani \u010delicni lanac duga karika 30-105mm x 50mt &#8211; Europski verificirana visokokvalitetna duga veza od vru\u0107e pocin\u010danog \u010delika.\u00a030 mm vru\u0107e<\/p>\n","protected":false},"featured_media":5945037,"comment_status":"open","ping_status":"closed","template":"","meta":[],"product_brand":[3086],"product_cat":[1685],"product_tag":[],"class_list":{"0":"post-743244","1":"product","2":"type-product","3":"status-publish","4":"has-post-thumbnail","6":"product_brand-maggigroup-hr","7":"product_cat-pocincani-lanac","9":"first","10":"instock","11":"shipping-taxable","12":"purchasable","13":"product-type-simple"},"_links":{"self":[{"href":"https:\/\/stoic-curie.212-227-153-4.plesk.page\/hr\/wp-json\/wp\/v2\/product\/743244","targetHints":{"allow":["GET"]}}],"collection":[{"href":"https:\/\/stoic-curie.212-227-153-4.plesk.page\/hr\/wp-json\/wp\/v2\/product"}],"about":[{"href":"https:\/\/stoic-curie.212-227-153-4.plesk.page\/hr\/wp-json\/wp\/v2\/types\/product"}],"replies":[{"embeddable":true,"href":"https:\/\/stoic-curie.212-227-153-4.plesk.page\/hr\/wp-json\/wp\/v2\/comments?post=743244"}],"version-history":[{"count":0,"href":"https:\/\/stoic-curie.212-227-153-4.plesk.page\/hr\/wp-json\/wp\/v2\/product\/743244\/revisions"}],"wp:featuredmedia":[{"embeddable":true,"href":"https:\/\/stoic-curie.212-227-153-4.plesk.page\/hr\/wp-json\/wp\/v2\/media\/5945037"}],"wp:attachment":[{"href":"https:\/\/stoic-curie.212-227-153-4.plesk.page\/hr\/wp-json\/wp\/v2\/media?parent=743244"}],"wp:term":[{"taxonomy":"product_brand","embeddable":true,"href":"https:\/\/stoic-curie.212-227-153-4.plesk.page\/hr\/wp-json\/wp\/v2\/product_brand?post=743244"},{"taxonomy":"product_cat","embeddable":true,"href":"https:\/\/stoic-curie.212-227-153-4.plesk.page\/hr\/wp-json\/wp\/v2\/product_cat?post=743244"},{"taxonomy":"product_tag","embeddable":true,"href":"https:\/\/stoic-curie.212-227-153-4.plesk.page\/hr\/wp-json\/wp\/v2\/product_tag?post=743244"}],"curies":[{"name":"wp","href":"https:\/\/api.w.org\/{rel}","templated":true}]}}